{"id":824,"date":"2016-01-26T14:21:18","date_gmt":"2016-01-26T13:21:18","guid":{"rendered":"http:\/\/www.sigmund-schuckert-gymnasium.de\/wordpress\/?page_id=824"},"modified":"2023-01-05T09:55:59","modified_gmt":"2023-01-05T08:55:59","slug":"betriebspraktikum","status":"publish","type":"page","link":"https:\/\/www.sigmund-schuckert-gymnasium.de\/wordpress\/betriebspraktikum\/","title":{"rendered":"Betriebspraktikum"},"content":{"rendered":"<p><strong>Betriebspraktikum<\/strong><\/p>\n<p>Die F\u00f6rderung der beruflichen Orientierung ist Teil des Bildungsauftrags des bayerischen Gymnasiums.<\/p>\n<p>F\u00fcr die Sch\u00fclerinnen und Sch\u00fcler der 9. Jahrgangsstufe wird ein verpflichtendes einw\u00f6chiges Betriebspraktikum w\u00e4hrend einer von der Schule festgelegten Woche innerhalb der Schulzeit durchgef\u00fchrt. Solch ein Praktikum erm\u00f6glicht den Sch\u00fclerinnen und Sch\u00fclen u.a.:<\/p>\n<ul>\n<li>einen Einblick in die Arbeitswelt<\/li>\n<li>eine Erleichterung bei der beruflichen Orientierung<\/li>\n<\/ul>\n<p>Weiterhin sollen mit diesem Projekt die Selbst\u00e4ndigkeit und Eigeninitiative der Sch\u00fclerinnen und Sch\u00fcler gef\u00f6rdert werden. Dies beginnt bereits mit der Wahl des Praktikumsplatzes. Dabei sollte jeder Teilnehmer seine Neigungen, Interessen und F\u00e4higkeiten ber\u00fccksichtigen und sich Gedanken dar\u00fcber machen, welcher Wirtschaftszweig f\u00fcr ihn in Frage k\u00e4me. Zur Anregung hier eine Auswahl in Betracht kommender Praktikumspl\u00e4tze: Apotheke, Bayerischer Rundfunk, Institut f\u00fcr Fremdsprachen, Steuerberatungsb\u00fcro, Arztpraxis, Kindergarten, Schreinerei, Gemeinde, Landesamt f\u00fcr Gesundheit, Einzelhandel, Werbeagentur\u2026<\/p>\n<p>Bis Ende Januar sollte der Praktikumsplatz vereinbart sein und dem Lehrer f\u00fcr MBO (Modul berufliche Orientierung) eine Best\u00e4tigung des Praktikumsbetriebes vorliegen. Um die Suche zu erleichtern, geben wir Ihrem Kind ein Begleitschreiben der Schule zur Vorlage beim Betrieb mit. Bitte haben Sie Verst\u00e4ndnis daf\u00fcr, dass die Schule nur im Ausnahmefall \u2013 z.B. mehrmalige Ablehnung bei Betrieben \u2013 bei der Suche nach einem Praktikumsplatz behilflich sein kann. Gef\u00fchrt von Ihnen und vorbereitet im Unterricht sollen Ihre Kinder in der Vorbereitungsphase bereits eigenst\u00e4ndig n\u00fctzliche Erfahrungen sammeln.<\/p>\n<p>W\u00e4hrend des Praktikums haben die Sch\u00fcler\/innen die M\u00f6glichkeit den Tagesablauf in einem Betrieb zu begleiten und sollen \u2013 soweit m\u00f6glich \u2013 in den Arbeitsprozess einbezogen werden. Durch einen Praktikumsbericht und eine Nachbesprechung in der Schule werden die gewonnenen Erfahrungen, Einblicke und Eindr\u00fccke vertieft und festgehalten. Die Teilnahme an einem Praktikum wird ferner von der Schule durch eine Zeugnisbemerkung best\u00e4tigt.<\/p>\n<p>Eine Versicherung f\u00fcr das Praktikum schlie\u00dft die Schule ab. Alle 9.-Kl\u00e4sser werden automatisch versichert. Alle Sch\u00fcler der h\u00f6heren Klassen haben die M\u00f6glichkeit, sich dieser Versicherung anzuschlie\u00dfen. Diese Versicherung deckt zwei Wochen Praktikum innerhalb eines Jahres ab. Der genaue Zeitraum wird rechtzeitig bekannt gegeben. Jeder Sch\u00fcler der 9. Klasse hat also die M\u00f6glichkeit, zus\u00e4tzlich zu seinem verpflichtenden Praktikum anschlie\u00dfend noch eine weitere Woche Praktikum in den Ferien zu absolvieren. Die Sch\u00fcler der h\u00f6heren Klassen m\u00fcssen ihr freiwilliges Praktikum immer in den Ferien absolvieren.<\/p>\n","protected":false},"excerpt":{"rendered":"<p>Betriebspraktikum Die F\u00f6rderung der beruflichen Orientierung ist Teil des Bildungsauftrags des bayerischen Gymnasiums. F\u00fcr die<\/p>\n","protected":false},"author":1,"featured_media":0,"parent":0,"menu_order":0,"comment_status":"closed","ping_status":"closed","template":"","meta":{"cybocfi_hide_featured_image":"","footnotes":""},"class_list":["post-824","page","type-page","status-publish","hentry"],"_links":{"self":[{"href":"https:\/\/www.sigmund-schuckert-gymnasium.de\/wordpress\/wp-json\/wp\/v2\/pages\/824","targetHints":{"allow":["GET"]}}],"collection":[{"href":"https:\/\/www.sigmund-schuckert-gymnasium.de\/wordpress\/wp-json\/wp\/v2\/pages"}],"about":[{"href":"https:\/\/www.sigmund-schuckert-gymnasium.de\/wordpress\/wp-json\/wp\/v2\/types\/page"}],"author":[{"embeddable":true,"href":"https:\/\/www.sigmund-schuckert-gymnasium.de\/wordpress\/wp-json\/wp\/v2\/users\/1"}],"replies":[{"embeddable":true,"href":"https:\/\/www.sigmund-schuckert-gymnasium.de\/wordpress\/wp-json\/wp\/v2\/comments?post=824"}],"version-history":[{"count":6,"href":"https:\/\/www.sigmund-schuckert-gymnasium.de\/wordpress\/wp-json\/wp\/v2\/pages\/824\/revisions"}],"predecessor-version":[{"id":6328,"href":"https:\/\/www.sigmund-schuckert-gymnasium.de\/wordpress\/wp-json\/wp\/v2\/pages\/824\/revisions\/6328"}],"wp:attachment":[{"href":"https:\/\/www.sigmund-schuckert-gymnasium.de\/wordpress\/wp-json\/wp\/v2\/media?parent=824"}],"curies":[{"name":"wp","href":"https:\/\/api.w.org\/{rel}","templated":true}]}}