{"id":6879,"date":"2024-02-04T20:39:38","date_gmt":"2024-02-04T19:39:38","guid":{"rendered":"https:\/\/www.sigmund-schuckert-gymnasium.de\/wordpress\/?page_id=6879"},"modified":"2024-02-04T20:39:38","modified_gmt":"2024-02-04T19:39:38","slug":"chorklasse","status":"publish","type":"page","link":"https:\/\/www.sigmund-schuckert-gymnasium.de\/wordpress\/chorklasse\/","title":{"rendered":"Chorklasse"},"content":{"rendered":"<p><span style=\"font-size: 20pt;\"><strong>Chorklasse am Sigmund Schuckert Gymnasium:<\/strong><\/span><\/p>\n<p>\u201e<img loading=\"lazy\" decoding=\"async\" class=\"alignright size-full wp-image-6880\" src=\"https:\/\/www.sigmund-schuckert-gymnasium.de\/wordpress\/wp-content\/uploads\/2024\/02\/Chorklassen-mit-Frau-Wirkner-Gramss-scaled.jpg\" alt=\"\" width=\"2048\" height=\"1152\" srcset=\"https:\/\/www.sigmund-schuckert-gymnasium.de\/wordpress\/wp-content\/uploads\/2024\/02\/Chorklassen-mit-Frau-Wirkner-Gramss-scaled.jpg 2048w, https:\/\/www.sigmund-schuckert-gymnasium.de\/wordpress\/wp-content\/uploads\/2024\/02\/Chorklassen-mit-Frau-Wirkner-Gramss-300x169.jpg 300w, https:\/\/www.sigmund-schuckert-gymnasium.de\/wordpress\/wp-content\/uploads\/2024\/02\/Chorklassen-mit-Frau-Wirkner-Gramss-1024x576.jpg 1024w, https:\/\/www.sigmund-schuckert-gymnasium.de\/wordpress\/wp-content\/uploads\/2024\/02\/Chorklassen-mit-Frau-Wirkner-Gramss-768x432.jpg 768w, https:\/\/www.sigmund-schuckert-gymnasium.de\/wordpress\/wp-content\/uploads\/2024\/02\/Chorklassen-mit-Frau-Wirkner-Gramss-1536x864.jpg 1536w\" sizes=\"auto, (max-width: 2048px) 100vw, 2048px\" \/>Singen ist die eigentliche Muttersprache des Menschen\u201c<\/p>\n<p>&nbsp;<\/p>\n<p>Im Rahmen des regul\u00e4ren Musikunterrichts im Fach Musik lernen alle Sch\u00fcler*innen in der Gemeinschaft der Gruppe den richtigen Umgang mit der eigenen Stimme. Dabei steht die Stimmbildung im Vordergrund, die verschiedenen Lehrinhalte werden singend erarbeitet.<\/p>\n<p>&nbsp;<\/p>\n<p>Die Chorklasse l\u00e4uft verbindlich \u00fcber <strong>2 Schuljahre, <\/strong>das hei\u00dft in der <strong>5.und 6.Klasse<\/strong> und ist kostenlos!<\/p>\n<p>Zus\u00e4tzlich zum regul\u00e4ren Musikunterricht besuchen die Chorklassensch\u00fcler*innen den Unterstufenchor.<\/p>\n<p>Die Anmeldung daf\u00fcr erfolgt bei der Schuleinschreibung.<\/p>\n<p>Weitere Informationen erhalten Sie \u00fcber Frau Wirkner-Gram\u00df( Leiterin der Chorklasse)<\/p>\n<p><a href=\"mailto:c.wirkner-gramss@sigmund-schuckert-gymnasium.de\">c.wirkner-gramss@sigmund-schuckert-gymnasium.de<\/a><\/p>\n<p>&nbsp;<\/p>\n<p>&nbsp;<\/p>\n<p><strong>Geeignet f\u00fcr die Chorklasse ist jedes Kind<\/strong>, das Motivation und eine Bereitschaft f\u00fcr das Singen mitbringt. Besondere musikalische Vorkenntnisse sind nicht n\u00f6tig.<\/p>\n","protected":false},"excerpt":{"rendered":"<p>Chorklasse am Sigmund Schuckert Gymnasium: \u201eSingen ist die eigentliche Muttersprache des Menschen\u201c &nbsp; Im Rahmen<\/p>\n","protected":false},"author":1,"featured_media":0,"parent":0,"menu_order":0,"comment_status":"closed","ping_status":"closed","template":"","meta":{"cybocfi_hide_featured_image":"","footnotes":""},"class_list":["post-6879","page","type-page","status-publish","hentry"],"_links":{"self":[{"href":"https:\/\/www.sigmund-schuckert-gymnasium.de\/wordpress\/wp-json\/wp\/v2\/pages\/6879","targetHints":{"allow":["GET"]}}],"collection":[{"href":"https:\/\/www.sigmund-schuckert-gymnasium.de\/wordpress\/wp-json\/wp\/v2\/pages"}],"about":[{"href":"https:\/\/www.sigmund-schuckert-gymnasium.de\/wordpress\/wp-json\/wp\/v2\/types\/page"}],"author":[{"embeddable":true,"href":"https:\/\/www.sigmund-schuckert-gymnasium.de\/wordpress\/wp-json\/wp\/v2\/users\/1"}],"replies":[{"embeddable":true,"href":"https:\/\/www.sigmund-schuckert-gymnasium.de\/wordpress\/wp-json\/wp\/v2\/comments?post=6879"}],"version-history":[{"count":1,"href":"https:\/\/www.sigmund-schuckert-gymnasium.de\/wordpress\/wp-json\/wp\/v2\/pages\/6879\/revisions"}],"predecessor-version":[{"id":6881,"href":"https:\/\/www.sigmund-schuckert-gymnasium.de\/wordpress\/wp-json\/wp\/v2\/pages\/6879\/revisions\/6881"}],"wp:attachment":[{"href":"https:\/\/www.sigmund-schuckert-gymnasium.de\/wordpress\/wp-json\/wp\/v2\/media?parent=6879"}],"curies":[{"name":"wp","href":"https:\/\/api.w.org\/{rel}","templated":true}]}}