{"id":6514,"date":"2023-05-16T14:59:29","date_gmt":"2023-05-16T12:59:29","guid":{"rendered":"https:\/\/www.sigmund-schuckert-gymnasium.de\/wordpress\/?page_id=6514"},"modified":"2023-05-16T15:02:25","modified_gmt":"2023-05-16T13:02:25","slug":"religion","status":"publish","type":"page","link":"https:\/\/www.sigmund-schuckert-gymnasium.de\/wordpress\/unterricht\/faecher\/religion\/","title":{"rendered":"Religion"},"content":{"rendered":"<p><strong>Religion &#8211; Nebensache? <\/strong><\/p>\n<p><strong>Nein, das finden wir nicht!<\/strong><\/p>\n<p>Nun, Religion mag nicht zu den Hauptf\u00e4chern z\u00e4hlen, aber sie kann f\u00fcr einen Menschen zu einer der Hauptsachen werden.<\/p>\n<p>Wie ist das gemeint?<\/p>\n<p>Es gibt diese Lebensfragen:<br \/>\nWer bin ich \u00fcberhaupt?<br \/>\nBin ich gut genug?<a href=\"https:\/\/www.sigmund-schuckert-gymnasium.de\/wordpress\/wp-content\/uploads\/2023\/05\/Kirchenfenster_Saeule-scaled.jpg\"><img loading=\"lazy\" decoding=\"async\" class=\"alignright wp-image-6513\" src=\"https:\/\/www.sigmund-schuckert-gymnasium.de\/wordpress\/wp-content\/uploads\/2023\/05\/Kirchenfenster_Saeule-441x1024.jpg\" alt=\"\" width=\"376\" height=\"873\" srcset=\"https:\/\/www.sigmund-schuckert-gymnasium.de\/wordpress\/wp-content\/uploads\/2023\/05\/Kirchenfenster_Saeule-441x1024.jpg 441w, https:\/\/www.sigmund-schuckert-gymnasium.de\/wordpress\/wp-content\/uploads\/2023\/05\/Kirchenfenster_Saeule-129x300.jpg 129w, https:\/\/www.sigmund-schuckert-gymnasium.de\/wordpress\/wp-content\/uploads\/2023\/05\/Kirchenfenster_Saeule-768x1784.jpg 768w, https:\/\/www.sigmund-schuckert-gymnasium.de\/wordpress\/wp-content\/uploads\/2023\/05\/Kirchenfenster_Saeule-661x1536.jpg 661w, https:\/\/www.sigmund-schuckert-gymnasium.de\/wordpress\/wp-content\/uploads\/2023\/05\/Kirchenfenster_Saeule-scaled.jpg 882w\" sizes=\"auto, (max-width: 376px) 100vw, 376px\" \/><\/a><br \/>\nWie will ich anderen Menschen begegnen?<br \/>\nWer steht mir in schwierigen Zeiten bei?<br \/>\nWas will ich im Leben erreichen?<\/p>\n<p>Solche und \u00e4hnliche Fragen besch\u00e4ftigen junge Menschen immer wieder, oft sehr intensiv. Fragen, die von einer ganz anderen Qualit\u00e4t sind, als das Verst\u00e4ndnis einer Fremdsprache, der binomischen Formeln oder naturwissenschaftlicher Sachverhalte.<\/p>\n<p>Sich der eigenen Religion sicherer werden, sich als geliebtes Kind Gottes sehen k\u00f6nnen, Selbstvertrauen und eine hoffnungsvolle Sicht auf das Leben und die Welt haben: Das sind Themen, die im Religionsunterricht einen wichtigen Platz haben und an diesem Platz tats\u00e4chlich Hauptsachen sind, f\u00fcr die wir gemeinsam nach Antworten suchen.<\/p>\n<p>Wir m\u00f6chten den Sch\u00fclerinnen und Sch\u00fclern stabile Grundlagen in ihrem pers\u00f6nlichen Glauben vermitteln. Dazu geh\u00f6rt auch die Begegnung mit der guten Botschaft der Bibel und mit Menschen in der Gegenwart und Vergangenheit, die Vorbilder im Glauben sein k\u00f6nnen.<\/p>\n<p>Inhalte der Bibel, der Theologie und der christlichen Symbole zu kennen macht Jugendliche sprachf\u00e4hig und ausdrucksf\u00e4hig. Wichtig wird es f\u00fcr sie, wenn sie in unserer vielgestaltigen Welt \u00fcber ihren eigenen Glauben und \u00dcberzeugungen reden m\u00f6chten oder reden sollen. Dazu m\u00f6chten wir die Kinder und Jugendlichen best\u00e4rken und unterst\u00fctzen \u2013 nat\u00fcrlich auch \u00fcber die Begegnungen mit den anderen gro\u00dfen Weltreligionen.<\/p>\n<p><em><span style=\"font-size: 12pt;\">Ihre Fachschaft evangelische und katholische Religionslehre am Sigmund-Schuckert-Gymnasium<\/span><\/em><\/p>\n","protected":false},"excerpt":{"rendered":"<p>Religion &#8211; Nebensache? Nein, das finden wir nicht! Nun, Religion mag nicht zu den Hauptf\u00e4chern<\/p>\n","protected":false},"author":37,"featured_media":0,"parent":148,"menu_order":0,"comment_status":"closed","ping_status":"closed","template":"","meta":{"cybocfi_hide_featured_image":"","footnotes":""},"class_list":["post-6514","page","type-page","status-publish","hentry"],"_links":{"self":[{"href":"https:\/\/www.sigmund-schuckert-gymnasium.de\/wordpress\/wp-json\/wp\/v2\/pages\/6514","targetHints":{"allow":["GET"]}}],"collection":[{"href":"https:\/\/www.sigmund-schuckert-gymnasium.de\/wordpress\/wp-json\/wp\/v2\/pages"}],"about":[{"href":"https:\/\/www.sigmund-schuckert-gymnasium.de\/wordpress\/wp-json\/wp\/v2\/types\/page"}],"author":[{"embeddable":true,"href":"https:\/\/www.sigmund-schuckert-gymnasium.de\/wordpress\/wp-json\/wp\/v2\/users\/37"}],"replies":[{"embeddable":true,"href":"https:\/\/www.sigmund-schuckert-gymnasium.de\/wordpress\/wp-json\/wp\/v2\/comments?post=6514"}],"version-history":[{"count":3,"href":"https:\/\/www.sigmund-schuckert-gymnasium.de\/wordpress\/wp-json\/wp\/v2\/pages\/6514\/revisions"}],"predecessor-version":[{"id":6536,"href":"https:\/\/www.sigmund-schuckert-gymnasium.de\/wordpress\/wp-json\/wp\/v2\/pages\/6514\/revisions\/6536"}],"up":[{"embeddable":true,"href":"https:\/\/www.sigmund-schuckert-gymnasium.de\/wordpress\/wp-json\/wp\/v2\/pages\/148"}],"wp:attachment":[{"href":"https:\/\/www.sigmund-schuckert-gymnasium.de\/wordpress\/wp-json\/wp\/v2\/media?parent=6514"}],"curies":[{"name":"wp","href":"https:\/\/api.w.org\/{rel}","templated":true}]}}