{"id":6200,"date":"2022-12-07T13:33:05","date_gmt":"2022-12-07T12:33:05","guid":{"rendered":"https:\/\/www.sigmund-schuckert-gymnasium.de\/wordpress\/?page_id=6200"},"modified":"2022-12-07T13:43:39","modified_gmt":"2022-12-07T12:43:39","slug":"blaesshuhn","status":"publish","type":"page","link":"https:\/\/www.sigmund-schuckert-gymnasium.de\/wordpress\/biologie\/p-seminar-wasserleben-am-woehrder-see\/blaesshuhn\/","title":{"rendered":"Bl\u00e4sshuhn\u00a0(Fulica atra)"},"content":{"rendered":"<p style=\"text-align: justify;\">Ein weiterer Wasservogel, einer von vielen! Vorsicht am Ufer, dort k\u00f6nnte jederzeit ein neues Nest gebaut worden sein!<\/p>\n<p style=\"text-align: justify;\">Schonmal die Nester gesehen? Einfach mal in Ufern\u00e4he oder sogar mal auf dem Wasser, ja richtig, auf dem Wasser schauen. Dieser Vogel, mit den leuchtend wei\u00dfen Stirnschild, das sich stark vom schwarzen Gefieder unterscheidet, wird alles, was er finden kann, essen, also bitte nicht f\u00fcttern! Wir wollen eine \u201eInvasion\u201c \u00e4hnlich wie bei der Kanadagans schlie\u00dflich verhindern, zudem gibt der W\u00f6hrder See den Tieren mehr als ausreichend Nahrung, also keine Sorge. Selbst der Winter sch\u00fcchtert diesen ganzj\u00e4hrigen Bewohner nicht ein. Der W\u00f6hrder See bleibt aufgrund seiner Str\u00f6mung eisfrei und bietet f\u00fcr viele Vogelarten einen guten Ort der Erholung, sei es eine Pause auf dem Weg in den S\u00fcden oder auch f\u00fcr die \u00dcberwinterung.<\/p>\n<p><a href=\"https:\/\/www.nordbayern.de\/region\/nuernberg\/echt-tierisch-diese-wasservogel-tummeln-sich-am-wohrder-see-1.11106278\">https:\/\/www.nordbayern.de\/region\/nuernberg\/echt-tierisch-diese-wasservogel-tummeln-sich-am-wohrder-see-1.11106278<\/a><\/p>\n<p><a href=\"https:\/\/de.wikipedia.org\/wiki\/Bl\u00e4sshuhn\">https:\/\/de.wikipedia.org\/wiki\/Bl\u00e4sshuhn<\/a><\/p>\n<p><a href=\"https:\/\/www.wasserweltwoehrdersee.bayern.de\/download\/doc\/2019_boschuere_ows_0419.pdf\">https:\/\/www.wasserweltwoehrdersee.bayern.de\/download\/doc\/2019_boschuere_ows_0419.pdf<\/a><\/p>\n<p style=\"text-align: center;\"><span style=\"text-decoration: underline;\"><strong><a href=\"https:\/\/www.sigmund-schuckert-gymnasium.de\/wordpress\/biologie\/p-seminar-wasserleben-am-woehrder-see\/\">ZUR\u00dcCK ZUR HAUPTSEITE<\/a><\/strong><\/span><\/p>\n<p>&nbsp;<\/p>\n<p>&nbsp;<\/p>\n","protected":false},"excerpt":{"rendered":"<p>Ein weiterer Wasservogel, einer von vielen! Vorsicht am Ufer, dort k\u00f6nnte jederzeit ein neues Nest<\/p>\n","protected":false},"author":25,"featured_media":6201,"parent":5984,"menu_order":0,"comment_status":"closed","ping_status":"closed","template":"","meta":{"cybocfi_hide_featured_image":"","footnotes":""},"class_list":["post-6200","page","type-page","status-publish","has-post-thumbnail","hentry"],"_links":{"self":[{"href":"https:\/\/www.sigmund-schuckert-gymnasium.de\/wordpress\/wp-json\/wp\/v2\/pages\/6200","targetHints":{"allow":["GET"]}}],"collection":[{"href":"https:\/\/www.sigmund-schuckert-gymnasium.de\/wordpress\/wp-json\/wp\/v2\/pages"}],"about":[{"href":"https:\/\/www.sigmund-schuckert-gymnasium.de\/wordpress\/wp-json\/wp\/v2\/types\/page"}],"author":[{"embeddable":true,"href":"https:\/\/www.sigmund-schuckert-gymnasium.de\/wordpress\/wp-json\/wp\/v2\/users\/25"}],"replies":[{"embeddable":true,"href":"https:\/\/www.sigmund-schuckert-gymnasium.de\/wordpress\/wp-json\/wp\/v2\/comments?post=6200"}],"version-history":[{"count":4,"href":"https:\/\/www.sigmund-schuckert-gymnasium.de\/wordpress\/wp-json\/wp\/v2\/pages\/6200\/revisions"}],"predecessor-version":[{"id":6267,"href":"https:\/\/www.sigmund-schuckert-gymnasium.de\/wordpress\/wp-json\/wp\/v2\/pages\/6200\/revisions\/6267"}],"up":[{"embeddable":true,"href":"https:\/\/www.sigmund-schuckert-gymnasium.de\/wordpress\/wp-json\/wp\/v2\/pages\/5984"}],"wp:featuredmedia":[{"embeddable":true,"href":"https:\/\/www.sigmund-schuckert-gymnasium.de\/wordpress\/wp-json\/wp\/v2\/media\/6201"}],"wp:attachment":[{"href":"https:\/\/www.sigmund-schuckert-gymnasium.de\/wordpress\/wp-json\/wp\/v2\/media?parent=6200"}],"curies":[{"name":"wp","href":"https:\/\/api.w.org\/{rel}","templated":true}]}}