{"id":6192,"date":"2022-12-07T13:34:37","date_gmt":"2022-12-07T12:34:37","guid":{"rendered":"https:\/\/www.sigmund-schuckert-gymnasium.de\/wordpress\/?page_id=6192"},"modified":"2022-12-07T13:45:19","modified_gmt":"2022-12-07T12:45:19","slug":"aesche","status":"publish","type":"page","link":"https:\/\/www.sigmund-schuckert-gymnasium.de\/wordpress\/biologie\/p-seminar-wasserleben-am-woehrder-see\/aesche\/","title":{"rendered":"\u00c4sche\u00a0(Thymallus thymallus)"},"content":{"rendered":"<p><img loading=\"lazy\" decoding=\"async\" class=\"wp-image-6193 aligncenter\" src=\"https:\/\/www.sigmund-schuckert-gymnasium.de\/wordpress\/wp-content\/uploads\/2022\/11\/Aesche-300x163.jpg\" alt=\"\" width=\"471\" height=\"256\" srcset=\"https:\/\/www.sigmund-schuckert-gymnasium.de\/wordpress\/wp-content\/uploads\/2022\/11\/Aesche-300x163.jpg 300w, https:\/\/www.sigmund-schuckert-gymnasium.de\/wordpress\/wp-content\/uploads\/2022\/11\/Aesche.jpg 500w\" sizes=\"auto, (max-width: 471px) 100vw, 471px\" \/><\/p>\n<p style=\"text-align: justify;\">Schonmal eine \u00c4sche gesehen? Achte mal auf die R\u00fcckenflosse! Ein sch\u00f6ner Anblick unter den Fischarten.<\/p>\n<p style=\"text-align: justify;\">Die auffallende Flossentr\u00e4gerin geh\u00f6rt zur Familie der Lachsfische und ist nur eine von vielen Besucher des W\u00f6hrder Sees. \u00dcber den Fischweg der Pegnitz hat sie uns erreicht, wo sie auch zur Laichzeit wieder zur\u00fcckkehrt. Nach gezielten physikalischen Versuchen durch die Hochschule N\u00fcrnberg Georg Simon Ohm ist dies \u00fcberhaupt erst m\u00f6glich, da man hier die Durchflussraten des Fischwegs analysieren und entsprechend ausbauen konnte, sowohl f\u00fcr Niedrig- als auch Hochwasser. Dies gilt f\u00fcr Fische zahlreicher Gr\u00f6\u00dfen, was nicht immer eine Garantie war: F\u00fcr viele Fische war es nicht m\u00f6glich, geeignete Laichpl\u00e4tze zu erreichen, und die Population haben sich entsprechend verkleinert, was, zumindest hier, nicht mehr ein Problem darstellt.<br \/>\n<a href=\"https:\/\/www.wasserweltwoehrdersee.bayern.de\/download\/doc\/2019_boschuere_ows_0419.pdf\">Weitere Informationen<\/a><\/p>\n<p style=\"text-align: center;\"><span style=\"text-decoration: underline;\"><strong><a href=\"https:\/\/www.sigmund-schuckert-gymnasium.de\/wordpress\/biologie\/p-seminar-wasserleben-am-woehrder-see\/\">ZUR\u00dcCK ZUR HAUPTSEITE<\/a><\/strong><\/span><\/p>\n","protected":false},"excerpt":{"rendered":"<p>Schonmal eine \u00c4sche gesehen? Achte mal auf die R\u00fcckenflosse! Ein sch\u00f6ner Anblick unter den Fischarten.<\/p>\n","protected":false},"author":25,"featured_media":0,"parent":5984,"menu_order":0,"comment_status":"closed","ping_status":"closed","template":"","meta":{"cybocfi_hide_featured_image":"","footnotes":""},"class_list":["post-6192","page","type-page","status-publish","hentry"],"_links":{"self":[{"href":"https:\/\/www.sigmund-schuckert-gymnasium.de\/wordpress\/wp-json\/wp\/v2\/pages\/6192","targetHints":{"allow":["GET"]}}],"collection":[{"href":"https:\/\/www.sigmund-schuckert-gymnasium.de\/wordpress\/wp-json\/wp\/v2\/pages"}],"about":[{"href":"https:\/\/www.sigmund-schuckert-gymnasium.de\/wordpress\/wp-json\/wp\/v2\/types\/page"}],"author":[{"embeddable":true,"href":"https:\/\/www.sigmund-schuckert-gymnasium.de\/wordpress\/wp-json\/wp\/v2\/users\/25"}],"replies":[{"embeddable":true,"href":"https:\/\/www.sigmund-schuckert-gymnasium.de\/wordpress\/wp-json\/wp\/v2\/comments?post=6192"}],"version-history":[{"count":6,"href":"https:\/\/www.sigmund-schuckert-gymnasium.de\/wordpress\/wp-json\/wp\/v2\/pages\/6192\/revisions"}],"predecessor-version":[{"id":6272,"href":"https:\/\/www.sigmund-schuckert-gymnasium.de\/wordpress\/wp-json\/wp\/v2\/pages\/6192\/revisions\/6272"}],"up":[{"embeddable":true,"href":"https:\/\/www.sigmund-schuckert-gymnasium.de\/wordpress\/wp-json\/wp\/v2\/pages\/5984"}],"wp:attachment":[{"href":"https:\/\/www.sigmund-schuckert-gymnasium.de\/wordpress\/wp-json\/wp\/v2\/media?parent=6192"}],"curies":[{"name":"wp","href":"https:\/\/api.w.org\/{rel}","templated":true}]}}