{"id":6185,"date":"2022-12-07T13:34:00","date_gmt":"2022-12-07T12:34:00","guid":{"rendered":"https:\/\/www.sigmund-schuckert-gymnasium.de\/wordpress\/?page_id=6185"},"modified":"2022-12-07T13:44:54","modified_gmt":"2022-12-07T12:44:54","slug":"kormoran","status":"publish","type":"page","link":"https:\/\/www.sigmund-schuckert-gymnasium.de\/wordpress\/biologie\/p-seminar-wasserleben-am-woehrder-see\/kormoran\/","title":{"rendered":"Kormoran\u00a0(Phalacrocorax carbo)"},"content":{"rendered":"<p style=\"text-align: justify;\"><img loading=\"lazy\" decoding=\"async\" class=\"wp-image-6186 aligncenter\" src=\"https:\/\/www.sigmund-schuckert-gymnasium.de\/wordpress\/wp-content\/uploads\/2022\/11\/Kormoran-200x300.jpg\" alt=\"\" width=\"235\" height=\"353\" srcset=\"https:\/\/www.sigmund-schuckert-gymnasium.de\/wordpress\/wp-content\/uploads\/2022\/11\/Kormoran-200x300.jpg 200w, https:\/\/www.sigmund-schuckert-gymnasium.de\/wordpress\/wp-content\/uploads\/2022\/11\/Kormoran-683x1024.jpg 683w, https:\/\/www.sigmund-schuckert-gymnasium.de\/wordpress\/wp-content\/uploads\/2022\/11\/Kormoran-768x1152.jpg 768w, https:\/\/www.sigmund-schuckert-gymnasium.de\/wordpress\/wp-content\/uploads\/2022\/11\/Kormoran-1024x1536.jpg 1024w, https:\/\/www.sigmund-schuckert-gymnasium.de\/wordpress\/wp-content\/uploads\/2022\/11\/Kormoran-scaled.jpg 1365w\" sizes=\"auto, (max-width: 235px) 100vw, 235px\" \/><\/p>\n<p>Ein wundersch\u00f6ner Vogel und doch ein Albtraum f\u00fcr Fischz\u00fcchter.<\/p>\n<p>Es wurde tats\u00e4chlich so schlimm, dass der Landtag im Mai 2009 entschieden hat, B\u00e4ume gef\u00fcllt mit Kormoran Nester radikal abholzen zu lassen. Der Abschuss ist verboten, und es mussten nun mal andere Methoden benutzt werden. Teichwirte klagten, da dieser Vogel sich gerne mal mit Karpfen den Bauch vollschl\u00e4gt, wobei dies besonders im etwas weiter von N\u00fcrnberg entfernten Aischgrund besonders oft passiert, trotz der Tatsache, dass der W\u00f6hrder See eine genauso ideale Nahrungsquelle bietet. Der Kormoran lie\u00df sich jedoch nicht vertreiben, und zeigt sich auch heute noch gerne am See. Hier ist der Kormoran gerne zur \u00dcberwinterung zuhause, und erkennbar an einem Gefieder, dass durch seine F\u00e4rbung schon fasst wie Schuppen wirkt. Mit einer \u00e4hnlichen Gr\u00f6\u00dfe zu Enten finden sich keine besonders Auff\u00e4lligen Merkmale oder Farben beim Kormoran, was nicht bedeutet, dass er nicht auf seine eigene Art und Weise ein sch\u00f6ner Anblick ist. Die Bev\u00f6lkerung hat sich zudem nach Bejagung durch den Menschen wieder erholt, dennoch sollten wir weiterhin respektvoll mit ihm als auch anderen Tieren umgehen.<br \/>\n<a href=\"https:\/\/www.nordbayern.de\/region\/nuernberg\/dem-kormoran-geht-es-an-den-kragen-1.650761\">Weitere Informationen<\/a><\/p>\n<p style=\"text-align: center;\"><span style=\"text-decoration: underline;\"><strong><a href=\"https:\/\/www.sigmund-schuckert-gymnasium.de\/wordpress\/biologie\/p-seminar-wasserleben-am-woehrder-see\/\">ZUR\u00dcCK ZUR HAUPTSEITE<\/a><\/strong><\/span><\/p>\n","protected":false},"excerpt":{"rendered":"<p>Ein wundersch\u00f6ner Vogel und doch ein Albtraum f\u00fcr Fischz\u00fcchter. Es wurde tats\u00e4chlich so schlimm, dass<\/p>\n","protected":false},"author":25,"featured_media":0,"parent":5984,"menu_order":0,"comment_status":"closed","ping_status":"closed","template":"","meta":{"cybocfi_hide_featured_image":"","footnotes":""},"class_list":["post-6185","page","type-page","status-publish","hentry"],"_links":{"self":[{"href":"https:\/\/www.sigmund-schuckert-gymnasium.de\/wordpress\/wp-json\/wp\/v2\/pages\/6185","targetHints":{"allow":["GET"]}}],"collection":[{"href":"https:\/\/www.sigmund-schuckert-gymnasium.de\/wordpress\/wp-json\/wp\/v2\/pages"}],"about":[{"href":"https:\/\/www.sigmund-schuckert-gymnasium.de\/wordpress\/wp-json\/wp\/v2\/types\/page"}],"author":[{"embeddable":true,"href":"https:\/\/www.sigmund-schuckert-gymnasium.de\/wordpress\/wp-json\/wp\/v2\/users\/25"}],"replies":[{"embeddable":true,"href":"https:\/\/www.sigmund-schuckert-gymnasium.de\/wordpress\/wp-json\/wp\/v2\/comments?post=6185"}],"version-history":[{"count":7,"href":"https:\/\/www.sigmund-schuckert-gymnasium.de\/wordpress\/wp-json\/wp\/v2\/pages\/6185\/revisions"}],"predecessor-version":[{"id":6270,"href":"https:\/\/www.sigmund-schuckert-gymnasium.de\/wordpress\/wp-json\/wp\/v2\/pages\/6185\/revisions\/6270"}],"up":[{"embeddable":true,"href":"https:\/\/www.sigmund-schuckert-gymnasium.de\/wordpress\/wp-json\/wp\/v2\/pages\/5984"}],"wp:attachment":[{"href":"https:\/\/www.sigmund-schuckert-gymnasium.de\/wordpress\/wp-json\/wp\/v2\/media?parent=6185"}],"curies":[{"name":"wp","href":"https:\/\/api.w.org\/{rel}","templated":true}]}}