{"id":6182,"date":"2022-12-07T13:34:13","date_gmt":"2022-12-07T12:34:13","guid":{"rendered":"https:\/\/www.sigmund-schuckert-gymnasium.de\/wordpress\/?page_id=6182"},"modified":"2022-12-07T13:45:08","modified_gmt":"2022-12-07T12:45:08","slug":"rohrspatz","status":"publish","type":"page","link":"https:\/\/www.sigmund-schuckert-gymnasium.de\/wordpress\/biologie\/p-seminar-wasserleben-am-woehrder-see\/rohrspatz\/","title":{"rendered":"Der Rohrspatz\u00a0(Emberiza schoeniclus)"},"content":{"rendered":"<p style=\"text-align: justify;\">Dieser kleine bekannte S\u00e4nger l\u00e4sst auch hier seine Konzerte steigen.<\/p>\n<p style=\"text-align: justify;\">Zu finden ist der Rohrspatz \u00fcberall in Deutschland, und das dazu auch ganzj\u00e4hrig, wobei der W\u00f6hrder See nat\u00fcrlich dazu geh\u00f6rt. Von Grassamen bis hin zu kleinen Insekten, Schnecken und W\u00fcrmern im Sommer bietet sich hier alles, was der Rohrspatz an Nahrung braucht. Zudem ist er \u00e4u\u00dferst flink und noch klein dazu, was einen genaueren Anblick durchaus erschweren kann, wobei sicherlich jeder schonmal einen gesehen hat. Schnelligkeit ist ein gro\u00dfes Stichwort f\u00fcr den Rohrspatz, sei es bei der Jagd, wenn er beispielsweise Insekten direkt im Flug mitnimmt oder sich in der Paarungszeit befindet, bei dem die Balz besonders durch schnelle Verfolgungsjagden gekennzeichnet ist.<br \/>\n<a href=\"https:\/\/de.wikipedia.org\/wiki\/Rohrammer\">Weitere Informationen<\/a><\/p>\n<p style=\"text-align: center;\"><span style=\"text-decoration: underline;\"><strong><a href=\"https:\/\/www.sigmund-schuckert-gymnasium.de\/wordpress\/biologie\/p-seminar-wasserleben-am-woehrder-see\/\">ZUR\u00dcCK ZUR HAUPTSEITE<\/a><\/strong><\/span><\/p>\n","protected":false},"excerpt":{"rendered":"<p>Dieser kleine bekannte S\u00e4nger l\u00e4sst auch hier seine Konzerte steigen. Zu finden ist der Rohrspatz<\/p>\n","protected":false},"author":25,"featured_media":6183,"parent":5984,"menu_order":0,"comment_status":"closed","ping_status":"closed","template":"","meta":{"cybocfi_hide_featured_image":"","footnotes":""},"class_list":["post-6182","page","type-page","status-publish","has-post-thumbnail","hentry"],"_links":{"self":[{"href":"https:\/\/www.sigmund-schuckert-gymnasium.de\/wordpress\/wp-json\/wp\/v2\/pages\/6182","targetHints":{"allow":["GET"]}}],"collection":[{"href":"https:\/\/www.sigmund-schuckert-gymnasium.de\/wordpress\/wp-json\/wp\/v2\/pages"}],"about":[{"href":"https:\/\/www.sigmund-schuckert-gymnasium.de\/wordpress\/wp-json\/wp\/v2\/types\/page"}],"author":[{"embeddable":true,"href":"https:\/\/www.sigmund-schuckert-gymnasium.de\/wordpress\/wp-json\/wp\/v2\/users\/25"}],"replies":[{"embeddable":true,"href":"https:\/\/www.sigmund-schuckert-gymnasium.de\/wordpress\/wp-json\/wp\/v2\/comments?post=6182"}],"version-history":[{"count":4,"href":"https:\/\/www.sigmund-schuckert-gymnasium.de\/wordpress\/wp-json\/wp\/v2\/pages\/6182\/revisions"}],"predecessor-version":[{"id":6271,"href":"https:\/\/www.sigmund-schuckert-gymnasium.de\/wordpress\/wp-json\/wp\/v2\/pages\/6182\/revisions\/6271"}],"up":[{"embeddable":true,"href":"https:\/\/www.sigmund-schuckert-gymnasium.de\/wordpress\/wp-json\/wp\/v2\/pages\/5984"}],"wp:featuredmedia":[{"embeddable":true,"href":"https:\/\/www.sigmund-schuckert-gymnasium.de\/wordpress\/wp-json\/wp\/v2\/media\/6183"}],"wp:attachment":[{"href":"https:\/\/www.sigmund-schuckert-gymnasium.de\/wordpress\/wp-json\/wp\/v2\/media?parent=6182"}],"curies":[{"name":"wp","href":"https:\/\/api.w.org\/{rel}","templated":true}]}}