{"id":6177,"date":"2022-12-07T13:33:35","date_gmt":"2022-12-07T12:33:35","guid":{"rendered":"https:\/\/www.sigmund-schuckert-gymnasium.de\/wordpress\/?page_id=6177"},"modified":"2022-12-07T13:44:37","modified_gmt":"2022-12-07T12:44:37","slug":"hoeckerschwan","status":"publish","type":"page","link":"https:\/\/www.sigmund-schuckert-gymnasium.de\/wordpress\/biologie\/p-seminar-wasserleben-am-woehrder-see\/hoeckerschwan\/","title":{"rendered":"Der H\u00f6ckerschwan (Cygnus olor)"},"content":{"rendered":"<p style=\"text-align: justify;\">Das Symbol der Liebe findet auch hier ein zuhause f\u00fcr sich, ob Wasser oder Eis.<\/p>\n<p style=\"text-align: justify;\">Schw\u00e4ne lieben Seen. Das hat vielleicht der eine oder andere schon einmal geh\u00f6rt, und der W\u00f6hrder See bietet daf\u00fcr auch einen \u00fcberzeugenden Beweis. In braun, silber und sogar schneeweis findet sich der beliebte Besucher hier. Ern\u00e4hren tuen sie sich beispielsweise durch Wasserpflanzen oder auch den dort aufzufindenden Kleintieren wie Schnecken. H\u00f6ckerschw\u00e4ne zeigen au\u00dferdem ein sehr interessantes Fortpflanzungsverhalten auf. Sicherlich kennt jeder die Balz der H\u00f6ckerschw\u00e4ne, bei dem ein Herz ausgemacht werden kann, aber hier wird es auch gef\u00e4hrlich! In der Brutzeit, beginnend im M\u00e4rz, verteidigen sie ihr Territorium und ihre Geliebte, mit der sie sich auf Lebenszeit binden, sehr aggressiv, auch gegen Menschen. Wenn ein Schwan also faucht, sollte man sich lieber fernhalten und den Anblick genie\u00dfen, schlie\u00dflich sind H\u00f6ckerschw\u00e4ne zwar ein besonders sch\u00f6ner, aber auch seltener Anblick. Ein Bild zu machen, schadet dem H\u00f6ckerschwan nat\u00fcrlich nicht, sich eine Erinnerung zu holen ist oft m\u00f6glich. Keine Sorge jedoch: die Art ist nicht gef\u00e4hrdet. Es gibt Sch\u00e4tzungen zufolge mehr als 500.000 Tiere, und die Population hat sich nach mehreren Bejagungen auch wieder stabilisiert. Der W\u00f6hrder See bleibt aufgrund seiner Str\u00f6mung eisfrei und bietet f\u00fcr viele Vogelarten einen guten Ort der Erholung, sei es eine Pause auf dem Weg in den S\u00fcden oder auch f\u00fcr die \u00dcberwinterung. Das nutzt auch der H\u00f6ckerschwan f\u00fcr sich aus, und l\u00e4sst zeigt sich daher auch gerne mal im Schnee, auch wenn er oftmals nicht auff\u00e4llt aufgrund des weisen Gefieders.<br \/>\n<a href=\"https:\/\/de.wikipedia.org\/wiki\/H\u00f6ckerschwan\">Weitere Informationen<\/a><\/p>\n<p style=\"text-align: center;\"><span style=\"text-decoration: underline;\"><strong><a href=\"https:\/\/www.sigmund-schuckert-gymnasium.de\/wordpress\/biologie\/p-seminar-wasserleben-am-woehrder-see\/\">ZUR\u00dcCK ZUR HAUPTSEITE<\/a><\/strong><\/span><\/p>\n","protected":false},"excerpt":{"rendered":"<p>Das Symbol der Liebe findet auch hier ein zuhause f\u00fcr sich, ob Wasser oder Eis.<\/p>\n","protected":false},"author":25,"featured_media":6178,"parent":5984,"menu_order":0,"comment_status":"closed","ping_status":"closed","template":"","meta":{"cybocfi_hide_featured_image":"","footnotes":""},"class_list":["post-6177","page","type-page","status-publish","has-post-thumbnail","hentry"],"_links":{"self":[{"href":"https:\/\/www.sigmund-schuckert-gymnasium.de\/wordpress\/wp-json\/wp\/v2\/pages\/6177","targetHints":{"allow":["GET"]}}],"collection":[{"href":"https:\/\/www.sigmund-schuckert-gymnasium.de\/wordpress\/wp-json\/wp\/v2\/pages"}],"about":[{"href":"https:\/\/www.sigmund-schuckert-gymnasium.de\/wordpress\/wp-json\/wp\/v2\/types\/page"}],"author":[{"embeddable":true,"href":"https:\/\/www.sigmund-schuckert-gymnasium.de\/wordpress\/wp-json\/wp\/v2\/users\/25"}],"replies":[{"embeddable":true,"href":"https:\/\/www.sigmund-schuckert-gymnasium.de\/wordpress\/wp-json\/wp\/v2\/comments?post=6177"}],"version-history":[{"count":6,"href":"https:\/\/www.sigmund-schuckert-gymnasium.de\/wordpress\/wp-json\/wp\/v2\/pages\/6177\/revisions"}],"predecessor-version":[{"id":6269,"href":"https:\/\/www.sigmund-schuckert-gymnasium.de\/wordpress\/wp-json\/wp\/v2\/pages\/6177\/revisions\/6269"}],"up":[{"embeddable":true,"href":"https:\/\/www.sigmund-schuckert-gymnasium.de\/wordpress\/wp-json\/wp\/v2\/pages\/5984"}],"wp:featuredmedia":[{"embeddable":true,"href":"https:\/\/www.sigmund-schuckert-gymnasium.de\/wordpress\/wp-json\/wp\/v2\/media\/6178"}],"wp:attachment":[{"href":"https:\/\/www.sigmund-schuckert-gymnasium.de\/wordpress\/wp-json\/wp\/v2\/media?parent=6177"}],"curies":[{"name":"wp","href":"https:\/\/api.w.org\/{rel}","templated":true}]}}