{"id":6154,"date":"2022-11-22T15:17:21","date_gmt":"2022-11-22T14:17:21","guid":{"rendered":"https:\/\/www.sigmund-schuckert-gymnasium.de\/wordpress\/?page_id=6154"},"modified":"2022-12-07T13:46:07","modified_gmt":"2022-12-07T12:46:07","slug":"zigaretten","status":"publish","type":"page","link":"https:\/\/www.sigmund-schuckert-gymnasium.de\/wordpress\/biologie\/p-seminar-wasserleben-am-woehrder-see\/zigaretten\/","title":{"rendered":"Zigaretten im Wasser"},"content":{"rendered":"<p>Zigaretten gelangen h\u00e4ufig durch Menschen ins Wasser, das betrifft nicht nur die, die aktiv in das Wasser geworfen werden, den auch Zigaretten die anderorts unregelm\u00e4\u00dfig wegeschmiesen werden, gelangen durch Wind ins Wasser. Sch\u00e4tzungen der WHO sagen, dass etwa zwei Drittel aller Zigaretten auf dem Boden, und damit auch viele in Gew\u00e4ssern, landen. In Deutschland sind das etwa 70,7 Milliarden Zigaretten weltweit sogar 4,5 Billionen Kippen, die nicht im M\u00fcll landen. Dabei haben diese katastrophale Folgen f\u00fcr die Tierwelt.<\/p>\n<p>In einer Zigarette sind viele Giftstoffe, wie Blei, Chrom oder Arsen enthalten, die f\u00fcr Fische und andere Lebewesen t\u00f6dlich sein k\u00f6nnen. Fische sehen diese aber als Nahrungsquelle und nehmen diese auf und k\u00f6nnen deswegen sterben. Eine Studie der National Library of Medicine stellte fest, dass eine Zigarette aufgel\u00f6st in einem Liter Wasser alle dort enthaltene Fische umbringt. Zus\u00e4tzlich dauert es 15 Jahre, bis eine Zigarette vollst\u00e4ndig abgebaut ist, wobei es im Salzwasser noch l\u00e4nger ist.<\/p>\n<p class=\"hide-if-no-js\"><a id=\"set-post-thumbnail\" class=\"thickbox\" href=\"https:\/\/commons.wikimedia.org\/wiki\/File:Cyprinus_carpio_smoking.jpg\" aria-describedby=\"set-post-thumbnail-desc\"><span style=\"font-size: 12pt;\"><em>Aufmacher-Foto: Wouter Hagens<\/em><\/span><\/a> <span style=\"font-size: 12pt;\"><em>lizensiert unter <a href=\"https:\/\/creativecommons.org\/licenses\/by-sa\/3.0\/deed.en\">creativecommons 3<\/a><\/em><\/span><\/p>\n<p>Weitere Informationen:<\/p>\n<p><u>Deutsch:<\/u><\/p>\n<p><a href=\"https:\/\/www.bund-bremen.net\/meer\/stoppt-kippen-in-der-umwelt\/\">https:\/\/www.bund-bremen.net\/meer\/stoppt-kippen-in-der-umwelt\/<\/a><\/p>\n<p><a href=\"https:\/\/papertarian.de\/blog\/zigaretten-im-wasser\/\">https:\/\/papertarian.de\/blog\/zigaretten-im-wasser\/<\/a><\/p>\n<p><u>Englisch:<\/u><\/p>\n<p><a href=\"https:\/\/apps.who.int\/iris\/bitstream\/handle\/10665\/255574\/9789241512497-eng.pdf\">https:\/\/apps.who.int\/iris\/bitstream\/handle\/10665\/255574\/9789241512497-eng.pdf<\/a> (Informationen \u00fcber Zigaretten und ihren Einfluss auf die Umwelt der World Health Organization)<\/p>\n<p><a href=\"https:\/\/www.ncbi.nlm.nih.gov\/pmc\/articles\/PMC3088407\/\">https:\/\/www.ncbi.nlm.nih.gov\/pmc\/articles\/PMC3088407\/<\/a> (Studie der National Library of Medicine)<\/p>\n<p style=\"text-align: center;\"><span style=\"text-decoration: underline;\"><strong><a href=\"https:\/\/www.sigmund-schuckert-gymnasium.de\/wordpress\/biologie\/p-seminar-wasserleben-am-woehrder-see\/\">ZUR\u00dcCK ZUR HAUPTSEITE<\/a><\/strong><\/span><\/p>\n","protected":false},"excerpt":{"rendered":"<p>Zigaretten gelangen h\u00e4ufig durch Menschen ins Wasser, das betrifft nicht nur die, die aktiv in<\/p>\n","protected":false},"author":25,"featured_media":6158,"parent":5984,"menu_order":0,"comment_status":"closed","ping_status":"closed","template":"","meta":{"cybocfi_hide_featured_image":"","footnotes":""},"class_list":["post-6154","page","type-page","status-publish","has-post-thumbnail","hentry"],"_links":{"self":[{"href":"https:\/\/www.sigmund-schuckert-gymnasium.de\/wordpress\/wp-json\/wp\/v2\/pages\/6154","targetHints":{"allow":["GET"]}}],"collection":[{"href":"https:\/\/www.sigmund-schuckert-gymnasium.de\/wordpress\/wp-json\/wp\/v2\/pages"}],"about":[{"href":"https:\/\/www.sigmund-schuckert-gymnasium.de\/wordpress\/wp-json\/wp\/v2\/types\/page"}],"author":[{"embeddable":true,"href":"https:\/\/www.sigmund-schuckert-gymnasium.de\/wordpress\/wp-json\/wp\/v2\/users\/25"}],"replies":[{"embeddable":true,"href":"https:\/\/www.sigmund-schuckert-gymnasium.de\/wordpress\/wp-json\/wp\/v2\/comments?post=6154"}],"version-history":[{"count":5,"href":"https:\/\/www.sigmund-schuckert-gymnasium.de\/wordpress\/wp-json\/wp\/v2\/pages\/6154\/revisions"}],"predecessor-version":[{"id":6276,"href":"https:\/\/www.sigmund-schuckert-gymnasium.de\/wordpress\/wp-json\/wp\/v2\/pages\/6154\/revisions\/6276"}],"up":[{"embeddable":true,"href":"https:\/\/www.sigmund-schuckert-gymnasium.de\/wordpress\/wp-json\/wp\/v2\/pages\/5984"}],"wp:featuredmedia":[{"embeddable":true,"href":"https:\/\/www.sigmund-schuckert-gymnasium.de\/wordpress\/wp-json\/wp\/v2\/media\/6158"}],"wp:attachment":[{"href":"https:\/\/www.sigmund-schuckert-gymnasium.de\/wordpress\/wp-json\/wp\/v2\/media?parent=6154"}],"curies":[{"name":"wp","href":"https:\/\/api.w.org\/{rel}","templated":true}]}}