{"id":6152,"date":"2022-11-22T15:12:13","date_gmt":"2022-11-22T14:12:13","guid":{"rendered":"https:\/\/www.sigmund-schuckert-gymnasium.de\/wordpress\/?page_id=6152"},"modified":"2022-12-07T13:48:33","modified_gmt":"2022-12-07T12:48:33","slug":"hainschwebfliege","status":"publish","type":"page","link":"https:\/\/www.sigmund-schuckert-gymnasium.de\/wordpress\/biologie\/p-seminar-wasserleben-am-woehrder-see\/hainschwebfliege\/","title":{"rendered":"Hainschwebfliege (Episyrphus balteatus)"},"content":{"rendered":"<p>Die Hainschwebfliege <a href=\"https:\/\/pixabay.com\/de\/photos\/schwebfliege-tier-insekt-bl%c3%bcte-4358435\/\">(Bild)<\/a> \u00e4hnelt mit ihrer gelb-schwarzen F\u00e4rbung der Wespe sehr stark, in ihrem Verhalten jedoch keineswegs. Sie besitzt keinen Stachel und ist v\u00f6llig harmlos. Ihre raffinierte Tarnung dient lediglich zum Schutz vor ihren Fressfeinden.<\/p>\n<p>Diese Fliegen halten sich gerne in der N\u00e4he von Laubb\u00e4umen auf. Auch den kalten Winter \u00fcber bleiben die Hainschwebfliegen hier in Deutschland und sind an milden Tagen sogar anzutreffen.<br \/>\nDie Hainschwebfliegen sind in der Lage in der Luft zu stehen und werden deswegen auch gerne Steh- oder Schwirrfliegen genannt. Au\u00dferdem k\u00f6nnen sie in alle Richtungen, also auch r\u00fcckw\u00e4rts, fliegen.<\/p>\n<p><a href=\"https:\/\/www.nabu.de\/tiere-und-pflanzen\/insekten-und-spinnen\/fliegen-und-muecken\/24296.html\"><span style=\"font-size: 10pt;\">Weitere Informationen<\/span><\/a><\/p>\n<p style=\"text-align: center;\"><span style=\"text-decoration: underline;\"><strong><a href=\"https:\/\/www.sigmund-schuckert-gymnasium.de\/wordpress\/biologie\/p-seminar-wasserleben-am-woehrder-see\/\">ZUR\u00dcCK ZUR HAUPTSEITE<\/a><\/strong><\/span><\/p>\n","protected":false},"excerpt":{"rendered":"<p>Die Hainschwebfliege (Bild) \u00e4hnelt mit ihrer gelb-schwarzen F\u00e4rbung der Wespe sehr stark, in ihrem Verhalten<\/p>\n","protected":false},"author":25,"featured_media":6157,"parent":5984,"menu_order":0,"comment_status":"closed","ping_status":"closed","template":"","meta":{"cybocfi_hide_featured_image":"","footnotes":""},"class_list":["post-6152","page","type-page","status-publish","has-post-thumbnail","hentry"],"_links":{"self":[{"href":"https:\/\/www.sigmund-schuckert-gymnasium.de\/wordpress\/wp-json\/wp\/v2\/pages\/6152","targetHints":{"allow":["GET"]}}],"collection":[{"href":"https:\/\/www.sigmund-schuckert-gymnasium.de\/wordpress\/wp-json\/wp\/v2\/pages"}],"about":[{"href":"https:\/\/www.sigmund-schuckert-gymnasium.de\/wordpress\/wp-json\/wp\/v2\/types\/page"}],"author":[{"embeddable":true,"href":"https:\/\/www.sigmund-schuckert-gymnasium.de\/wordpress\/wp-json\/wp\/v2\/users\/25"}],"replies":[{"embeddable":true,"href":"https:\/\/www.sigmund-schuckert-gymnasium.de\/wordpress\/wp-json\/wp\/v2\/comments?post=6152"}],"version-history":[{"count":2,"href":"https:\/\/www.sigmund-schuckert-gymnasium.de\/wordpress\/wp-json\/wp\/v2\/pages\/6152\/revisions"}],"predecessor-version":[{"id":6283,"href":"https:\/\/www.sigmund-schuckert-gymnasium.de\/wordpress\/wp-json\/wp\/v2\/pages\/6152\/revisions\/6283"}],"up":[{"embeddable":true,"href":"https:\/\/www.sigmund-schuckert-gymnasium.de\/wordpress\/wp-json\/wp\/v2\/pages\/5984"}],"wp:featuredmedia":[{"embeddable":true,"href":"https:\/\/www.sigmund-schuckert-gymnasium.de\/wordpress\/wp-json\/wp\/v2\/media\/6157"}],"wp:attachment":[{"href":"https:\/\/www.sigmund-schuckert-gymnasium.de\/wordpress\/wp-json\/wp\/v2\/media?parent=6152"}],"curies":[{"name":"wp","href":"https:\/\/api.w.org\/{rel}","templated":true}]}}