{"id":6146,"date":"2022-11-22T15:08:52","date_gmt":"2022-11-22T14:08:52","guid":{"rendered":"https:\/\/www.sigmund-schuckert-gymnasium.de\/wordpress\/?page_id=6146"},"modified":"2022-12-07T13:48:53","modified_gmt":"2022-12-07T12:48:53","slug":"libelle","status":"publish","type":"page","link":"https:\/\/www.sigmund-schuckert-gymnasium.de\/wordpress\/biologie\/p-seminar-wasserleben-am-woehrder-see\/libelle\/","title":{"rendered":"Libelle (Odonata)"},"content":{"rendered":"<p>Schon in der Steinkohlezeit, vor circa 320 Millionen Jahren, flogen die Vorfahren der uns bekannten Libellen <a href=\"https:\/\/pixabay.com\/de\/photos\/rote-libelle-libelle-insekt-tier-7021985\/\">(Bild)<\/a> durch die Sumpfw\u00e4lder. Damals hatten sie noch eine Fl\u00fcgelspannweite von bis zu 60 Zentimetern, die Spannweite der heutigen 5000 Libellenarten betr\u00e4gt jedoch nur noch 2 bis 15 Zentimeter.<br \/>\nWahre Flugk\u00fcnstler sind diese aber immer noch. So k\u00f6nnen sie beispielsweise wie ein Vogel in der Luft stehen, \u00fcber Teiche gleiten, teilweise bis auf 50 km\/h beschleunigen und ihre Flugrichtung schlagartig \u00e4ndern. Wenige Arten haben sogar die F\u00e4higkeit r\u00fcckw\u00e4rts zu fliegen.<\/p>\n<p>Diese waghalsigen Flugman\u00f6ver werden den Libellen durch eine kr\u00e4ftige Flugmuskulatur und die F\u00e4higkeit ihre Fl\u00fcgelpaare unabh\u00e4ngig voneinander bewegen zu k\u00f6nnen erm\u00f6glicht.<\/p>\n<p>Sie ern\u00e4hren sich von Fliegen, M\u00fccken und anderen, kleineren Libellenarten, die sie in der Luft jagen und dann meist direkt im Flug verzehren.<\/p>\n<p><a href=\"https:\/\/www.nabu.de\/tiere-und-pflanzen\/insekten-und-spinnen\/libellen\/02531.html\"><span style=\"font-size: 10pt;\">Weitere Informationen<\/span><\/a><\/p>\n<p style=\"text-align: center;\"><span style=\"text-decoration: underline;\"><strong><a href=\"https:\/\/www.sigmund-schuckert-gymnasium.de\/wordpress\/biologie\/p-seminar-wasserleben-am-woehrder-see\/\">ZUR\u00dcCK ZUR HAUPTSEITE<\/a><\/strong><\/span><\/p>\n","protected":false},"excerpt":{"rendered":"<p>Schon in der Steinkohlezeit, vor circa 320 Millionen Jahren, flogen die Vorfahren der uns bekannten<\/p>\n","protected":false},"author":25,"featured_media":6149,"parent":5984,"menu_order":0,"comment_status":"closed","ping_status":"closed","template":"","meta":{"cybocfi_hide_featured_image":"","footnotes":""},"class_list":["post-6146","page","type-page","status-publish","has-post-thumbnail","hentry"],"_links":{"self":[{"href":"https:\/\/www.sigmund-schuckert-gymnasium.de\/wordpress\/wp-json\/wp\/v2\/pages\/6146","targetHints":{"allow":["GET"]}}],"collection":[{"href":"https:\/\/www.sigmund-schuckert-gymnasium.de\/wordpress\/wp-json\/wp\/v2\/pages"}],"about":[{"href":"https:\/\/www.sigmund-schuckert-gymnasium.de\/wordpress\/wp-json\/wp\/v2\/types\/page"}],"author":[{"embeddable":true,"href":"https:\/\/www.sigmund-schuckert-gymnasium.de\/wordpress\/wp-json\/wp\/v2\/users\/25"}],"replies":[{"embeddable":true,"href":"https:\/\/www.sigmund-schuckert-gymnasium.de\/wordpress\/wp-json\/wp\/v2\/comments?post=6146"}],"version-history":[{"count":3,"href":"https:\/\/www.sigmund-schuckert-gymnasium.de\/wordpress\/wp-json\/wp\/v2\/pages\/6146\/revisions"}],"predecessor-version":[{"id":6284,"href":"https:\/\/www.sigmund-schuckert-gymnasium.de\/wordpress\/wp-json\/wp\/v2\/pages\/6146\/revisions\/6284"}],"up":[{"embeddable":true,"href":"https:\/\/www.sigmund-schuckert-gymnasium.de\/wordpress\/wp-json\/wp\/v2\/pages\/5984"}],"wp:featuredmedia":[{"embeddable":true,"href":"https:\/\/www.sigmund-schuckert-gymnasium.de\/wordpress\/wp-json\/wp\/v2\/media\/6149"}],"wp:attachment":[{"href":"https:\/\/www.sigmund-schuckert-gymnasium.de\/wordpress\/wp-json\/wp\/v2\/media?parent=6146"}],"curies":[{"name":"wp","href":"https:\/\/api.w.org\/{rel}","templated":true}]}}