{"id":6140,"date":"2022-11-22T15:11:23","date_gmt":"2022-11-22T14:11:23","guid":{"rendered":"https:\/\/www.sigmund-schuckert-gymnasium.de\/wordpress\/?page_id=6140"},"modified":"2022-12-07T13:47:06","modified_gmt":"2022-12-07T12:47:06","slug":"wo-kommt-der-muell-hin","status":"publish","type":"page","link":"https:\/\/www.sigmund-schuckert-gymnasium.de\/wordpress\/biologie\/p-seminar-wasserleben-am-woehrder-see\/wo-kommt-der-muell-hin\/","title":{"rendered":"Wo kommt der M\u00fcll hin"},"content":{"rendered":"<p>Sie haben sich vielleicht schon mal gefragt was mit dem M\u00fcll passiert der im W\u00f6hrder See landet.<\/p>\n<p>Vielleicht ist ihnen noch nicht bewusst, dass der M\u00fcll, der hier am W\u00f6hrder See ins Wasser f\u00e4llt, \u00fcber Umwege in das Meer kommt.<\/p>\n<p>Durch Meeresstr\u00f6mungen entstehen im Meer riesige M\u00fcllstrudel im Meer. Der Gr\u00f6\u00dfte dieser Strudel im Nordpazifik ist angeblich Gr\u00f6\u00dfer als Europa. Der M\u00fcll im W\u00f6hrder See wird jedoch wahrscheinlich den Nordatlantischen M\u00fcllstrudel erreichen.<\/p>\n<p class=\"hide-if-no-js\"><a id=\"set-post-thumbnail\" class=\"thickbox\" href=\"https:\/\/www.sigmund-schuckert-gymnasium.de\/wordpress\/wp-admin\/media-upload.php?post_id=6140&amp;type=image&amp;TB_iframe=1\" aria-describedby=\"set-post-thumbnail-desc\"><img loading=\"lazy\" decoding=\"async\" class=\"attachment-post-thumbnail size-post-thumbnail\" src=\"https:\/\/www.sigmund-schuckert-gymnasium.de\/wordpress\/wp-content\/uploads\/2022\/11\/3-880x483.png\" alt=\"\" width=\"810\" height=\"445\" \/><\/a><\/p>\n<p><a href=\"https:\/\/de.serlo.org\/nachhaltigkeit\/74686\/plastik-in-den-ozeanen\">Bild<\/a><\/p>\n<p>Die Reise beginnt im W\u00f6hrder See der Teil der Pegnitz ist<\/p>\n<p><u>Schritt 1<\/u>: In F\u00fcrth flie\u00dft die Pegnitz mit der Rednitz zusammen und bildet die Regnitz<\/p>\n<p><u>Schritt 2<\/u>: In Bamberg flie\u00dft die Regnitz in den Main<\/p>\n<p class=\"hide-if-no-js\"><a id=\"set-post-thumbnail\" class=\"thickbox\" href=\"https:\/\/www.sigmund-schuckert-gymnasium.de\/wordpress\/wp-admin\/media-upload.php?post_id=6140&amp;type=image&amp;TB_iframe=1\" aria-describedby=\"set-post-thumbnail-desc\"><img loading=\"lazy\" decoding=\"async\" class=\"attachment-post-thumbnail size-post-thumbnail\" src=\"https:\/\/www.sigmund-schuckert-gymnasium.de\/wordpress\/wp-content\/uploads\/2022\/11\/4.png\" sizes=\"auto, (max-width: 702px) 100vw, 702px\" srcset=\"https:\/\/www.sigmund-schuckert-gymnasium.de\/wordpress\/wp-content\/uploads\/2022\/11\/4.png 702w, https:\/\/www.sigmund-schuckert-gymnasium.de\/wordpress\/wp-content\/uploads\/2022\/11\/4-300x256.png 300w\" alt=\"\" width=\"702\" height=\"600\" \/><\/a><\/p>\n<p><u>Schritt 3<\/u>: Bei Mainz flie\u00dft der Main in den Rhein<\/p>\n<p><u>Schritt 4<\/u>: Der Main teilt sich in Drei Arme: Lek, Waal und Ijssel<\/p>\n<p><u>Schritt 5<\/u>: Jeder der Arme flie\u00dft ins Meer:<\/p>\n<ul>\n<li>Der Lek in Rotterdam<\/li>\n<li>Die Waal s\u00fcdlich von Rotterdam<\/li>\n<li>Die Ijssel bei Kampen\n<p class=\"hide-if-no-js\"><a id=\"set-post-thumbnail\" class=\"thickbox\" href=\"https:\/\/www.sigmund-schuckert-gymnasium.de\/wordpress\/wp-admin\/media-upload.php?post_id=6140&amp;type=image&amp;TB_iframe=1\" aria-describedby=\"set-post-thumbnail-desc\"><img loading=\"lazy\" decoding=\"async\" class=\"attachment-post-thumbnail size-post-thumbnail\" src=\"https:\/\/www.sigmund-schuckert-gymnasium.de\/wordpress\/wp-content\/uploads\/2022\/11\/5.png\" sizes=\"auto, (max-width: 432px) 100vw, 432px\" srcset=\"https:\/\/www.sigmund-schuckert-gymnasium.de\/wordpress\/wp-content\/uploads\/2022\/11\/5.png 432w, https:\/\/www.sigmund-schuckert-gymnasium.de\/wordpress\/wp-content\/uploads\/2022\/11\/5-216x300.png 216w\" alt=\"\" width=\"432\" height=\"599\" \/><\/a><\/p>\n<p><span style=\"font-size: 12pt;\">Karte <a href=\"https:\/\/commons.wikimedia.org\/wiki\/File:Main-Donau-Kanal-Karte.jpg\">1<\/a> und <a href=\"https:\/\/commons.wikimedia.org\/wiki\/File:Rhein_Verlaufskarte.png\">2<\/a> bearbeitet und lizensiert unter <a href=\"https:\/\/creativecommons.org\/licenses\/by-sa\/2.0\/de\/deed.en\">creativecommons 2<\/a> bzw. <a href=\"https:\/\/creativecommons.org\/licenses\/by\/3.0\/deed.en\">creativecommons 3<\/a> \u00a0\u00a0\u00a0\u00a0\u00a0\u00a0\u00a0\u00a0\u00a0\u00a0\u00a0\u00a0\u00a0\u00a0\u00a0\u00a0\u00a0\u00a0\u00a0\u00a0 <a href=\"https:\/\/www.careelite.de\/muellstrudel-im-meer\/\"><span style=\"font-size: 10pt;\">Weitere Informationen<\/span><\/a> <\/span><\/li>\n<\/ul>\n<p style=\"text-align: center;\"><span style=\"font-size: 12pt;\">\u00a0 \u00a0<\/span><span style=\"font-size: 12pt;\"><span style=\"text-decoration: underline;\"><strong><a href=\"https:\/\/www.sigmund-schuckert-gymnasium.de\/wordpress\/biologie\/p-seminar-wasserleben-am-woehrder-see\/\">ZUR\u00dcCK ZUR HAUPTSEITE<\/a><\/strong><\/span>\u00a0\u00a0\u00a0\u00a0\u00a0\u00a0\u00a0\u00a0\u00a0\u00a0\u00a0\u00a0\u00a0\u00a0\u00a0\u00a0\u00a0\u00a0\u00a0\u00a0\u00a0\u00a0\u00a0\u00a0 <\/span><\/p>\n","protected":false},"excerpt":{"rendered":"<p>Sie haben sich vielleicht schon mal gefragt was mit dem M\u00fcll passiert der im W\u00f6hrder<\/p>\n","protected":false},"author":25,"featured_media":0,"parent":5984,"menu_order":0,"comment_status":"closed","ping_status":"closed","template":"","meta":{"cybocfi_hide_featured_image":"","footnotes":""},"class_list":["post-6140","page","type-page","status-publish","hentry"],"_links":{"self":[{"href":"https:\/\/www.sigmund-schuckert-gymnasium.de\/wordpress\/wp-json\/wp\/v2\/pages\/6140","targetHints":{"allow":["GET"]}}],"collection":[{"href":"https:\/\/www.sigmund-schuckert-gymnasium.de\/wordpress\/wp-json\/wp\/v2\/pages"}],"about":[{"href":"https:\/\/www.sigmund-schuckert-gymnasium.de\/wordpress\/wp-json\/wp\/v2\/types\/page"}],"author":[{"embeddable":true,"href":"https:\/\/www.sigmund-schuckert-gymnasium.de\/wordpress\/wp-json\/wp\/v2\/users\/25"}],"replies":[{"embeddable":true,"href":"https:\/\/www.sigmund-schuckert-gymnasium.de\/wordpress\/wp-json\/wp\/v2\/comments?post=6140"}],"version-history":[{"count":6,"href":"https:\/\/www.sigmund-schuckert-gymnasium.de\/wordpress\/wp-json\/wp\/v2\/pages\/6140\/revisions"}],"predecessor-version":[{"id":6279,"href":"https:\/\/www.sigmund-schuckert-gymnasium.de\/wordpress\/wp-json\/wp\/v2\/pages\/6140\/revisions\/6279"}],"up":[{"embeddable":true,"href":"https:\/\/www.sigmund-schuckert-gymnasium.de\/wordpress\/wp-json\/wp\/v2\/pages\/5984"}],"wp:attachment":[{"href":"https:\/\/www.sigmund-schuckert-gymnasium.de\/wordpress\/wp-json\/wp\/v2\/media?parent=6140"}],"curies":[{"name":"wp","href":"https:\/\/api.w.org\/{rel}","templated":true}]}}