{"id":6133,"date":"2022-11-22T14:59:30","date_gmt":"2022-11-22T13:59:30","guid":{"rendered":"https:\/\/www.sigmund-schuckert-gymnasium.de\/wordpress\/?page_id=6133"},"modified":"2022-12-07T13:49:44","modified_gmt":"2022-12-07T12:49:44","slug":"marienkaefer","status":"publish","type":"page","link":"https:\/\/www.sigmund-schuckert-gymnasium.de\/wordpress\/biologie\/p-seminar-wasserleben-am-woehrder-see\/marienkaefer\/","title":{"rendered":"Siebenpunkt Marienk\u00e4fer (Coccinella septempunctata)"},"content":{"rendered":"<p>Neben dem Asiatischen Marienk\u00e4fer ist der Siebenpunkt Marienk\u00e4fer <a href=\"https:\/\/pixabay.com\/de\/photos\/marienk%c3%a4fer-insekt-marienk%c3%a4fer-k%c3%a4fer-349456\">(Bild)<\/a> der bei uns weitesten verbreitete.<\/p>\n<p>Im Herbst versammeln sich sie auf der Suche nach geeigneten Winterquartieren. In Gruppen sind sie dann an Balkongel\u00e4ndern, Hausw\u00e4nden und Pflanzen anzutreffen. An den letzten warmen Tagen des Jahres begeben sich die Marienk\u00e4fer auf ihre Wanderung in w\u00e4rmere Regionen Europas oder suchen sich hier \u00dcberwinterungspl\u00e4tze.<\/p>\n<p>Viele Menschen glauben immer noch, dass die Zahl der Punkte auf ihren Fl\u00fcgeln auf ihr Alter schlie\u00dfen lassen. Das stimmt jedoch nicht. Die Zahl der Punkte bleibt im Laufe ihres kurzen Lebens immer gleich. Fast immer l\u00e4sst sich anhand der Punktzahl ihre Art bestimmen.<\/p>\n<p><a href=\"https:\/\/niedersachsen.nabu.de\/tiere-und-pflanzen\/insekten\/kaefer\/30346.html\"><span style=\"font-size: 10pt;\">Weitere Informationen<\/span><\/a><\/p>\n<p style=\"text-align: center;\"><span style=\"text-decoration: underline;\"><strong><a href=\"https:\/\/www.sigmund-schuckert-gymnasium.de\/wordpress\/biologie\/p-seminar-wasserleben-am-woehrder-see\/\">ZUR\u00dcCK ZUR HAUPTSEITE<\/a><\/strong><\/span><\/p>\n","protected":false},"excerpt":{"rendered":"<p>Neben dem Asiatischen Marienk\u00e4fer ist der Siebenpunkt Marienk\u00e4fer (Bild) der bei uns weitesten verbreitete. Im<\/p>\n","protected":false},"author":25,"featured_media":6135,"parent":5984,"menu_order":0,"comment_status":"closed","ping_status":"closed","template":"","meta":{"cybocfi_hide_featured_image":"","footnotes":""},"class_list":["post-6133","page","type-page","status-publish","has-post-thumbnail","hentry"],"_links":{"self":[{"href":"https:\/\/www.sigmund-schuckert-gymnasium.de\/wordpress\/wp-json\/wp\/v2\/pages\/6133","targetHints":{"allow":["GET"]}}],"collection":[{"href":"https:\/\/www.sigmund-schuckert-gymnasium.de\/wordpress\/wp-json\/wp\/v2\/pages"}],"about":[{"href":"https:\/\/www.sigmund-schuckert-gymnasium.de\/wordpress\/wp-json\/wp\/v2\/types\/page"}],"author":[{"embeddable":true,"href":"https:\/\/www.sigmund-schuckert-gymnasium.de\/wordpress\/wp-json\/wp\/v2\/users\/25"}],"replies":[{"embeddable":true,"href":"https:\/\/www.sigmund-schuckert-gymnasium.de\/wordpress\/wp-json\/wp\/v2\/comments?post=6133"}],"version-history":[{"count":3,"href":"https:\/\/www.sigmund-schuckert-gymnasium.de\/wordpress\/wp-json\/wp\/v2\/pages\/6133\/revisions"}],"predecessor-version":[{"id":6286,"href":"https:\/\/www.sigmund-schuckert-gymnasium.de\/wordpress\/wp-json\/wp\/v2\/pages\/6133\/revisions\/6286"}],"up":[{"embeddable":true,"href":"https:\/\/www.sigmund-schuckert-gymnasium.de\/wordpress\/wp-json\/wp\/v2\/pages\/5984"}],"wp:featuredmedia":[{"embeddable":true,"href":"https:\/\/www.sigmund-schuckert-gymnasium.de\/wordpress\/wp-json\/wp\/v2\/media\/6135"}],"wp:attachment":[{"href":"https:\/\/www.sigmund-schuckert-gymnasium.de\/wordpress\/wp-json\/wp\/v2\/media?parent=6133"}],"curies":[{"name":"wp","href":"https:\/\/api.w.org\/{rel}","templated":true}]}}