{"id":6130,"date":"2022-11-22T15:00:15","date_gmt":"2022-11-22T14:00:15","guid":{"rendered":"https:\/\/www.sigmund-schuckert-gymnasium.de\/wordpress\/?page_id=6130"},"modified":"2022-12-07T13:45:49","modified_gmt":"2022-12-07T12:45:49","slug":"abfall-im-see","status":"publish","type":"page","link":"https:\/\/www.sigmund-schuckert-gymnasium.de\/wordpress\/biologie\/p-seminar-wasserleben-am-woehrder-see\/abfall-im-see\/","title":{"rendered":"Abfall in und am W\u00f6hrder See"},"content":{"rendered":"<p>Diesen <a href=\"https:\/\/images.nordbayern.de\/image\/contentid\/policy:1.6579694:1504502016\/OBJ7945469_1.JPG?f=16%3A9&amp;h=816&amp;m=FIT&amp;w=1680&amp;$p$f$h$m$w=f6512a0\">Anblick<\/a> am W\u00f6hrder See kennen sie sicher gut, denn wenn man sich ein bisschen umschaut ist nicht schwer zu erkennen, dass der See und seine Umgebung ein M\u00fcllproblem hat.<\/p>\n<p>Die Hauptursache f\u00fcr den M\u00fcll am W\u00f6hrder See sind die Menschen und ihr Verhalten, aber auch der M\u00fcll, der Flussabw\u00e4rts treibt, verschmutzt in stark. \u00a0Die Hotspots f\u00fcr den M\u00fcll befinden sich dort, wo sich die meisten Menschen befinden, also besonders in der Badebucht am S\u00fcdufer und am Sandstrand am Nordufer. Vor allem im Sommer werden hier viele Pizzaschachteln, Zigaretten und Flaschen hinterlassen. Um die Tierwelt am W\u00f6hrder See zu sch\u00fctzen ist es wichtig den M\u00fcll ordentlich zu entsorgen, da diese bei Verzehr von M\u00fcll Giftstoffe in ihren K\u00f6rper aufnehmen, die eventuell t\u00f6dlich sein k\u00f6nnen<\/p>\n<p><strong>ACHTUNG!<\/strong><\/p>\n<p>H\u00e4ufig gibt es \u00fcberf\u00fcllte M\u00fclleimer und entsorgt man seinen M\u00fcll in diese M\u00fclleimer besteht die Gefahr, dass der Wind den M\u00fcll in den See weht.<\/p>\n<p><a href=\"https:\/\/www.nordbayern.de\/region\/nuernberg\/mull-in-durchsichtigen-containern-am-wohrder-see-das-steckt-dahinter-1.10295556\"><span style=\"font-size: 10pt;\">Weitere Informationen<\/span><\/a><\/p>\n<p style=\"text-align: center;\"><span style=\"text-decoration: underline;\"><strong><a href=\"https:\/\/www.sigmund-schuckert-gymnasium.de\/wordpress\/biologie\/p-seminar-wasserleben-am-woehrder-see\/\">ZUR\u00dcCK ZUR HAUPTSEITE<\/a><\/strong><\/span><\/p>\n","protected":false},"excerpt":{"rendered":"<p>Diesen Anblick am W\u00f6hrder See kennen sie sicher gut, denn wenn man sich ein bisschen<\/p>\n","protected":false},"author":25,"featured_media":6134,"parent":5984,"menu_order":0,"comment_status":"closed","ping_status":"closed","template":"","meta":{"cybocfi_hide_featured_image":"","footnotes":""},"class_list":["post-6130","page","type-page","status-publish","has-post-thumbnail","hentry"],"_links":{"self":[{"href":"https:\/\/www.sigmund-schuckert-gymnasium.de\/wordpress\/wp-json\/wp\/v2\/pages\/6130","targetHints":{"allow":["GET"]}}],"collection":[{"href":"https:\/\/www.sigmund-schuckert-gymnasium.de\/wordpress\/wp-json\/wp\/v2\/pages"}],"about":[{"href":"https:\/\/www.sigmund-schuckert-gymnasium.de\/wordpress\/wp-json\/wp\/v2\/types\/page"}],"author":[{"embeddable":true,"href":"https:\/\/www.sigmund-schuckert-gymnasium.de\/wordpress\/wp-json\/wp\/v2\/users\/25"}],"replies":[{"embeddable":true,"href":"https:\/\/www.sigmund-schuckert-gymnasium.de\/wordpress\/wp-json\/wp\/v2\/comments?post=6130"}],"version-history":[{"count":3,"href":"https:\/\/www.sigmund-schuckert-gymnasium.de\/wordpress\/wp-json\/wp\/v2\/pages\/6130\/revisions"}],"predecessor-version":[{"id":6275,"href":"https:\/\/www.sigmund-schuckert-gymnasium.de\/wordpress\/wp-json\/wp\/v2\/pages\/6130\/revisions\/6275"}],"up":[{"embeddable":true,"href":"https:\/\/www.sigmund-schuckert-gymnasium.de\/wordpress\/wp-json\/wp\/v2\/pages\/5984"}],"wp:featuredmedia":[{"embeddable":true,"href":"https:\/\/www.sigmund-schuckert-gymnasium.de\/wordpress\/wp-json\/wp\/v2\/media\/6134"}],"wp:attachment":[{"href":"https:\/\/www.sigmund-schuckert-gymnasium.de\/wordpress\/wp-json\/wp\/v2\/media?parent=6130"}],"curies":[{"name":"wp","href":"https:\/\/api.w.org\/{rel}","templated":true}]}}