{"id":6119,"date":"2022-11-22T14:55:17","date_gmt":"2022-11-22T13:55:17","guid":{"rendered":"https:\/\/www.sigmund-schuckert-gymnasium.de\/wordpress\/?page_id=6119"},"modified":"2022-12-07T13:47:15","modified_gmt":"2022-12-07T12:47:15","slug":"plastikmuell-im-wasser","status":"publish","type":"page","link":"https:\/\/www.sigmund-schuckert-gymnasium.de\/wordpress\/biologie\/p-seminar-wasserleben-am-woehrder-see\/plastikmuell-im-wasser\/","title":{"rendered":"Plastikm\u00fcll im Wasser"},"content":{"rendered":"<p>Wie bereits bekannt gelangt der M\u00fcll im W\u00f6hrder See in das Meer. Dort ist besonders der Plastikm\u00fcll eine gro\u00dfe Bedrohung.<\/p>\n<p>Plastik zersetzt sich nur sehr langsam, es ben\u00f6tigt Jahrhunderte um sich zu zersetzten. Noch problematischer ist, dass die kleinsten Teilchen, der Mikroplastik, nicht biologisch abbaubar sind. Das bedeutet der Mikroplastik ist f\u00fcr immer im Meer.<\/p>\n<p>Die Grafik zeigt auf wie sch\u00e4dlich dieser Mikroplastik f\u00fcr Die Tierwelt ist, dabei ist jedes Tier von der M\u00f6we zur Schildkr\u00f6te zur Auster betroffen. Es ist auch zu sehen auf welche Arten der Plastik in das Meer kommt, zum Beispiel \u00fcber das Abwasser. Etwa die H\u00e4lfte aller Arten im Meer ist von Plastikm\u00fcll betroffen. \u00dcber die Nahrungskette nimmt auch der Mensch Mikroplastik auf der von Fischen gegessen wird, allerdings sind die Auswirkungen auf uns noch unbekannt.<\/p>\n<p><a href=\"https:\/\/commons.wikimedia.org\/wiki\/File:Mikroplastik-im-Meer-ESKP.png\">Aufmacher-Bild<\/a> lizensiert unter <a href=\"https:\/\/creativecommons.org\/licenses\/by\/4.0\/deed.en\">creativecommons4.0<\/a><\/p>\n<p><a href=\"https:\/\/www.planet-wissen.de\/technik\/werkstoffe\/kunststoff\/plastik-im-meer-106.html\"><span style=\"font-size: 10pt;\">Weitere Informationen<\/span><\/a><\/p>\n<p style=\"text-align: center;\"><span style=\"text-decoration: underline;\"><strong><a href=\"https:\/\/www.sigmund-schuckert-gymnasium.de\/wordpress\/biologie\/p-seminar-wasserleben-am-woehrder-see\/\">ZUR\u00dcCK ZUR HAUPTSEITE<\/a><\/strong><\/span><\/p>\n<p>&nbsp;<\/p>\n","protected":false},"excerpt":{"rendered":"<p>Wie bereits bekannt gelangt der M\u00fcll im W\u00f6hrder See in das Meer. Dort ist besonders<\/p>\n","protected":false},"author":25,"featured_media":6125,"parent":5984,"menu_order":0,"comment_status":"closed","ping_status":"closed","template":"","meta":{"cybocfi_hide_featured_image":"","footnotes":""},"class_list":["post-6119","page","type-page","status-publish","has-post-thumbnail","hentry"],"_links":{"self":[{"href":"https:\/\/www.sigmund-schuckert-gymnasium.de\/wordpress\/wp-json\/wp\/v2\/pages\/6119","targetHints":{"allow":["GET"]}}],"collection":[{"href":"https:\/\/www.sigmund-schuckert-gymnasium.de\/wordpress\/wp-json\/wp\/v2\/pages"}],"about":[{"href":"https:\/\/www.sigmund-schuckert-gymnasium.de\/wordpress\/wp-json\/wp\/v2\/types\/page"}],"author":[{"embeddable":true,"href":"https:\/\/www.sigmund-schuckert-gymnasium.de\/wordpress\/wp-json\/wp\/v2\/users\/25"}],"replies":[{"embeddable":true,"href":"https:\/\/www.sigmund-schuckert-gymnasium.de\/wordpress\/wp-json\/wp\/v2\/comments?post=6119"}],"version-history":[{"count":5,"href":"https:\/\/www.sigmund-schuckert-gymnasium.de\/wordpress\/wp-json\/wp\/v2\/pages\/6119\/revisions"}],"predecessor-version":[{"id":6280,"href":"https:\/\/www.sigmund-schuckert-gymnasium.de\/wordpress\/wp-json\/wp\/v2\/pages\/6119\/revisions\/6280"}],"up":[{"embeddable":true,"href":"https:\/\/www.sigmund-schuckert-gymnasium.de\/wordpress\/wp-json\/wp\/v2\/pages\/5984"}],"wp:featuredmedia":[{"embeddable":true,"href":"https:\/\/www.sigmund-schuckert-gymnasium.de\/wordpress\/wp-json\/wp\/v2\/media\/6125"}],"wp:attachment":[{"href":"https:\/\/www.sigmund-schuckert-gymnasium.de\/wordpress\/wp-json\/wp\/v2\/media?parent=6119"}],"curies":[{"name":"wp","href":"https:\/\/api.w.org\/{rel}","templated":true}]}}