{"id":6102,"date":"2022-11-22T14:14:47","date_gmt":"2022-11-22T13:14:47","guid":{"rendered":"https:\/\/www.sigmund-schuckert-gymnasium.de\/wordpress\/?page_id=6102"},"modified":"2022-12-07T13:48:03","modified_gmt":"2022-12-07T12:48:03","slug":"distelfalter","status":"publish","type":"page","link":"https:\/\/www.sigmund-schuckert-gymnasium.de\/wordpress\/biologie\/p-seminar-wasserleben-am-woehrder-see\/distelfalter\/","title":{"rendered":"Distelfalter (Vanessa cardui)"},"content":{"rendered":"<p style=\"text-align: justify;\">Die Distelfalter <a href=\"https:\/\/pixabay.com\/de\/photos\/schmetterling-distelfalter-zinnie-7450947\/\">(Bild)<\/a> sind in fast ganz Europa, Asien und Afrika anzutreffen. In Nordamerika und Australien sind sie ebenfalls zuhause. Dieser Schmetterling ist ein Wanderfalter und kann demnach eine weite Strecke zur\u00fccklegen. Ihr Zugverhalten wird aktuell noch intensiv erforscht, jedoch ist schon bekannt, dass sie den Wind nutzen um sich Richtung S\u00fcden tragen zu lassen, um ihr Ziel mit m\u00f6glichst geringem Kraftaufwand zu erreichen.<\/p>\n<p style=\"text-align: justify;\">Diese Falter bevorzugen trockene Lebensr\u00e4ume. Wie ihr Name schon verr\u00e4t halten sie sich sehr gerne in der N\u00e4he von Disteln auf.<\/p>\n<p style=\"text-align: justify;\">Die Spitzen ihrer Vorderfl\u00fcgel sind schwarz und darauf befinden sich viele wei\u00dfe Flecken. Die Grundfarbe der Fl\u00fcgeloberseite ist orange-braun.<\/p>\n<p><a href=\"https:\/\/nrw.nabu.de\/tiere-und-pflanzen\/aktionen-und-projekte\/tagfaltermonitoring\/tagfalter-nrw\/22568.html\"><span style=\"font-size: 10pt;\">Weitere Informationen<\/span><\/a><\/p>\n<p style=\"text-align: center;\"><span style=\"text-decoration: underline;\"><strong><a href=\"https:\/\/www.sigmund-schuckert-gymnasium.de\/wordpress\/biologie\/p-seminar-wasserleben-am-woehrder-see\/\">ZUR\u00dcCK ZUR HAUPTSEITE<\/a><\/strong><\/span><\/p>\n","protected":false},"excerpt":{"rendered":"<p>Die Distelfalter (Bild) sind in fast ganz Europa, Asien und Afrika anzutreffen. In Nordamerika und<\/p>\n","protected":false},"author":25,"featured_media":6105,"parent":5984,"menu_order":0,"comment_status":"closed","ping_status":"closed","template":"","meta":{"cybocfi_hide_featured_image":"","footnotes":""},"class_list":["post-6102","page","type-page","status-publish","has-post-thumbnail","hentry"],"_links":{"self":[{"href":"https:\/\/www.sigmund-schuckert-gymnasium.de\/wordpress\/wp-json\/wp\/v2\/pages\/6102","targetHints":{"allow":["GET"]}}],"collection":[{"href":"https:\/\/www.sigmund-schuckert-gymnasium.de\/wordpress\/wp-json\/wp\/v2\/pages"}],"about":[{"href":"https:\/\/www.sigmund-schuckert-gymnasium.de\/wordpress\/wp-json\/wp\/v2\/types\/page"}],"author":[{"embeddable":true,"href":"https:\/\/www.sigmund-schuckert-gymnasium.de\/wordpress\/wp-json\/wp\/v2\/users\/25"}],"replies":[{"embeddable":true,"href":"https:\/\/www.sigmund-schuckert-gymnasium.de\/wordpress\/wp-json\/wp\/v2\/comments?post=6102"}],"version-history":[{"count":5,"href":"https:\/\/www.sigmund-schuckert-gymnasium.de\/wordpress\/wp-json\/wp\/v2\/pages\/6102\/revisions"}],"predecessor-version":[{"id":6282,"href":"https:\/\/www.sigmund-schuckert-gymnasium.de\/wordpress\/wp-json\/wp\/v2\/pages\/6102\/revisions\/6282"}],"up":[{"embeddable":true,"href":"https:\/\/www.sigmund-schuckert-gymnasium.de\/wordpress\/wp-json\/wp\/v2\/pages\/5984"}],"wp:featuredmedia":[{"embeddable":true,"href":"https:\/\/www.sigmund-schuckert-gymnasium.de\/wordpress\/wp-json\/wp\/v2\/media\/6105"}],"wp:attachment":[{"href":"https:\/\/www.sigmund-schuckert-gymnasium.de\/wordpress\/wp-json\/wp\/v2\/media?parent=6102"}],"curies":[{"name":"wp","href":"https:\/\/api.w.org\/{rel}","templated":true}]}}