{"id":6096,"date":"2022-12-07T13:33:47","date_gmt":"2022-12-07T12:33:47","guid":{"rendered":"https:\/\/www.sigmund-schuckert-gymnasium.de\/wordpress\/?page_id=6096"},"modified":"2022-12-07T13:44:11","modified_gmt":"2022-12-07T12:44:11","slug":"kanadagans","status":"publish","type":"page","link":"https:\/\/www.sigmund-schuckert-gymnasium.de\/wordpress\/biologie\/p-seminar-wasserleben-am-woehrder-see\/kanadagans\/","title":{"rendered":"Die Kanadagans (Branta canadensis)"},"content":{"rendered":"<p style=\"text-align: center;\"><img loading=\"lazy\" decoding=\"async\" class=\" wp-image-5988 aligncenter\" src=\"https:\/\/www.sigmund-schuckert-gymnasium.de\/wordpress\/wp-content\/uploads\/2022\/10\/Kanadagans_Branta_canadensis-300x300.jpg\" alt=\"\" width=\"291\" height=\"291\" srcset=\"https:\/\/www.sigmund-schuckert-gymnasium.de\/wordpress\/wp-content\/uploads\/2022\/10\/Kanadagans_Branta_canadensis-300x300.jpg 300w, https:\/\/www.sigmund-schuckert-gymnasium.de\/wordpress\/wp-content\/uploads\/2022\/10\/Kanadagans_Branta_canadensis-1024x1024.jpg 1024w, https:\/\/www.sigmund-schuckert-gymnasium.de\/wordpress\/wp-content\/uploads\/2022\/10\/Kanadagans_Branta_canadensis-150x150.jpg 150w, https:\/\/www.sigmund-schuckert-gymnasium.de\/wordpress\/wp-content\/uploads\/2022\/10\/Kanadagans_Branta_canadensis-768x768.jpg 768w, https:\/\/www.sigmund-schuckert-gymnasium.de\/wordpress\/wp-content\/uploads\/2022\/10\/Kanadagans_Branta_canadensis-1536x1536.jpg 1536w, https:\/\/www.sigmund-schuckert-gymnasium.de\/wordpress\/wp-content\/uploads\/2022\/10\/Kanadagans_Branta_canadensis-scaled.jpg 2048w\" sizes=\"auto, (max-width: 291px) 100vw, 291px\" \/><\/p>\n<p>Einer der bekanntesten und gleichzeitig sch\u00e4dlichsten Tiere f\u00fcr den W\u00f6hrder See!<\/p>\n<p style=\"text-align: justify;\">Und zugleich einer der am meisten vertretenen G\u00e4nsearten! Schon seit vielen Jahren findet sich eine ungew\u00f6hnlich gro\u00dfe Anzahl dieser Schwarzhalse rund um den W\u00f6hrder See. Der schwarze Hals dient hierbei als Erkennungsmerkmal der Kanadagans. Besonders stark finden sie sich auf den Erholungsfl\u00e4chen, was jedoch ein Problem darstellt. G\u00e4nse sind intelligent und ihnen f\u00e4llt schnell auf, dass durch Menschen, Vogelscheuchen und \u00e4hnlichem keine Gefahr droht, was dazu f\u00fchrt, dass sie sich dem Menschen viel st\u00e4rker n\u00e4her als in freier Wildbahn. Vorsicht jedoch! Auch wenn die G\u00e4nse noch so s\u00fc\u00df aussehen, sollte man sich fernhalten und auf sie gar keinen Fall f\u00fcttern. Das F\u00fcttern treibt die G\u00e4nsepopulation und damit das Problem nur weiter hinauf. Mehr beziehungsweise zu viele G\u00e4nse bedeutet f\u00fcr den W\u00f6hrder See eine schnellere und st\u00e4rkere Verunreinigung, durch die G\u00e4nse selber als auch durch die Essensreste. Dies hat bereits 2018 dazu gef\u00fchrt, dass die G\u00e4nse erstmals sogar bejagt wurden, da die Population nicht mehr aufzuhalten war. Jeder kann hier helfen. Die G\u00e4nse haben mehr als genug Futter, was wir hier machen k\u00f6nnen, ist sie zu bestaunen und andererseits in Ruhe zu lassen.<br \/>\n<a href=\"https:\/\/www.nuernberg.de\/internet\/soer_nbg\/gaense.html\" target=\"_blank\" rel=\"noopener\">Weitere Informationen<\/a><\/p>\n<p style=\"text-align: center;\"><span style=\"text-decoration: underline;\"><strong><a href=\"https:\/\/www.sigmund-schuckert-gymnasium.de\/wordpress\/biologie\/p-seminar-wasserleben-am-woehrder-see\/\">ZUR\u00dcCK ZUR HAUPTSEITE<\/a><\/strong><\/span><\/p>\n<p><span style=\"font-size: 8pt; color: #999999;\">Abbildungsquellenverzeichnis<\/span><\/p>\n","protected":false},"excerpt":{"rendered":"<p>Einer der bekanntesten und gleichzeitig sch\u00e4dlichsten Tiere f\u00fcr den W\u00f6hrder See! Und zugleich einer der<\/p>\n","protected":false},"author":25,"featured_media":0,"parent":5984,"menu_order":0,"comment_status":"closed","ping_status":"closed","template":"","meta":{"cybocfi_hide_featured_image":"","footnotes":""},"class_list":["post-6096","page","type-page","status-publish","hentry"],"_links":{"self":[{"href":"https:\/\/www.sigmund-schuckert-gymnasium.de\/wordpress\/wp-json\/wp\/v2\/pages\/6096","targetHints":{"allow":["GET"]}}],"collection":[{"href":"https:\/\/www.sigmund-schuckert-gymnasium.de\/wordpress\/wp-json\/wp\/v2\/pages"}],"about":[{"href":"https:\/\/www.sigmund-schuckert-gymnasium.de\/wordpress\/wp-json\/wp\/v2\/types\/page"}],"author":[{"embeddable":true,"href":"https:\/\/www.sigmund-schuckert-gymnasium.de\/wordpress\/wp-json\/wp\/v2\/users\/25"}],"replies":[{"embeddable":true,"href":"https:\/\/www.sigmund-schuckert-gymnasium.de\/wordpress\/wp-json\/wp\/v2\/comments?post=6096"}],"version-history":[{"count":4,"href":"https:\/\/www.sigmund-schuckert-gymnasium.de\/wordpress\/wp-json\/wp\/v2\/pages\/6096\/revisions"}],"predecessor-version":[{"id":6268,"href":"https:\/\/www.sigmund-schuckert-gymnasium.de\/wordpress\/wp-json\/wp\/v2\/pages\/6096\/revisions\/6268"}],"up":[{"embeddable":true,"href":"https:\/\/www.sigmund-schuckert-gymnasium.de\/wordpress\/wp-json\/wp\/v2\/pages\/5984"}],"wp:attachment":[{"href":"https:\/\/www.sigmund-schuckert-gymnasium.de\/wordpress\/wp-json\/wp\/v2\/media?parent=6096"}],"curies":[{"name":"wp","href":"https:\/\/api.w.org\/{rel}","templated":true}]}}