{"id":607,"date":"2015-12-22T17:19:58","date_gmt":"2015-12-22T16:19:58","guid":{"rendered":"http:\/\/www.sigmund-schuckert-gymnasium.de\/wordpress\/?page_id=607"},"modified":"2025-02-28T12:24:01","modified_gmt":"2025-02-28T11:24:01","slug":"unesco-projekte-am-ssg","status":"publish","type":"page","link":"https:\/\/www.sigmund-schuckert-gymnasium.de\/wordpress\/unesco-projekte-am-ssg\/","title":{"rendered":"Unesco-Projekte am SSG"},"content":{"rendered":"<h2 class=\"contentheading\">Projekte<\/h2>\n<div id=\"article-index\">\n<ul>\n<li><a class=\"toclink active\" href=\"https:\/\/www.sigmund-schuckert-gymnasium.de\/wordpress\/unesco-projekte-am-ssg\/\">Projekte<\/a><\/li>\n<li><a class=\"toclink\" href=\"https:\/\/www.sigmund-schuckert-gymnasium.de\/wordpress\/projekte-interkulturelles-lernen\/\">Interkulturelles lernen<\/a><\/li>\n<li><a class=\"toclink\" href=\"https:\/\/www.sigmund-schuckert-gymnasium.de\/wordpress\/projekte-welterbe\/\">Welterbe<\/a><\/li>\n<li><a class=\"toclink\" href=\"https:\/\/www.sigmund-schuckert-gymnasium.de\/wordpress\/projekte-integration-und-inklusion\/\">Intergration und Inklusion<\/a><\/li>\n<li><a class=\"toclink\" href=\"https:\/\/www.sigmund-schuckert-gymnasium.de\/wordpress\/projekte-globales-lernen\/\">Globales Lernen<\/a><\/li>\n<li><a class=\"toclink\" href=\"https:\/\/www.sigmund-schuckert-gymnasium.de\/wordpress\/projekte-erziehung\">Menschenrechts- Demokratie- und Friedenserziehung<\/a><\/li>\n<li><a class=\"toclink\" href=\"https:\/\/www.sigmund-schuckert-gymnasium.de\/wordpress\/projekte-alle-seiten\/\">Alle Seiten<\/a><\/li>\n<\/ul>\n<\/div>\n<div class=\"pagenavcounter\">Seite 1 von 6<\/div>\n<div class=\"pagenavcounter\"><\/div>\n<p><strong>60 Jahre UNESCO-Projektschulen \u2013 Er\u00f6ffnung einer Wanderausstellung im N\u00fcrnberger Rathaus<\/strong><\/p>\n<p>Anl\u00e4sslich des diesj\u00e4hrigen 60. Jahrestages des Bestehens des internationalen Netzwerkes der UNESCO-Projektschulen bereiteten die vier N\u00fcrnberger UNESCO-Projektschulen eine Wanderausstellung zu diesem Thema vor. N\u00fcrnberg ist die Stadt in Bayern mit den meisten UNESCO-Projektschulen (Bertolt-Brecht-Schule, Hans-Sachs-Gymnasium, Sigmund-Schuckert-Gymnasium und Rudolf Steiner-Schule), die dar\u00fcber hinaus intensiv zusammenarbeiten. Deshalb lag es nahe, der N\u00fcrnberger Bev\u00f6lkerung in einer Wanderausstellung diese Besonderheit n\u00e4her zu bringen.<\/p>\n<p>Auf der Grundlage der Texte und Fotos der letztes Jahr erschienenen Brosch\u00fcre \u201eUNESCO-Projektschulen Bayern&#8220; wurden von den o.a. vier Schulen gemeinsam einheitliche Rollscreens entworfen. Dankenswerterweise wurde uns von der Bundeskoordination eine gro\u00dfformatige Stellwand \u201e60 Jahre UNESCO-Projektschulen in Deutschland&#8220; zur Verf\u00fcgung gestellt, die bei der kurz vorher stattgefundenen Bundestagung der deutschen UNESCO-Projektschulen in Karlsruhe zu sehen gewesen war.<\/p>\n<p>Als zentraler Ort f\u00fcr die Ausstellungser\u00f6ffnung bot sich das N\u00fcrnberger Rathaus an. Nachdem langfristig alle Schulleiter der vier N\u00fcrnberger UNESCO-Projektschulen sich auf einen Termin festlegen lie\u00dfen, konnte am 23. Oktober um 18.30 Uhr die feierliche Er\u00f6ffnung beginnen. Neben Gru\u00dfworten vom Hausherrn Herrn Dr. Gsell (Schulb\u00fcrgermeister) und von Herrn Dr. M\u00fcller als stellvertretenden Ministerialbeauftragten f\u00fcr die Gymnasien in Mittelfranken gab die Landeskoordinatorin der bayerischen UNESCO-Projektschulen, Frau Steidel-Paschold, einen kurzen \u00dcberblick \u00fcber die Entstehungsgeschichte der UNESCO-Projektschulen. Musikalisch eingerahmt wurde diese Veranstaltung von zwei Solisten (Violine und Akkordeon) der Rudolf Steiner-Schule N\u00fcrnberg. Lehrlinge der Hauswirtschaft der Rudolf Steiner-Schule sorgten f\u00fcr die Verk\u00f6stigung der G\u00e4ste.<\/p>\n<p>Diese Ausstellung wird auch bei der Landestagung der bayerischen UNESCO-Projektschulen im November in der Akademie f\u00fcr Lehrerfortbildung und Personalf\u00fchrung in Dillingen zu sehen sein.<\/p>\n<p>Weitere Fotos: <a href=\"http:\/\/www.flickr.com\/photos\/106816027@N03\/sets\/72157637018171053\/\" target=\"_blank\" rel=\"noopener\">hier<\/a><\/p>\n<div class=\"pagination\">\n<ul>\n<li><a href=\"https:\/\/www.sigmund-schuckert-gymnasium.de\/wordpress\/projekte-interkulturelles-lernen\/\">Weiter &gt;&gt;<\/a><\/li>\n<\/ul>\n<\/div>\n","protected":false},"excerpt":{"rendered":"<p>Projekte Projekte Interkulturelles lernen Welterbe Intergration und Inklusion Globales Lernen Menschenrechts- Demokratie- und Friedenserziehung Alle<\/p>\n","protected":false},"author":1,"featured_media":0,"parent":0,"menu_order":0,"comment_status":"closed","ping_status":"closed","template":"","meta":{"cybocfi_hide_featured_image":"","footnotes":""},"class_list":["post-607","page","type-page","status-publish","hentry"],"_links":{"self":[{"href":"https:\/\/www.sigmund-schuckert-gymnasium.de\/wordpress\/wp-json\/wp\/v2\/pages\/607","targetHints":{"allow":["GET"]}}],"collection":[{"href":"https:\/\/www.sigmund-schuckert-gymnasium.de\/wordpress\/wp-json\/wp\/v2\/pages"}],"about":[{"href":"https:\/\/www.sigmund-schuckert-gymnasium.de\/wordpress\/wp-json\/wp\/v2\/types\/page"}],"author":[{"embeddable":true,"href":"https:\/\/www.sigmund-schuckert-gymnasium.de\/wordpress\/wp-json\/wp\/v2\/users\/1"}],"replies":[{"embeddable":true,"href":"https:\/\/www.sigmund-schuckert-gymnasium.de\/wordpress\/wp-json\/wp\/v2\/comments?post=607"}],"version-history":[{"count":7,"href":"https:\/\/www.sigmund-schuckert-gymnasium.de\/wordpress\/wp-json\/wp\/v2\/pages\/607\/revisions"}],"predecessor-version":[{"id":7675,"href":"https:\/\/www.sigmund-schuckert-gymnasium.de\/wordpress\/wp-json\/wp\/v2\/pages\/607\/revisions\/7675"}],"wp:attachment":[{"href":"https:\/\/www.sigmund-schuckert-gymnasium.de\/wordpress\/wp-json\/wp\/v2\/media?parent=607"}],"curies":[{"name":"wp","href":"https:\/\/api.w.org\/{rel}","templated":true}]}}