{"id":5984,"date":"2022-10-04T14:17:55","date_gmt":"2022-10-04T12:17:55","guid":{"rendered":"https:\/\/www.sigmund-schuckert-gymnasium.de\/wordpress\/?page_id=5984"},"modified":"2022-12-07T13:30:34","modified_gmt":"2022-12-07T12:30:34","slug":"p-seminar-wasserleben-am-woehrder-see","status":"publish","type":"page","link":"https:\/\/www.sigmund-schuckert-gymnasium.de\/wordpress\/biologie\/p-seminar-wasserleben-am-woehrder-see\/","title":{"rendered":"P-Seminar Was(s)erleben am W\u00f6hrder See"},"content":{"rendered":"<p>Tiere, die am W\u00f6hrder See zu finden sind:<\/p>\n<ul>\n<li>V\u00f6gel: <a href=\"https:\/\/www.sigmund-schuckert-gymnasium.de\/wordpress\/biologie\/p-seminar-wasserleben-am-woehrder-see\/blaesshuhn\/\">Bl\u00e4ssh\u00fchner<\/a>, <a href=\"https:\/\/www.sigmund-schuckert-gymnasium.de\/wordpress\/biologie\/p-seminar-wasserleben-am-woehrder-see\/hoeckerschwan\/\">H\u00f6ckerschw\u00e4ne<\/a>, <a style=\"font-size: 1.125rem;\" href=\"https:\/\/www.sigmund-schuckert-gymnasium.de\/wordpress\/biologie\/p-seminar-wasserleben-am-woehrder-see\/kanadagans\/\">Kanadag\u00e4nse<\/a><span style=\"font-size: 1.125rem;\">,\u00a0<\/span><a href=\"https:\/\/www.sigmund-schuckert-gymnasium.de\/wordpress\/biologie\/p-seminar-wasserleben-am-woehrder-see\/kormoran\/\">Kormorane<\/a>,\u00a0<a href=\"https:\/\/www.sigmund-schuckert-gymnasium.de\/wordpress\/biologie\/p-seminar-wasserleben-am-woehrder-see\/rohrspatz\/\">Rohrammer<\/a><\/li>\n<li>Insekten: <a href=\"https:\/\/www.sigmund-schuckert-gymnasium.de\/wordpress\/biologie\/p-seminar-wasserleben-am-woehrder-see\/blutzikade\/\">Blutzikaden<\/a>,\u00a0<a href=\"https:\/\/www.sigmund-schuckert-gymnasium.de\/wordpress\/biologie\/p-seminar-wasserleben-am-woehrder-see\/distelfalter\">Distelfalter<\/a>,\u00a0<a href=\"https:\/\/www.sigmund-schuckert-gymnasium.de\/wordpress\/biologie\/p-seminar-wasserleben-am-woehrder-see\/hainschwebfliege\/\">Hainschwebfliegen<\/a>,\u00a0<a href=\"https:\/\/www.sigmund-schuckert-gymnasium.de\/wordpress\/libelle\/\">Libellen<\/a>,\u00a0<a href=\"https:\/\/www.sigmund-schuckert-gymnasium.de\/wordpress\/biologie\/p-seminar-wasserleben-am-woehrder-see\/nesselfalter-aglais-urticae\/\">Nesselfalter<\/a>, <a href=\"https:\/\/www.sigmund-schuckert-gymnasium.de\/wordpress\/biologie\/p-seminar-wasserleben-am-woehrder-see\/marienkaefer\/\">Siebenpunkte<\/a>,\u00a0 <a href=\"https:\/\/www.sigmund-schuckert-gymnasium.de\/wordpress\/biologie\/p-seminar-wasserleben-am-woehrder-see\/zitronenfalter\/\">Zitronenfalter<\/a><\/li>\n<li>weitere Wirbeltiere:\u00a0<a href=\"https:\/\/www.sigmund-schuckert-gymnasium.de\/wordpress\/biologie\/p-seminar-wasserleben-am-woehrder-see\/aesche\/\">\u00c4schen<\/a>,\u00a0<a href=\"https:\/\/www.sigmund-schuckert-gymnasium.de\/wordpress\/biologie\/p-seminar-wasserleben-am-woehrder-see\/biber\/\">Biber<\/a><\/li>\n<\/ul>\n<p>Probleme bereiten den Bewohnern &#8211; egal ob vor Ort oder auch weiter entfernt &#8211; vor allem der M\u00fcll. Hier finden sich Informationen zu folgenden Themen:<\/p>\n<ul>\n<li><a href=\"https:\/\/www.sigmund-schuckert-gymnasium.de\/wordpress\/biologie\/p-seminar-wasserleben-am-woehrder-see\/abfall-im-see\/\">Abfall in und am W\u00f6hrder See<\/a><\/li>\n<li><a href=\"https:\/\/www.sigmund-schuckert-gymnasium.de\/wordpress\/biologie\/p-seminar-wasserleben-am-woehrder-see\/zigaretten\/\">Zigaretten-Kippen<\/a><\/li>\n<li><a href=\"https:\/\/www.sigmund-schuckert-gymnasium.de\/wordpress\/biologie\/p-seminar-wasserleben-am-woehrder-see\/plastikmuell-im-wasser\/\">Plastikm\u00fcll im Wasser<\/a><\/li>\n<li><a href=\"https:\/\/www.sigmund-schuckert-gymnasium.de\/wordpress\/biologie\/p-seminar-wasserleben-am-woehrder-see\/wo-kommt-der-muell-hin\/\">Quo vadis, M\u00fcll?<\/a><\/li>\n<\/ul>\n<p>&nbsp;<\/p>\n","protected":false},"excerpt":{"rendered":"<p>Tiere, die am W\u00f6hrder See zu finden sind: V\u00f6gel: Bl\u00e4ssh\u00fchner, H\u00f6ckerschw\u00e4ne, Kanadag\u00e4nse,\u00a0Kormorane,\u00a0Rohrammer Insekten: Blutzikaden,\u00a0Distelfalter,\u00a0Hainschwebfliegen,\u00a0Libellen,\u00a0Nesselfalter, Siebenpunkte,\u00a0<\/p>\n","protected":false},"author":25,"featured_media":6236,"parent":543,"menu_order":0,"comment_status":"closed","ping_status":"closed","template":"","meta":{"cybocfi_hide_featured_image":"","footnotes":""},"class_list":["post-5984","page","type-page","status-publish","has-post-thumbnail","hentry"],"_links":{"self":[{"href":"https:\/\/www.sigmund-schuckert-gymnasium.de\/wordpress\/wp-json\/wp\/v2\/pages\/5984","targetHints":{"allow":["GET"]}}],"collection":[{"href":"https:\/\/www.sigmund-schuckert-gymnasium.de\/wordpress\/wp-json\/wp\/v2\/pages"}],"about":[{"href":"https:\/\/www.sigmund-schuckert-gymnasium.de\/wordpress\/wp-json\/wp\/v2\/types\/page"}],"author":[{"embeddable":true,"href":"https:\/\/www.sigmund-schuckert-gymnasium.de\/wordpress\/wp-json\/wp\/v2\/users\/25"}],"replies":[{"embeddable":true,"href":"https:\/\/www.sigmund-schuckert-gymnasium.de\/wordpress\/wp-json\/wp\/v2\/comments?post=5984"}],"version-history":[{"count":25,"href":"https:\/\/www.sigmund-schuckert-gymnasium.de\/wordpress\/wp-json\/wp\/v2\/pages\/5984\/revisions"}],"predecessor-version":[{"id":5989,"href":"https:\/\/www.sigmund-schuckert-gymnasium.de\/wordpress\/wp-json\/wp\/v2\/pages\/5984\/revisions\/5989"}],"up":[{"embeddable":true,"href":"https:\/\/www.sigmund-schuckert-gymnasium.de\/wordpress\/wp-json\/wp\/v2\/pages\/543"}],"wp:featuredmedia":[{"embeddable":true,"href":"https:\/\/www.sigmund-schuckert-gymnasium.de\/wordpress\/wp-json\/wp\/v2\/media\/6236"}],"wp:attachment":[{"href":"https:\/\/www.sigmund-schuckert-gymnasium.de\/wordpress\/wp-json\/wp\/v2\/media?parent=5984"}],"curies":[{"name":"wp","href":"https:\/\/api.w.org\/{rel}","templated":true}]}}