{"id":597,"date":"2015-12-22T17:14:39","date_gmt":"2015-12-22T16:14:39","guid":{"rendered":"http:\/\/www.sigmund-schuckert-gymnasium.de\/wordpress\/?page_id=597"},"modified":"2015-12-22T17:37:54","modified_gmt":"2015-12-22T16:37:54","slug":"projekte-globales-lernen","status":"publish","type":"page","link":"https:\/\/www.sigmund-schuckert-gymnasium.de\/wordpress\/projekte-globales-lernen\/","title":{"rendered":"Projekte &#8211; Globales Lernen"},"content":{"rendered":"<h2 class=\"contentheading\">Globales Lernen<\/h2>\n<div id=\"article-index\">\n<ul>\n<li><a class=\"toclink\" href=\"https:\/\/www.sigmund-schuckert-gymnasium.de\/wordpress\/unesco-projekte-am-ssg\/\">Projekte<\/a><\/li>\n<li><a class=\"toclink\" href=\"https:\/\/www.sigmund-schuckert-gymnasium.de\/wordpress\/projekte-interkulturelles-lernen\/\">Interkulturelles lernen<\/a><\/li>\n<li><a class=\"toclink\" href=\"https:\/\/www.sigmund-schuckert-gymnasium.de\/wordpress\/projekte-welterbe\/\">Welterbe<\/a><\/li>\n<li><a class=\"toclink\" href=\"https:\/\/www.sigmund-schuckert-gymnasium.de\/wordpress\/projekte-integration-und-inklusion\/\">Integration und Inklusion<\/a><\/li>\n<li><a class=\"toclink active\" href=\"https:\/\/www.sigmund-schuckert-gymnasium.de\/wordpress\/projekte-globales-lernen\/\">Globales Lernen<\/a><\/li>\n<li><a class=\"toclink\" href=\"https:\/\/www.sigmund-schuckert-gymnasium.de\/wordpress\/projekte-erziehung\">Menschenrechts- Demokratie- und Friedenserziehung<\/a><\/li>\n<li><a class=\"toclink\" href=\"https:\/\/www.sigmund-schuckert-gymnasium.de\/wordpress\/projekte-alle-seiten\/\">Alle Seiten<\/a><\/li>\n<\/ul>\n<\/div>\n<div class=\"pagenavcounter\">Seite 5 von 6<\/div>\n<div class=\"pagenavcounter\"><\/div>\n<p><strong>Globales Lernen<\/strong><\/p>\n<p>Seit dem Schuljahr 2010\/11 unterst\u00fctzt das Sigmund-Schuckert-Gymnasium das durch den ehemaligen Bundeskoordinator initiierte Projekt \u201eModellschulen f\u00fcr Tansania\u201c. Bei einem Spendenlauf, an dem sich neben der gesamten Schulfamilie des SSG auch andere N\u00fcrnberger UNESCO-Projektschulen beteiligten, kamen \u00fcber 5000 Euro zusammen. Diese Unterst\u00fctzung soll langfristig angelegt sein. So flie\u00dfen immer wieder die Erl\u00f6se von Aktionen, die w\u00e4hrend des Schuljahres durchgef\u00fchrt werden auf das Spendenkonto von \u201eSchools for Africa&#8220;.<\/p>\n<p><img loading=\"lazy\" decoding=\"async\" class=\"alignnone\" src=\"https:\/\/www.sigmund-schuckert-gymnasium.de\/joomlaneu\/images\/Spendenlauf%20scheck%203.jpg\" alt=\"\" width=\"440\" height=\"293\" border=\"0\" \/><\/p>\n<p><img loading=\"lazy\" decoding=\"async\" class=\"alignnone\" src=\"https:\/\/www.sigmund-schuckert-gymnasium.de\/joomlaneu\/images\/Spendenlauf%20chef%203.jpg\" alt=\"\" width=\"393\" height=\"293\" border=\"0\" \/><\/p>\n<p>Die 8. Klassen spenden regelm\u00e4\u00dfig gegen Ende des Schuljahres einen Tag lang ihre Arbeitskraft und k\u00f6nnen so die Initiative \u201eMein Tag f\u00fcr Afrika\u201c mit einer respektablen Summe unterst\u00fctzen.<\/p>\n<p>In zahlreichen Projekten unterschiedlicher F\u00e4cher lernen unsere Sch\u00fcler, wie sie pers\u00f6nliche Mitverantwortung erkennen, annehmen und zun\u00e4chst auf lokaler und regionaler Ebene, sp\u00e4ter auch im globalen Rahmen handelnd umsetzen k\u00f6nnen und somit ihren Beitrag leisten f\u00fcr eine lebenswerte Zukunft f\u00fcr alle in der Einen Welt. Stellvertretend sei ein Projekt im Ethikunterricht zu &#8222;schmutziger Schokolade&#8220; genannt, das die Herstellungsbedingungen von Kakao vor allem in Ghana thematisiert. Auf Plakaten im Schulhaus und durch eine Unterschriftensammlung unter Sch\u00fclern und Lehrern, unterst\u00fctzt das SSG einen Aufruf an die gro\u00dfen Schokoladenfirmen, die Kindersklaverei abzuschaffen und f\u00fcr eine gerechte Bezahlung der Kakaobauern zu sorgen.<\/p>\n<div class=\"pagination\">\n<ul>\n<li><a href=\"https:\/\/www.sigmund-schuckert-gymnasium.de\/wordpress\/projekte-integration-und-inklusion\/\">&lt;&lt; Zur\u00fcck<\/a><\/li>\n<li><a href=\"https:\/\/www.sigmund-schuckert-gymnasium.de\/wordpress\/projekte-erziehung\">Weiter &gt;&gt;<\/a><\/li>\n<\/ul>\n<\/div>\n","protected":false},"excerpt":{"rendered":"<p>Globales Lernen Projekte Interkulturelles lernen Welterbe Integration und Inklusion Globales Lernen Menschenrechts- Demokratie- und Friedenserziehung<\/p>\n","protected":false},"author":1,"featured_media":0,"parent":0,"menu_order":0,"comment_status":"closed","ping_status":"closed","template":"","meta":{"cybocfi_hide_featured_image":"","footnotes":""},"class_list":["post-597","page","type-page","status-publish","hentry"],"_links":{"self":[{"href":"https:\/\/www.sigmund-schuckert-gymnasium.de\/wordpress\/wp-json\/wp\/v2\/pages\/597","targetHints":{"allow":["GET"]}}],"collection":[{"href":"https:\/\/www.sigmund-schuckert-gymnasium.de\/wordpress\/wp-json\/wp\/v2\/pages"}],"about":[{"href":"https:\/\/www.sigmund-schuckert-gymnasium.de\/wordpress\/wp-json\/wp\/v2\/types\/page"}],"author":[{"embeddable":true,"href":"https:\/\/www.sigmund-schuckert-gymnasium.de\/wordpress\/wp-json\/wp\/v2\/users\/1"}],"replies":[{"embeddable":true,"href":"https:\/\/www.sigmund-schuckert-gymnasium.de\/wordpress\/wp-json\/wp\/v2\/comments?post=597"}],"version-history":[{"count":4,"href":"https:\/\/www.sigmund-schuckert-gymnasium.de\/wordpress\/wp-json\/wp\/v2\/pages\/597\/revisions"}],"predecessor-version":[{"id":630,"href":"https:\/\/www.sigmund-schuckert-gymnasium.de\/wordpress\/wp-json\/wp\/v2\/pages\/597\/revisions\/630"}],"wp:attachment":[{"href":"https:\/\/www.sigmund-schuckert-gymnasium.de\/wordpress\/wp-json\/wp\/v2\/media?parent=597"}],"curies":[{"name":"wp","href":"https:\/\/api.w.org\/{rel}","templated":true}]}}