{"id":596,"date":"2015-12-22T17:14:37","date_gmt":"2015-12-22T16:14:37","guid":{"rendered":"http:\/\/www.sigmund-schuckert-gymnasium.de\/wordpress\/?page_id=596"},"modified":"2015-12-22T17:37:41","modified_gmt":"2015-12-22T16:37:41","slug":"projekte-integration-und-inklusion","status":"publish","type":"page","link":"https:\/\/www.sigmund-schuckert-gymnasium.de\/wordpress\/projekte-integration-und-inklusion\/","title":{"rendered":"Projekte &#8211; Intergration und Inklusion"},"content":{"rendered":"<h2 class=\"contentheading\">Intergration und Inklusion<\/h2>\n<div id=\"article-index\">\n<ul>\n<li><a class=\"toclink\" href=\"https:\/\/www.sigmund-schuckert-gymnasium.de\/wordpress\/unesco-projekte-am-ssg\/\">Projekte<\/a><\/li>\n<li><a class=\"toclink\" href=\"https:\/\/www.sigmund-schuckert-gymnasium.de\/wordpress\/projekte-interkulturelles-lernen\/\">Interkulturelles lernen<\/a><\/li>\n<li><a class=\"toclink\" href=\"https:\/\/www.sigmund-schuckert-gymnasium.de\/wordpress\/projekte-welterbe\/\">Welterbe<\/a><\/li>\n<li><a class=\"toclink active\" href=\"https:\/\/www.sigmund-schuckert-gymnasium.de\/wordpress\/projekte-integration-und-inklusion\/\">Integration und Inklusion<\/a><\/li>\n<li><a class=\"toclink\" href=\"https:\/\/www.sigmund-schuckert-gymnasium.de\/wordpress\/projekte-globales-lernen\/\">Globales Lernen<\/a><\/li>\n<li><a class=\"toclink\" href=\"https:\/\/www.sigmund-schuckert-gymnasium.de\/wordpress\/projekte-erziehung\">Menschenrechts- Demokratie- und Friedenserziehung<\/a><\/li>\n<li><a class=\"toclink\" href=\"https:\/\/www.sigmund-schuckert-gymnasium.de\/wordpress\/projekte-alle-seiten\/\">Alle Seiten<\/a><\/li>\n<\/ul>\n<\/div>\n<div class=\"pagenavcounter\">Seite 4 von 6<\/div>\n<div class=\"pagenavcounter\"><\/div>\n<p><strong>Intergration und Inklusion<\/strong><\/p>\n<p>Die Inklusion von Sch\u00fclerInnen mit k\u00f6rperlichem oder mentalem Handicap ist uns ein wichtiges Anliegen.<\/p>\n<p>Das Projekt mit dem Titel \u201eAnders &#8211; na und?\u201c f\u00fcr die 7. Klassen hat zum Ziel die Empathief\u00e4higkeit der Sch\u00fcler zu f\u00f6rdern und Ber\u00fchrungs\u00e4ngste abzubauen. Hierbei lernen die Sch\u00fclerInnen w\u00e4hrend einer Exkursion Menschen kennen, die \u201eanders\u201c sind, z.B. im Rahmen einer Stadtf\u00fchrung durch Verk\u00e4ufer des Obdachlosenmagazins Stra\u00dfenkreuzer oder bei dem Besuch einer Behinderten- werkstatt. An drei Projekttagen erarbeiten die Sch\u00fclerInnen dann im Klassen- verband eigene Projekte, die sie ihren Mitsch\u00fclerInnen vorstellen bzw. an denen diese aktiv teilnehmen k\u00f6nnen. So entstand in diesem Schuljahr zum Beispiel ein Parcours, in dem man sich in einen Menschen mit Handicap hinein versetzen kann. Sie drehten Filme \u00fcber Armut und Obdachlosigkeit, spielten kleine Theater- st\u00fccke, organisierten einen Hilfsbasar und entwarfen eine SSG- Weltkarte, auf der die Sch\u00fcler ihre Herkunftsl\u00e4nder markieren konnten.<\/p>\n<p><img decoding=\"async\" src=\"https:\/\/www.sigmund-schuckert-gymnasium.de\/joomlaneu\/images\/Integration%20und%20Inklusion%201.jpg\" alt=\"\" border=\"0\" \/><\/p>\n<div class=\"pagination\">\n<ul>\n<li><a href=\"https:\/\/www.sigmund-schuckert-gymnasium.de\/wordpress\/projekte-welterbe\/\">&lt;&lt; Zur\u00fcck<\/a><\/li>\n<li><a href=\"https:\/\/www.sigmund-schuckert-gymnasium.de\/wordpress\/projekte-globales-lernen\/\">Weiter &gt;&gt;<\/a><\/li>\n<\/ul>\n<\/div>\n","protected":false},"excerpt":{"rendered":"<p>Intergration und Inklusion Projekte Interkulturelles lernen Welterbe Integration und Inklusion Globales Lernen Menschenrechts- Demokratie- und<\/p>\n","protected":false},"author":1,"featured_media":0,"parent":0,"menu_order":0,"comment_status":"closed","ping_status":"closed","template":"","meta":{"cybocfi_hide_featured_image":"","footnotes":""},"class_list":["post-596","page","type-page","status-publish","hentry"],"_links":{"self":[{"href":"https:\/\/www.sigmund-schuckert-gymnasium.de\/wordpress\/wp-json\/wp\/v2\/pages\/596","targetHints":{"allow":["GET"]}}],"collection":[{"href":"https:\/\/www.sigmund-schuckert-gymnasium.de\/wordpress\/wp-json\/wp\/v2\/pages"}],"about":[{"href":"https:\/\/www.sigmund-schuckert-gymnasium.de\/wordpress\/wp-json\/wp\/v2\/types\/page"}],"author":[{"embeddable":true,"href":"https:\/\/www.sigmund-schuckert-gymnasium.de\/wordpress\/wp-json\/wp\/v2\/users\/1"}],"replies":[{"embeddable":true,"href":"https:\/\/www.sigmund-schuckert-gymnasium.de\/wordpress\/wp-json\/wp\/v2\/comments?post=596"}],"version-history":[{"count":4,"href":"https:\/\/www.sigmund-schuckert-gymnasium.de\/wordpress\/wp-json\/wp\/v2\/pages\/596\/revisions"}],"predecessor-version":[{"id":629,"href":"https:\/\/www.sigmund-schuckert-gymnasium.de\/wordpress\/wp-json\/wp\/v2\/pages\/596\/revisions\/629"}],"wp:attachment":[{"href":"https:\/\/www.sigmund-schuckert-gymnasium.de\/wordpress\/wp-json\/wp\/v2\/media?parent=596"}],"curies":[{"name":"wp","href":"https:\/\/api.w.org\/{rel}","templated":true}]}}