{"id":595,"date":"2015-12-22T17:14:35","date_gmt":"2015-12-22T16:14:35","guid":{"rendered":"http:\/\/www.sigmund-schuckert-gymnasium.de\/wordpress\/?page_id=595"},"modified":"2015-12-22T17:37:31","modified_gmt":"2015-12-22T16:37:31","slug":"projekte-welterbe","status":"publish","type":"page","link":"https:\/\/www.sigmund-schuckert-gymnasium.de\/wordpress\/projekte-welterbe\/","title":{"rendered":"Projekte &#8211; Welterbe"},"content":{"rendered":"<h2 class=\"contentheading\">Welterbe<\/h2>\n<div id=\"article-index\">\n<ul>\n<li><a class=\"toclink\" href=\"https:\/\/www.sigmund-schuckert-gymnasium.de\/wordpress\/unesco-projekte-am-ssg\/\">Projekte<\/a><\/li>\n<li><a class=\"toclink\" href=\"https:\/\/www.sigmund-schuckert-gymnasium.de\/wordpress\/projekte-interkulturelles-lernen\/\">Interkulturelles lernen<\/a><\/li>\n<li><a class=\"toclink active\" href=\"https:\/\/www.sigmund-schuckert-gymnasium.de\/wordpress\/projekte-welterbe\/\">Welterbe<\/a><\/li>\n<li><a class=\"toclink\" href=\"https:\/\/www.sigmund-schuckert-gymnasium.de\/wordpress\/projekte-integration-und-inklusion\/\">Integration und Inklusion<\/a><\/li>\n<li><a class=\"toclink\" href=\"https:\/\/www.sigmund-schuckert-gymnasium.de\/wordpress\/projekte-globales-lernen\/\">Globales Lernen<\/a><\/li>\n<li><a class=\"toclink\" href=\"https:\/\/www.sigmund-schuckert-gymnasium.de\/wordpress\/projekte-erziehung\">Menschenrechts- Demokratie- und Friedenserziehung<\/a><\/li>\n<li><a class=\"toclink\" href=\"https:\/\/www.sigmund-schuckert-gymnasium.de\/wordpress\/projekte-alle-seiten\/\">Alle Seiten<\/a><\/li>\n<\/ul>\n<\/div>\n<div class=\"pagenavcounter\">Seite 3 von 6<\/div>\n<div class=\"pagenavcounter\"><\/div>\n<p><strong>Welterbe<br \/>\n<\/strong><\/p>\n<p>Die Besch\u00e4ftigung mit dem UNESCO-Welterbe-Gedanken findet durch die regelm\u00e4\u00dfige Teilnahme am bayerischen UNESCO-Jugendforum statt. Dieses Forum f\u00fchrt jedes Jahr Sch\u00fclerinnen und Sch\u00fcler aller bayerischen UNESCO- Projektschulen zusammen. Schulart\u00fcbergreifend arbeiten sie in Arbeitsgruppen und Exkursionen zu UNESCO-spezifischen Themen. So zum Beispiel 2012 zum Thema \u201eWelterbe verstehen und annehmen\u201c.<\/p>\n<p><img decoding=\"async\" src=\"https:\/\/www.sigmund-schuckert-gymnasium.de\/joomlaneu\/images\/Welterbe%203.jpg\" alt=\"\" border=\"0\" \/><\/p>\n<p>&nbsp;<\/p>\n<p>Regelm\u00e4\u00dfig besuchen die Sch\u00fclerInnen der 7. Klassen Trier, Deutschlands \u00e4lteste, als Augusta Treverorum von den R\u00f6mern gegr\u00fcndete Stadt. In selbst erstellten F\u00fchrungen erkunden sie das UNESCO-Kulturerbe. Sie lassen sich von einem Gladiator und Legion\u00e4r im Amphitheater und in der Porta Nigra in die Zeit der R\u00f6mer entf\u00fchren und begeben sich auf Schatzsuche im Rheinischen Landesmuseum.<\/p>\n<p>Zahlreiche Exkursionen und Fahrten zu Weltkulturerbe-St\u00e4tten in der n\u00e4heren Umgebung, z.B zur Welterbe-Stadt Bamberg oder auch in der Ferne, z.B. in Jerusalem oder im Rahmen des Sch\u00fcleraustausches auf der Insel La R\u00e9union, deren einzigartige Vulkanlandschaft auf der Welterbeliste der UNESCO steht, dienen auch der Wertsch\u00e4tzung und Bewahrung unseres kulturellen Erbes.<\/p>\n<p>Der Freistaat Bayern hat den N\u00fcrnberger Schwurgerichtssaal 600 f\u00fcr die Aufnahme ins Weltkulturerbe der UNESCO vorgeschlagen. Der Saal gilt als Geburtsort des V\u00f6lkerstrafrechts. Dieses Bem\u00fchen des Freistaats zusammen mit der Stadt N\u00fcrnberg verfolgen wir an unserer Schule mit gro\u00dfem Interesse. Nicht zuletzt, weil Elftkl\u00e4ssler des SSG am Audioguide f\u00fcr das neueste Museum der Stadt N\u00fcrnberg mitgewirkt haben. Das Memorium N\u00fcrnberger Prozesse befasst sich mit den N\u00fcrnberger Kriegsverbrecherprozessen. Ein Jahr lang haben unsere Sch\u00fcler an den Jugendaudioguides gearbeitet und dabei auch mit hochkar\u00e4tigen Zeitzeugen, wie z.B. dem Chefankl\u00e4ger Benjamin Ferencz, Gespr\u00e4che gef\u00fchrt.<\/p>\n<p>&nbsp;<\/p>\n<div class=\"pagination\">\n<ul>\n<li><a href=\"https:\/\/www.sigmund-schuckert-gymnasium.de\/wordpress\/projekte-interkulturelles-lernen\/\">&lt;&lt; Zur\u00fcck<\/a><\/li>\n<li><a href=\"https:\/\/www.sigmund-schuckert-gymnasium.de\/wordpress\/projekte-integration-und-inklusion\/\">Weiter &gt;&gt;<\/a><\/li>\n<\/ul>\n<\/div>\n","protected":false},"excerpt":{"rendered":"<p>Welterbe Projekte Interkulturelles lernen Welterbe Integration und Inklusion Globales Lernen Menschenrechts- Demokratie- und Friedenserziehung Alle<\/p>\n","protected":false},"author":1,"featured_media":0,"parent":0,"menu_order":0,"comment_status":"closed","ping_status":"closed","template":"","meta":{"cybocfi_hide_featured_image":"","footnotes":""},"class_list":["post-595","page","type-page","status-publish","hentry"],"_links":{"self":[{"href":"https:\/\/www.sigmund-schuckert-gymnasium.de\/wordpress\/wp-json\/wp\/v2\/pages\/595","targetHints":{"allow":["GET"]}}],"collection":[{"href":"https:\/\/www.sigmund-schuckert-gymnasium.de\/wordpress\/wp-json\/wp\/v2\/pages"}],"about":[{"href":"https:\/\/www.sigmund-schuckert-gymnasium.de\/wordpress\/wp-json\/wp\/v2\/types\/page"}],"author":[{"embeddable":true,"href":"https:\/\/www.sigmund-schuckert-gymnasium.de\/wordpress\/wp-json\/wp\/v2\/users\/1"}],"replies":[{"embeddable":true,"href":"https:\/\/www.sigmund-schuckert-gymnasium.de\/wordpress\/wp-json\/wp\/v2\/comments?post=595"}],"version-history":[{"count":4,"href":"https:\/\/www.sigmund-schuckert-gymnasium.de\/wordpress\/wp-json\/wp\/v2\/pages\/595\/revisions"}],"predecessor-version":[{"id":628,"href":"https:\/\/www.sigmund-schuckert-gymnasium.de\/wordpress\/wp-json\/wp\/v2\/pages\/595\/revisions\/628"}],"wp:attachment":[{"href":"https:\/\/www.sigmund-schuckert-gymnasium.de\/wordpress\/wp-json\/wp\/v2\/media?parent=595"}],"curies":[{"name":"wp","href":"https:\/\/api.w.org\/{rel}","templated":true}]}}