{"id":593,"date":"2015-12-22T17:14:31","date_gmt":"2015-12-22T16:14:31","guid":{"rendered":"http:\/\/www.sigmund-schuckert-gymnasium.de\/wordpress\/?page_id=593"},"modified":"2015-12-22T17:37:22","modified_gmt":"2015-12-22T16:37:22","slug":"projekte-interkulturelles-lernen","status":"publish","type":"page","link":"https:\/\/www.sigmund-schuckert-gymnasium.de\/wordpress\/projekte-interkulturelles-lernen\/","title":{"rendered":"Projekte &#8211; Interkulturelles lernen"},"content":{"rendered":"<h2 class=\"contentheading\">Interkulturelles lernen<\/h2>\n<div id=\"article-index\">\n<ul>\n<li><a class=\"toclink\" href=\"https:\/\/www.sigmund-schuckert-gymnasium.de\/wordpress\/unesco-projekte-am-ssg\/\">Projekte<\/a><\/li>\n<li><a class=\"toclink active\" href=\"https:\/\/www.sigmund-schuckert-gymnasium.de\/wordpress\/projekte-interkulturelles-lernen\/\">Interkulturelles lernen<\/a><\/li>\n<li><a class=\"toclink\" href=\"https:\/\/www.sigmund-schuckert-gymnasium.de\/wordpress\/projekte-welterbe\/ \u200e\">Welterbe<\/a><\/li>\n<li><a class=\"toclink\" href=\"https:\/\/www.sigmund-schuckert-gymnasium.de\/wordpress\/projekte-integration-und-inklusion\/\">Integration und Inklusion<\/a><\/li>\n<li><a class=\"toclink\" href=\"https:\/\/www.sigmund-schuckert-gymnasium.de\/wordpress\/projekte-globales-lernen\/\">Globales Lernen<\/a><\/li>\n<li><a class=\"toclink\" href=\"https:\/\/www.sigmund-schuckert-gymnasium.de\/wordpress\/projekte-erziehung\">Menschenrechts- Demokratie- und Friedenserziehung<\/a><\/li>\n<li><a class=\"toclink\" href=\"https:\/\/www.sigmund-schuckert-gymnasium.de\/wordpress\/projekte-alle-seiten\/\">Alle Seiten<\/a><\/li>\n<\/ul>\n<\/div>\n<div class=\"pagenavcounter\">Seite 2 von 6<\/div>\n<div class=\"pagenavcounter\"><\/div>\n<p><strong>Interkulturelles Lernen<\/strong><\/p>\n<p>Das SSG bietet vielf\u00e4ltige M\u00f6glichkeiten zum \u201einterkulturellen Lernen\u201c und \u00f6ffnet so den Blick und die Sichtweise unserer Sch\u00fcler f\u00fcr globale Belange. Im Moment unterh\u00e4lt unsere Schule Beziehungen zu den folgenden L\u00e4ndern:<\/p>\n<p><img decoding=\"async\" src=\"https:\/\/www.sigmund-schuckert-gymnasium.de\/joomlaneu\/images\/interkulturelles%20Lernen%201.jpg\" alt=\"\" border=\"0\" \/><\/p>\n<p>Dies geschieht vor Ort bei der Begegnung mit Gastsch\u00fclern aus aller Welt, die den Schulalltag mit uns teilen. Sie erweitern unseren Blick, er\u00f6ffnen einen Dialog der Kulturen und tragen zur internationalen Verst\u00e4ndigung bei.<\/p>\n<p>Besonders motivierend sind Muttersprachler, die den Fremdsprachenunterricht erg\u00e4nzen. Bei den \u201eScottish Days\u201c erfahren unsere 5. Klassen zum Beispiel von einer Muttersprachlerin Spannendes \u00fcber Schottland und erlernen einen schottischen Tanz. Auch im Spanisch- und Franz\u00f6sischunterricht sind regelm\u00e4\u00dfig Muttersprachler zu Gast.<\/p>\n<p>Aber auch Brieffreundschaften \u00f6ffnen den Blick unserer Sch\u00fcler f\u00fcr globale Belange. Regelm\u00e4\u00dfig tauschen sich schon unsere 6.Kl\u00e4ssler im ersten Lernjahr Franz\u00f6sisch mit Sch\u00fclern unserer Partnerschule auf La R\u00e9union aus. In ihren Briefen schildern sie ihren Alltag in der Schule und in ihren Familien und lernen im Gegenzug die Sichtweise und die Lebenswelt ihrer Brieffreunde kennen und sch\u00e4tzen.<\/p>\n<p>Interkulturelles Lernen findet aber auch im Ausland statt: Lebensgewohnheiten, kulturelle und auch kulinarische Unterschiede selbst einmal miterleben zu d\u00fcrfen ist sicher eine der aufregendsten Erfahrungen, die der Fremdsprachenunterricht seinen Sch\u00fclerInnen vermitteln kann. Eine zehnj\u00e4hrige Schulpartnerschaft mit der UNESCO- Projektschule Coll\u00e8ge Edmond Albius auf La R\u00e9union und der Austausch mit der Ecole internationale Le Verseau in Bierges bei Br\u00fcssel erm\u00f6glichen einen regelm\u00e4\u00dfigen Sch\u00fcleraustausch.<\/p>\n<p>Daneben unterh\u00e4lt das SSG einen regen Austausch via Skype von Klassenzimmer zu Klassenzimmer mit einer High School in Little Falls, New Jersey, USA, einer Schule in Chennai, Indien und seit dem Schuljahr 20012\/13 auch mit einer UNESCO-Projektschule in Athen. Daraus ergeben sich zum einen interessante Projekte z.B. zu den Themen Einwanderung und kulturelles Erbe und zum anderen fast zwangsl\u00e4ufig auch der Wunsch nach einem pers\u00f6nlichen Kennenlernen. Dieser wurde mit einem Besuch von Sch\u00fclern der Oberstufe des SSG an der Passaic Valley High School verwirklicht.<\/p>\n<p>Besonders intensive Kontakte zu Jugendlichen aus ganz Europa entstehen bei den Jahrestreffen der europ\u00e4ischen Jugendorganisation FACE (F\u00e9d\u00e9ration d&#8217;Associations de jeunes Citoyens Europ\u00e9ens) und bei den Comenius-Projekten. Die Sch\u00fcler unserer Schule lernen Altersgenossen in den Partnerl\u00e4ndern kennen, arbeiten an gemeinsamen Aufgaben, entdecken ihr gemeinsames europ\u00e4isches Erbe, schlie\u00dfen grenz\u00fcbergreifende Freundschaften und vertiefen fast nebenbei ihre Fremdsprachenkenntnisse.<\/p>\n<p>&nbsp;<\/p>\n<div class=\"pagination\">\n<ul>\n<li><a href=\"https:\/\/www.sigmund-schuckert-gymnasium.de\/wordpress\/unesco-projekte-am-ssg\/\">&lt;&lt; Zur\u00fcck<\/a><\/li>\n<li><a href=\"https:\/\/www.sigmund-schuckert-gymnasium.de\/wordpress\/projekte-welterbe\/\">Weiter &gt;&gt;<\/a><\/li>\n<\/ul>\n<\/div>\n","protected":false},"excerpt":{"rendered":"<p>Interkulturelles lernen Projekte Interkulturelles lernen Welterbe Integration und Inklusion Globales Lernen Menschenrechts- Demokratie- und Friedenserziehung<\/p>\n","protected":false},"author":1,"featured_media":0,"parent":0,"menu_order":0,"comment_status":"closed","ping_status":"closed","template":"","meta":{"cybocfi_hide_featured_image":"","footnotes":""},"class_list":["post-593","page","type-page","status-publish","hentry"],"_links":{"self":[{"href":"https:\/\/www.sigmund-schuckert-gymnasium.de\/wordpress\/wp-json\/wp\/v2\/pages\/593","targetHints":{"allow":["GET"]}}],"collection":[{"href":"https:\/\/www.sigmund-schuckert-gymnasium.de\/wordpress\/wp-json\/wp\/v2\/pages"}],"about":[{"href":"https:\/\/www.sigmund-schuckert-gymnasium.de\/wordpress\/wp-json\/wp\/v2\/types\/page"}],"author":[{"embeddable":true,"href":"https:\/\/www.sigmund-schuckert-gymnasium.de\/wordpress\/wp-json\/wp\/v2\/users\/1"}],"replies":[{"embeddable":true,"href":"https:\/\/www.sigmund-schuckert-gymnasium.de\/wordpress\/wp-json\/wp\/v2\/comments?post=593"}],"version-history":[{"count":4,"href":"https:\/\/www.sigmund-schuckert-gymnasium.de\/wordpress\/wp-json\/wp\/v2\/pages\/593\/revisions"}],"predecessor-version":[{"id":627,"href":"https:\/\/www.sigmund-schuckert-gymnasium.de\/wordpress\/wp-json\/wp\/v2\/pages\/593\/revisions\/627"}],"wp:attachment":[{"href":"https:\/\/www.sigmund-schuckert-gymnasium.de\/wordpress\/wp-json\/wp\/v2\/media?parent=593"}],"curies":[{"name":"wp","href":"https:\/\/api.w.org\/{rel}","templated":true}]}}