{"id":57,"date":"2015-05-20T14:21:29","date_gmt":"2015-05-20T12:21:29","guid":{"rendered":"http:\/\/www.sigmund-schuckert-gymnasium.de\/wordpress\/?page_id=57"},"modified":"2023-10-04T19:39:44","modified_gmt":"2023-10-04T17:39:44","slug":"impressum","status":"publish","type":"page","link":"https:\/\/www.sigmund-schuckert-gymnasium.de\/wordpress\/impressum\/","title":{"rendered":"Impressum"},"content":{"rendered":"<div class=\"container\">\n<div class=\"template-page content av-content-full alpha units\">\n<div class=\"post-entry post-entry-type-page post-entry-12441\">\n<div class=\"entry-content-wrapper clearfix\">\n<div class=\"flex_column_table av-equal-height-column-flextable -flextable\">\n<div class=\"flex_column av_three_fifth no_margin flex_column_table_cell av-equal-height-column av-align-top first avia-builder-el-2 el_after_av_section el_before_av_two_fifth avia-builder-el-first \">\n<section class=\"av_textblock_section \">\n<div class=\"avia_textblock \"><\/div>\n<\/section>\n<\/div>\n<\/div>\n<\/div>\n<\/div>\n<\/div>\n<\/div>\n<h3><\/h3>\n<table border=\"0\" cellspacing=\"0\" cellpadding=\"0\">\n<tbody>\n<tr>\n<td valign=\"top\" width=\"60%\">\n<table border=\"0\" cellspacing=\"0\" cellpadding=\"0\">\n<tbody>\n<tr>\n<td>\n<div>Website<\/div>\n<\/td>\n<\/tr>\n<tr>\n<td>\n<table border=\"0\" cellspacing=\"0\" cellpadding=\"0\" align=\"center\">\n<tbody>\n<tr>\n<td>\n<div><strong>Angaben gem\u00e4\u00df \u00a7 5 TMG:<\/strong><\/div>\n<\/td>\n<\/tr>\n<tr>\n<td><\/td>\n<\/tr>\n<tr>\n<td colspan=\"2\">\n<div>Verantwortung<\/div>\n<\/td>\n<\/tr>\n<tr>\n<td valign=\"top\">OStD Nina P\u00f6llmann<\/td>\n<\/tr>\n<tr>\n<td colspan=\"2\"><strong>Verantwortlich f\u00fcr journalistisch-redaktionelle Inhalte<\/strong><\/td>\n<\/tr>\n<tr>\n<td valign=\"top\">OStR Jens Fehn<\/td>\n<\/tr>\n<\/tbody>\n<\/table>\n<\/td>\n<\/tr>\n<\/tbody>\n<\/table>\n<\/td>\n<td width=\"20\"><\/td>\n<td valign=\"top\">\n<div align=\"right\">\n<div>\n<table border=\"0\" cellspacing=\"0\" cellpadding=\"0\">\n<tbody>\n<tr>\n<td>\n<div>Kontakt<\/div>\n<\/td>\n<\/tr>\n<tr>\n<td>\n<div>\n<div>Sigmund-Schuckert-Gymnasium<\/div>\n<p>Pommernstr. 10<br \/>\n90451 N\u00fcrnberg<\/p>\n<p>Telefon: 0911\/231 68040<br \/>\nFax: 0911\/231 68041<br \/>\nE-Mail: <a href=\"mailto:info@sigmund-schuckert-gymnasium.de\">info@sigmund-schuckert-gymnasium.de<\/a><br \/>\nAnfragen f\u00fcr Praktikumspl\u00e4tze am SSG senden Sie an Herrn OStR Knoch: <a href=\"mailto:j.knoch@sigmund-schuckert-gymnasium.de\">j.knoch@sigmund-schuckert-gymnasium.de<\/a><\/p>\n<\/div>\n<\/td>\n<\/tr>\n<tr>\n<td>\n<div>\n<div><\/div>\n<\/div>\n<\/td>\n<\/tr>\n<\/tbody>\n<\/table>\n<\/div>\n<\/div>\n<\/td>\n<\/tr>\n<tr>\n<td height=\"20\"><\/td>\n<\/tr>\n<tr>\n<td colspan=\"3\">\n<div>\n<table style=\"height: 765px;\" border=\"0\" width=\"658\" cellspacing=\"0\" cellpadding=\"0\">\n<tbody>\n<tr>\n<td>\n<div>\n<p class=\"s3-t s3-t0\"><strong><big>Datenschutzerkl\u00e4rung<\/big><\/strong><\/p>\n<p class=\"s3-t s3-t0\"><strong>Anbieter und verantwortliche Stelle im Sinne des Datenschutzgesetzes<\/strong><\/p>\n<p class=\"s3-t s3-t0\"><span id=\"s3-t-firma\">Sigmund Schuckert Gymnasium<\/span><br \/>\n<strong><span id=\"s3-t-ansprechpartner\">Datenschutzbeauftragter StD Volker Ising<\/span><\/strong><br \/>\n<span id=\"s3-t-strasse\">Pommernstr. 10<\/span><br \/>\n<span id=\"s3-t-plz\">90451<\/span> <span id=\"s3-t-ort\">N\u00fcrnberg<\/span><\/p>\n<p class=\"s3-t s3-t0\"><strong>Geltungsbereich<\/strong><\/p>\n<p class=\"s3-t s3-t0\">Nutzer erhalten mit dieser Datenschutzerkl\u00e4rung Information \u00fcber die Art, den Umfang und Zweck der Erhebung und Verwendung ihrer Daten durch den verantwortlichen Anbieter erhoben und verwendet werden.<\/p>\n<p class=\"s3-t s3-t0\">Den rechtlichen Rahmen f\u00fcr den Datenschutz bilden das Bundesdatenschutzgesetz (BDSG) und das Telemediengesetz (TMG).<\/p>\n<p class=\"s3-t s3-t1\"><strong>Erfassung allgemeiner Informationen<\/strong><\/p>\n<p class=\"s3-t s3-t1\">Mit jedem Zugriff auf dieses Angebot werden durch uns bzw. den Webspace-Provider automatisch Informationen erfasst. Diese Informationen, auch als Server-Logfiles bezeichnet, sind allgemeiner Natur und erlauben keine R\u00fcckschl\u00fcsse auf Ihre Person.<\/p>\n<p class=\"s3-t s3-t1\">Erfasst werden unter anderem: Name der Webseite, Datei, Datum, Datenmenge, Webbrowser und Webbrowser-Version, Betriebssystem, der Domainname Ihres Internet-Providers, die sogenannte Referrer-URL (jene Seite, von der aus Sie auf unser Angebot zugegriffen haben) und die IP-Adresse.<\/p>\n<p class=\"s3-t s3-t1\">Ohne diese Daten w\u00e4re es technisch teils nicht m\u00f6glich, die Inhalte der Webseite auszuliefern und darzustellen. Insofern ist die Erfassung der Daten zwingend notwendig. Dar\u00fcber hinaus verwenden wir die anonymen Informationen f\u00fcr statistische Zwecke. Sie helfen uns bei der Optimierung des Angebots und der Technik. Wir behalten uns zudem das Recht vor, die Log-Files bei Verdacht auf eine rechtswidrige Nutzung unseres Angebotes nachtr\u00e4glich zu kontrollieren.<\/p>\n<p class=\"s3-t s3-t8\"><strong>Kontakt<\/strong><\/p>\n<p class=\"s3-t s3-t8\">Wenn Sie uns per E-Mail kontaktieren, speichern wir die von Ihnen gemachten Angaben, um Ihre Anfrage beantworten und m\u00f6gliche Anschlussfragen stellen zu k\u00f6nnen.<\/p>\n<p class=\"s3-t s3-t9\"><strong>Einbindung von Diensten und Inhalten Dritter<\/strong><\/p>\n<p class=\"s3-t s3-t9\">Unser Angebot umfasst mitunter Inhalte, Dienste und Leistungen anderer Anbieter. Das sind zum Beispiel Karten, die von Google-Maps zur Verf\u00fcgung gestellt werden, Videos von YouTube sowie Grafiken und Bilder anderer Webseiten. Damit diese Daten im Browser des Nutzers aufgerufen und dargestellt werden k\u00f6nnen, ist die \u00dcbermittlung der IP-Adresse zwingend notwendig. Die Anbieter (im Folgenden als \u201eDritt-Anbieter\u201c bezeichnet) nehmen also die IP-Adresse des jeweiligen Nutzers wahr.<\/p>\n<p class=\"s3-t s3-t9\">Auch wenn wir bem\u00fcht sind, ausschlie\u00dflich Dritt-Anbieter zu nutzen, welche die IP-Adresse nur ben\u00f6tigen, um Inhalte ausliefern zu k\u00f6nnen, haben wir keinen Einfluss darauf, ob die IP-Adresse m\u00f6glicherweise gespeichert wird. Dieser Vorgang dient in dem Fall unter anderem statistischen Zwecken. Sofern wir Kenntnis davon haben, dass die IP-Adresse gespeichert wird, weisen wir unsere Nutzer darauf hin.<\/p>\n<p class=\"s3-t s3-t0\"><strong>Ihre Rechte auf Auskunft, Berichtigung, Sperre, L\u00f6schung und Widerspruch<\/strong><\/p>\n<p class=\"s3-t s3-t0\">Sie haben das Recht, auf Antrag unentgeltlich eine Auskunft, \u00fcber die bei uns gespeicherten personenbezogenen Daten, anzufordern und\/oder eine Berichtigung, Sperrung oder L\u00f6schung zu verlangen. Ausnahmen: Es handelt sich um die vorgeschriebene Datenspeicherung zur Gesch\u00e4ftsabwicklung oder die Daten unterliegen der gesetzlichen Aufbewahrungspflicht.<\/p>\n<p class=\"s3-t s3-t0\">F\u00fcr diese Zwecke kontaktieren Sie bitte unseren Datenschutzbeauftragen (Kontaktdaten siehe am Beginn der Datenschutzerkl\u00e4rung).<\/p>\n<p class=\"s3-t s3-t0\">Um eine Datensperre jederzeit ber\u00fccksichtigen zu k\u00f6nnen, ist es erforderlich, die Daten f\u00fcr Kontrollzwecke in einer Sperrdatei vorzuhalten. Besteht keine gesetzliche Archivierungspflicht, k\u00f6nnen Sie auch die L\u00f6schung der Daten verlangen. Anderenfalls sperren wir die Daten, sofern Sie dies w\u00fcnschen.<\/p>\n<p class=\"s3-t s3-t0\"><strong>\u00c4nderung unserer Datenschutzerkl\u00e4rung<\/strong><\/p>\n<p class=\"s3-t s3-t0\">Um zu gew\u00e4hrleisten, dass unsere Datenschutzerkl\u00e4rung stets den aktuellen gesetzlichen Vorgaben entspricht, behalten wir uns jederzeit \u00c4nderungen vor. Das gilt auch f\u00fcr den Fall, dass die Datenschutzerkl\u00e4rung aufgrund neuer oder \u00fcberarbeiteter Leistungen, zum Beispiel neuer Serviceleistungen, angepasst werden muss. Die neue Datenschutzerkl\u00e4rung greift dann bei Ihrem n\u00e4chsten Besuch auf unserem Angebot.<\/p>\n<\/div>\n<div>Hinweis<\/div>\n<\/td>\n<\/tr>\n<tr>\n<td>Mails an bestimmte Personen\/Lehrer bitte an <a href=\"mailto:info@sigmund-schuckert-gymnasium.de\">info@sigmund-schuckert-gymnasium.de<\/a>. F\u00fcr Fragen, Kritik etc. bez\u00fcgl. der Website wenden Sie sich bitte an eine der oben genannten Personen.<br \/>\nAchtung! Wenn Sie eine der oben genannten E-Mails kontaktieren, wird Ihre Mail-Adresse nur f\u00fcr die Korrespondenz mit Ihnen verwendet. E-Mails werden gel\u00f6scht, sobald sie zur Kl\u00e4rung der Anfrage nicht mehr erforderlich sind. Wir weisen Sie darauf hin, dass die Daten\u00fcbertragung \u00fcber das Internet ungesichert erfolgt und die \u00fcbertragenen Daten somit von Unbefugten zur Kenntnis genommen oder auch verf\u00e4lscht werden k\u00f6nnen. Wenn Sie uns eine verschl\u00fcsselte Mail senden wollen, verwenden Sie diesen Schl\u00fcssel (der Schl\u00fcssel bezieht sich nur auf die Mail-Adresse <a href=\"mailto:info@sigmund-schuckert-gymnasium.de\">info@sigmund-schuckert-gymnasium.de<\/a>)<\/p>\n<pre>-----BEGIN PGP PUBLIC KEY BLOCK-----\r\nVersion: GnuPG v1.4.7 (MingW32)\r\n\r\nmQGiBEYwOoMRBACJzBH7B4dc2Y0FkVL0ZJQmxeNFmQt0o58BjNP2I2PlHMf\/6WKf\r\nc7gvrku6n0nxoATWqko+VWVFxu5\/PAhWYbCWJqH+x2L0Z5pe3bhB\/\/uyKl+fVs7v\r\n2LDbPpOSWCtgFsp8dNICwWj828dtyVE4Dl8zh7MRD61P\/muzn7\/qgzJLWwCgskBV\r\nOVpvmN1c5EXEBkUt7vFk23kD\/RbTBraMCyrrUQsVht\/PZz1NH6Zhiqcc3ihSkAVz\r\nSDcF61OOoXg4\/rciY\/mgPEkSD4wSVhYkkRDj0wcB0pGkS2SQWu+1SumVZK8Hu1gD\r\nbQ6iyV8fMV79iZw9xsDgrUYsg\/eF0VefPN8A6CGT3bFZRhjNPwa3VZLmhsu4dmN2\r\nOBq5A\/46YCpVNA3tEhSOOt6QpBRHEWcQMI7ZsS5ESDbG\/tLQMDLaDDrNt1JsFJHQ \r\nXxrm4Mym2ncat6crcTcXYxIpQUdXy1NetwyK8OrVtLGjc5RBo1fxikaaqUL7FYAi\r\nzrcAV0lBgsUqwSkMfsqPnkrijBw8ZXqrqyYkUzXVRRiu5wvGP7RMU2lnbXVuZC1T\r\nY2h1Y2tlcnQtR3ltbmFzaXVtLCBOw7xybmJlcmcgPGluZm9Ac2lnbXVuZC1zY2h1\r\nY2tlcnQtZ3ltbmFzaXVtLmRlPohgBBMRAgAgBQJGMDqDAhsjBgsJCAcDAgQVAggD\r\nBBYCAwECHgECF4AACgkQxImi3qV\/bjDbTACeMLcUj\/B46rDnaWN6QPNW1d4UZUcA\r\noI97o4SKrBfipfb+PE+r8AB9xOnkuQENBEYwOoMQBAC4iQk\/uOX6qpnwC4u1SjwA \r\nGV\/8nh5sg+uZ+vvvOmlxfufMB9JmkgieQKdTpE29Jcioaj9iPohd11+lHX+ywV9w\r\nXgJbIsI8o2GS3uAykJF9u7bU1oVQ3xokIkE43ZCiF\/AHX94PIdRHFhvowsyiwvGj \r\nYK83o86sjoIb2L7wlzwtAwADBgP\/WhG4T586Xt5vo4JJpxuASQE0xzpKFIjhzl4M\r\nCWlWlZbzgJDXJNn+rVblRVZByzQlpot1Xuq\/bsIvM7jDfXqjXh+dzYH\/D1fPwO0q \r\nbJupuVh3qvxM+crNEUMk4vgIl2+xt1D7bEq6v3Ij3Xz37wwIzmL14y7JEMl2strv\r\nHPop9lWISQQYEQIACQUCRjA6gwIbDAAKCRDEiaLepX9uMC4tAJ9nDQ9FBqsKIz2I \r\nbCNYk+kWlyhR5wCgoYMsGSoqTnahqG\/vXl\/uz6luz\/c==Odxm\r\n-----END PGP PUBLIC KEY BLOCK-----<\/pre>\n<\/td>\n<\/tr>\n<\/tbody>\n<\/table>\n<\/div>\n<\/td>\n<\/tr>\n<\/tbody>\n<\/table>\n<p>&nbsp;<\/p>\n","protected":false},"excerpt":{"rendered":"<p>Website Angaben gem\u00e4\u00df \u00a7 5 TMG: Verantwortung OStD Nina P\u00f6llmann Verantwortlich f\u00fcr journalistisch-redaktionelle Inhalte OStR<\/p>\n","protected":false},"author":1,"featured_media":0,"parent":0,"menu_order":0,"comment_status":"closed","ping_status":"closed","template":"","meta":{"cybocfi_hide_featured_image":"","footnotes":""},"class_list":["post-57","page","type-page","status-publish","hentry"],"_links":{"self":[{"href":"https:\/\/www.sigmund-schuckert-gymnasium.de\/wordpress\/wp-json\/wp\/v2\/pages\/57","targetHints":{"allow":["GET"]}}],"collection":[{"href":"https:\/\/www.sigmund-schuckert-gymnasium.de\/wordpress\/wp-json\/wp\/v2\/pages"}],"about":[{"href":"https:\/\/www.sigmund-schuckert-gymnasium.de\/wordpress\/wp-json\/wp\/v2\/types\/page"}],"author":[{"embeddable":true,"href":"https:\/\/www.sigmund-schuckert-gymnasium.de\/wordpress\/wp-json\/wp\/v2\/users\/1"}],"replies":[{"embeddable":true,"href":"https:\/\/www.sigmund-schuckert-gymnasium.de\/wordpress\/wp-json\/wp\/v2\/comments?post=57"}],"version-history":[{"count":12,"href":"https:\/\/www.sigmund-schuckert-gymnasium.de\/wordpress\/wp-json\/wp\/v2\/pages\/57\/revisions"}],"predecessor-version":[{"id":6699,"href":"https:\/\/www.sigmund-schuckert-gymnasium.de\/wordpress\/wp-json\/wp\/v2\/pages\/57\/revisions\/6699"}],"wp:attachment":[{"href":"https:\/\/www.sigmund-schuckert-gymnasium.de\/wordpress\/wp-json\/wp\/v2\/media?parent=57"}],"curies":[{"name":"wp","href":"https:\/\/api.w.org\/{rel}","templated":true}]}}