{"id":554,"date":"2015-12-22T14:00:15","date_gmt":"2015-12-22T13:00:15","guid":{"rendered":"http:\/\/www.sigmund-schuckert-gymnasium.de\/wordpress\/?page_id=554"},"modified":"2024-04-16T10:15:59","modified_gmt":"2024-04-16T08:15:59","slug":"ethik","status":"publish","type":"page","link":"https:\/\/www.sigmund-schuckert-gymnasium.de\/wordpress\/ethik\/","title":{"rendered":"Ethik"},"content":{"rendered":"<p>&nbsp;<\/p>\n<p><img loading=\"lazy\" decoding=\"async\" class=\"wp-image-5042 alignleft\" src=\"https:\/\/www.sigmund-schuckert-gymnasium.de\/wordpress\/wp-content\/uploads\/2021\/01\/Aristoteles-300x202.jpg\" alt=\"\" width=\"340\" height=\"229\" srcset=\"https:\/\/www.sigmund-schuckert-gymnasium.de\/wordpress\/wp-content\/uploads\/2021\/01\/Aristoteles-300x202.jpg 300w, https:\/\/www.sigmund-schuckert-gymnasium.de\/wordpress\/wp-content\/uploads\/2021\/01\/Aristoteles-332x223.jpg 332w, https:\/\/www.sigmund-schuckert-gymnasium.de\/wordpress\/wp-content\/uploads\/2021\/01\/Aristoteles.jpg 391w\" sizes=\"auto, (max-width: 340px) 100vw, 340px\" \/><\/p>\n<p>&nbsp;<\/p>\n<p>Wenn man \u00fcber Unterrichtsf\u00e4cher an der Schule spricht, einen Blick in die Lehrpl\u00e4ne wirft und das Selbstverst\u00e4ndnis von Unterrichtsf\u00e4chern und deren Wert f\u00fcr die Entwicklung von jungen Menschen betrachtet, dann erkennt man sehr schnell, dass das Fach Ethik im Besonderen Anspr\u00fcchen einer Erziehung in einer offenen, pluralistischen, Gesellschaft Rechnung tr\u00e4gt.<\/p>\n<p>Auch wenn das Fach in fr\u00fcheren Jahren ein Schattendasein als \u201eErsatzfach\u201c f\u00fchrte, kann ihm sowohl aufgrund der Inhalte als auch der Unterrichtsmethoden eine herausragende Stellung im F\u00e4cherkanon der Schule attestiert werden.<\/p>\n<p>In seiner grundlegenden Zielsetzung orientiert sich das Fach unter Ber\u00fccksichtigung der Pluralit\u00e4t der Bekenntnisse \u201ean den \u00adsittlichen Grunds\u00e4tzen, wie sie in der Verfassung des Freistaates Bayern und im Grundgesetz f\u00fcr die Bundesrepublik Deutschland niedergelegt sind\u201c (Fachprofil Ethik \u2013 Lehrplan Bayern). In diesem Zusammenhang sind Inhalte des Ethik-Unterrichts weltoffen und deren Vermittlung ist nicht eingebunden in ein geschlossenes Weltsystem.<\/p>\n<p><img loading=\"lazy\" decoding=\"async\" class=\"size-medium wp-image-5045 alignright\" src=\"https:\/\/www.sigmund-schuckert-gymnasium.de\/wordpress\/wp-content\/uploads\/2021\/01\/Buber-300x208.jpg\" alt=\"\" width=\"300\" height=\"208\" srcset=\"https:\/\/www.sigmund-schuckert-gymnasium.de\/wordpress\/wp-content\/uploads\/2021\/01\/Buber-300x208.jpg 300w, https:\/\/www.sigmund-schuckert-gymnasium.de\/wordpress\/wp-content\/uploads\/2021\/01\/Buber-332x230.jpg 332w, https:\/\/www.sigmund-schuckert-gymnasium.de\/wordpress\/wp-content\/uploads\/2021\/01\/Buber.jpg 390w\" sizes=\"auto, (max-width: 300px) 100vw, 300px\" \/>Dar\u00fcber hinaus ist das Fach mit seinen Inhalten keinesfalls nur retrospektiv, sondern stets in der Gegenwart der Kinder und Jugendlichen verhaftet und \u2013 und das liegt im Kern der Sache &#8211; zukunftsorientiert. In diesem Zusammenhang kann vor allem die Vermittlung von Kompetenzen, die dem Bildungsansatz des neuen Lehrplan PLUS zugrunde liegt, herausgestellt werden. Schon immer hat das Fach Ethik durch die Vermittlung von Werten und Normen und durch den reflektierten Umgang damit auch die Grundlagen f\u00fcr einen kompetenten Umgang geschaffen und leistet dies auch weiterhin.<\/p>\n<p>Eng verwoben mit der Kompetenzvermittlung ist die Vermittlung von Inhalten aus dem Lebensbereich der jungen Menschen.<\/p>\n<p>So k\u00f6nnen hier als Beispiele genannt werden:<\/p>\n<ul>\n<li>Lernbereiche: Wahrnehmung und Bed\u00fcrfnisse; Familie; Spielen; Feste (Jahrgangsstufe 5 \u2013 Lehrplan PLUS)<\/li>\n<li>Lernbereiche: Judentum und Christentum; Umgang mit Medien; Dem Anderen begegnen; Konsum und Freizeit (Jahrgangsstufe 6 \u2013 Lehrplan PLUS)<\/li>\n<li>Lernbereiche: Islam; Konflikte und ihre Regelung; Erwachsen werden (Jahrgangsstufe 7 \u2013 Lehrplan PLUS)<\/li>\n<li>Lernbereiche: Sinnsuche; Soziales Engagement; Liebe, Freundschaft, Sexualit\u00e4t; Umwelt- und Tierethik (Jahrgangsstufe 8 \u2013 Lehrplan PLUS)<\/li>\n<li>Lernbereiche: Gewissen und Handeln; Religi\u00f6se Sinndeutungen des Lebens; Geschlechterrolle \u2013 Partnerschaft, Familie, Arbeit; Friedensethik (Jahrgangsstufe 9)<\/li>\n<li>Lernbereiche: Philosophisch-ethische Deutungen des Menschen; Religionsphilosophie und vergleichende Betrachtung der Weltreligionen; Ethik des wirtschaftlichen Handelns; Medizinethik (Jahrgangsstufe 10)<\/li>\n<li>Lernbereiche: Grundpositionen philosophischer Ethik; Angewandte Ethik in Beispielen; Freiheit und Determination aus Sicht verschiedener wissenschaftlicher Disziplinen; Recht und Gerechtigkeit; Politische Ethik; Gl\u00fcck und Sinnfindung; Kommunikation (Qualifikationsphase)<\/li>\n<\/ul>\n<p><img loading=\"lazy\" decoding=\"async\" class=\" wp-image-5047 alignleft\" src=\"https:\/\/www.sigmund-schuckert-gymnasium.de\/wordpress\/wp-content\/uploads\/2021\/01\/Sartre-300x197.jpg\" alt=\"\" width=\"288\" height=\"189\" srcset=\"https:\/\/www.sigmund-schuckert-gymnasium.de\/wordpress\/wp-content\/uploads\/2021\/01\/Sartre-300x197.jpg 300w, https:\/\/www.sigmund-schuckert-gymnasium.de\/wordpress\/wp-content\/uploads\/2021\/01\/Sartre-332x218.jpg 332w, https:\/\/www.sigmund-schuckert-gymnasium.de\/wordpress\/wp-content\/uploads\/2021\/01\/Sartre.jpg 419w\" sizes=\"auto, (max-width: 288px) 100vw, 288px\" \/><\/p>\n<p>Die Auseinandersetzung mit zunehmend komplexeren, gesellschaftlichen Themen kommt hierbei dem Bed\u00fcrfnis der heranwachsenden Jugendlichen entgegen. Im Rahmen des Unterrichtes wird dar\u00fcber hinaus versucht, dass ethische Urteile mehr und mehr philosophisch, praktisch untermauert werden. In diesem Zusammenhang zeigt sich auch, warum der Ethik-Unterricht in anderen Bundesl\u00e4ndern z.B. \u201ePraktische Philosophie\u201c oder \u201ePhilosophieren mit Kindern\u201c genannt wird.<\/p>\n<p>Ein letzter Aspekt, der hier genannt werden soll, ist, dass der Ethik-Unterricht Forderungen eines f\u00e4cher\u00fcbergreifenden Unterrichts vielfach leisten kann.<\/p>\n<p>Zusammenfassend kann gesagt werden und die Ausf\u00fchrungen zeigen dies letztlich, dass die Ansatzpunkte einer intrinsischen Motivation hoch sind, wenn an die Erfahrungswelt der Kinder und Jugendlichen angekn\u00fcpft wird und diese neugierig auf Weiteres gemacht werden, n\u00e4mlich dahingehend Fragen zu stellen&#8230; <img loading=\"lazy\" decoding=\"async\" class=\" wp-image-5048 alignright\" src=\"https:\/\/www.sigmund-schuckert-gymnasium.de\/wordpress\/wp-content\/uploads\/2021\/01\/Sokrates-300x184.jpg\" alt=\"\" width=\"372\" height=\"228\" srcset=\"https:\/\/www.sigmund-schuckert-gymnasium.de\/wordpress\/wp-content\/uploads\/2021\/01\/Sokrates-300x184.jpg 300w, https:\/\/www.sigmund-schuckert-gymnasium.de\/wordpress\/wp-content\/uploads\/2021\/01\/Sokrates-332x203.jpg 332w, https:\/\/www.sigmund-schuckert-gymnasium.de\/wordpress\/wp-content\/uploads\/2021\/01\/Sokrates-268x164.jpg 268w, https:\/\/www.sigmund-schuckert-gymnasium.de\/wordpress\/wp-content\/uploads\/2021\/01\/Sokrates.jpg 415w\" sizes=\"auto, (max-width: 372px) 100vw, 372px\" \/><\/p>\n<p>Ganz im Sinne eines Sokrates und eines Aristoteles:<\/p>\n<p><span style=\"font-size: 14pt;\"><strong>\u201eStaunen ist der erste Grund der Philosophie.\u201c<\/strong><\/span><\/p>\n<p>(Aristoteles)<\/p>\n<p>&nbsp;<\/p>\n<p>&nbsp;<\/p>\n<p><span style=\"text-decoration: underline;\">Die Fachschaft Ethik:<\/span><\/p>\n<p>StRin L. M\u00fcller-Kollischan<\/p>\n<p>StRin C. Richter<\/p>\n<p>OStRin B. Weber<\/p>\n<p>OStR D. Carrara<\/p>\n<p>OStR W. Klenk<\/p>\n<p>StR I. Thiem<\/p>\n<p>&nbsp;<\/p>\n","protected":false},"excerpt":{"rendered":"<p>&nbsp; &nbsp; Wenn man \u00fcber Unterrichtsf\u00e4cher an der Schule spricht, einen Blick in die Lehrpl\u00e4ne<\/p>\n","protected":false},"author":1,"featured_media":0,"parent":0,"menu_order":0,"comment_status":"closed","ping_status":"closed","template":"","meta":{"cybocfi_hide_featured_image":"","footnotes":""},"class_list":["post-554","page","type-page","status-publish","hentry"],"_links":{"self":[{"href":"https:\/\/www.sigmund-schuckert-gymnasium.de\/wordpress\/wp-json\/wp\/v2\/pages\/554","targetHints":{"allow":["GET"]}}],"collection":[{"href":"https:\/\/www.sigmund-schuckert-gymnasium.de\/wordpress\/wp-json\/wp\/v2\/pages"}],"about":[{"href":"https:\/\/www.sigmund-schuckert-gymnasium.de\/wordpress\/wp-json\/wp\/v2\/types\/page"}],"author":[{"embeddable":true,"href":"https:\/\/www.sigmund-schuckert-gymnasium.de\/wordpress\/wp-json\/wp\/v2\/users\/1"}],"replies":[{"embeddable":true,"href":"https:\/\/www.sigmund-schuckert-gymnasium.de\/wordpress\/wp-json\/wp\/v2\/comments?post=554"}],"version-history":[{"count":13,"href":"https:\/\/www.sigmund-schuckert-gymnasium.de\/wordpress\/wp-json\/wp\/v2\/pages\/554\/revisions"}],"predecessor-version":[{"id":7120,"href":"https:\/\/www.sigmund-schuckert-gymnasium.de\/wordpress\/wp-json\/wp\/v2\/pages\/554\/revisions\/7120"}],"wp:attachment":[{"href":"https:\/\/www.sigmund-schuckert-gymnasium.de\/wordpress\/wp-json\/wp\/v2\/media?parent=554"}],"curies":[{"name":"wp","href":"https:\/\/api.w.org\/{rel}","templated":true}]}}