{"id":551,"date":"2015-12-22T13:59:48","date_gmt":"2015-12-22T12:59:48","guid":{"rendered":"http:\/\/www.sigmund-schuckert-gymnasium.de\/wordpress\/?page_id=551"},"modified":"2019-09-03T13:30:59","modified_gmt":"2019-09-03T11:30:59","slug":"englisch","status":"publish","type":"page","link":"https:\/\/www.sigmund-schuckert-gymnasium.de\/wordpress\/englisch\/","title":{"rendered":"Englisch"},"content":{"rendered":"<p style=\"text-align: center;\"><span style=\"font-size: 14pt;\"><strong>Welcome to English at the SSG!<\/strong><\/span><\/p>\n<p><em>\u201cI have traveled more than any one else, and I have noticed that even the angels speak English with an accent\u201c. (Mark Twain)<\/em><\/p>\n<p>&nbsp;<\/p>\n<p>Was schon Mark Twain auf seinen Reisen bemerkte, ist heute hinl\u00e4nglich bekannt: Englisch ist mittlerweile die f\u00fcr die internationale Kommunikation wichtigste Sprache geworden. Englisch ist\u00a0Lingua Franca,\u00a0die\u00a0Sprache der Wirtschaft\u00a0weltweit, die erste\u00a0Sprache in politischen Kommissionen\u00a0der\u00a0EU\u00a0oder der\u00a0Vereinten Nationen, die\u00a0Sprache des Internets\u00a0oder die der internationalen\u00a0Wissenschaften\u00a0und\u00a0Forschung.<\/p>\n<p>Damit sind die fundierten Sprachkenntnisse im Englischen, die Sch\u00fclerinnen und Sch\u00fcler am Gymnasium erwerben sowie die Schulung und Vermittlung von interkulturellen Kompetenzen ein zentraler Baustein f\u00fcr ihren beruflichen Erfolg und f\u00fcr das Leben in einer globalen und oft englischsprachigen Welt.<\/p>\n<p><strong>So let\u2019s get talking&#8230;even with an accent<\/strong><\/p>\n<ul>\n<li>In der Unter- und Mittelstufe steht der Spracherwerb im Vordergrund, der direkt auf den in der Grundschule erworbenen Kompetenzen aufbaut und dessen Progression sich an dem auf den geltenden Lehrpl\u00e4nen fu\u00dfenden Lehrwerk orientiert (wir unterrichten mit \u201eGreen Line Bayern\u201c vom Klett-Verlag)<\/li>\n<li>In der 6. und 10. Klasse finden zu Beginn des Schuljahres bayernweite Vergleichstests statt, die gleichm\u00e4\u00dfige Standards garantieren sollen und der individuelleren F\u00f6rderung der Sch\u00fclerinnen und Sch\u00fcler dienen.<\/li>\n<li>Die 10. Klasse erf\u00fcllt\u00a0eine Gelenkfunktion hin zur vorwiegenden Textarbeit der Oberstufe.<\/li>\n<li>In der Oberstufe gilt das Hauptaugenmerk der Arbeit mit Originaltexten.<\/li>\n<li>In den Jahrgangsstufen 6, 8, 10 und 12 wird jeweils ein gro\u00dfer Leistungsnachweis durch eine m\u00fcndliche Schulaufgabe ersetzt.<\/li>\n<\/ul>\n<p><strong>English in Action<\/strong><\/p>\n<p>Der Unterricht wird durch die \u201eScottish Days\u201c in den 5. Klassen bereichert.\u00a0Au\u00dferdem nehmen Sch\u00fclerinnen und Sch\u00fcler regelm\u00e4\u00dfig\u00a0\u00a0an Wettbewerben, wie zum Beispiel der\u00a0Big Challenge und dem\u00a0Bundeswettbewerb Fremdsprachen\u00a0teil. \u00dcber \u201eSkype\u201c k\u00f6nnen manche unserer Klassen mit Jugendlichen in den USA kommunizieren. Besonders bew\u00e4hrt hat sich hierbei der Kontakt mit der Passaic Valley High School in New Jersey. Schlie\u00dflich bieten der projektbezogene Austausch mit unserer Partnerschule Maynard Jackson High School in Atlanta sowie das Erasmus+ Programm unseren Sch\u00fclerinnen und Sch\u00fclern M\u00f6glichkeiten, ihre sprachlichen Fertigkeiten und F\u00e4higkeiten anzuwenden.<\/p>\n<p><strong>\u00a0<\/strong><\/p>\n<p><strong>Die Fachschaft Englisch<\/strong><\/p>\n<p>Die Stammmannschaft z\u00e4hlt zu den gro\u00dfen Fachschaften der Schule und wird jedes Jahr durch Referendare und Referendarinnen im Zweigschuleinsatz unterst\u00fctzt. Die erste Fachbetreuung \u00fcbt Frau Lorenz aus, die zweite Fachbetreuung liegt in H\u00e4nden von Frau Weidinger. Es ist das Ziel des Sigmund-Schuckert-Gymnasiums und der gesamten Fachschaft, die Sch\u00fclerinnen und Sch\u00fcler beim Spracherwerb intensiv zu begleiten, zu unterst\u00fctzen und individuell zu f\u00f6rdern und ihnen somit das R\u00fcstzeug mitzugeben, das sie im sp\u00e4teren Leben ben\u00f6tigen &#8230; <em>so that they can finally even understand the angels\u2019 accents<\/em>.<\/p>\n<p>&nbsp;<\/p>\n<p><strong>Empfehlungen und Erwartungen<\/strong><\/p>\n<p>Neben engagierten und motivierten Lehrkr\u00e4ften braucht guter Fremdsprachenunterricht Sch\u00fclerinnen und Sch\u00fcler, die sich aktiv am Unterrichtsgeschehen beteiligen. Dies gilt auch f\u00fcr das Fach Englisch. Ein Gelingen dieses Miteinanders basiert auf folgenden vier S\u00e4ulen:<\/p>\n<ul>\n<li>Vokabelarbeit: Sie erfolgt kontinuierlich und selbst\u00e4ndig, es z\u00e4hlt \u201eK\u00f6nnen statt Kennen\u201c.<\/li>\n<li>Grammatikarbeit: Sie ist die zentrale Grundlage und Unterst\u00fctzung f\u00fcr angemessene schriftliche und m\u00fcndliche \u00c4u\u00dferungen.<\/li>\n<li>Mitarbeit im Unterricht: Sie erfolgt aktiv sowie konzentriert und dient der Erprobung, F\u00f6rderung und Ein\u00fcbung der individuellen Ausdrucksm\u00f6glichkeiten.<\/li>\n<li>Hausaufgaben: Ihre selbst\u00e4ndige, sorgf\u00e4ltige und vollst\u00e4ndige Erledigung ist unabdingbar f\u00fcr den langfristigen Lernerfolg.<\/li>\n<\/ul>\n<p>&nbsp;<\/p>\n<p>Bei Fragen wenden Sie sich bitte unter <a href=\"mailto:r.lorenz@sigmund-schuckert-gymnasium.de\">r.lorenz@sigmund-schuckert-gymnasium.de<\/a><\/p>\n<p>an Frau Lorenz<\/p>\n<p>&nbsp;<\/p>\n<p>Links:<\/p>\n<table class=\"MsoNormalTable\" style=\"border-collapse: collapse; border: none; margin-left: 4.8pt; margin-right: 4.8pt;\" border=\"1\" cellspacing=\"0\" cellpadding=\"0\" align=\"left\">\n<tbody>\n<tr>\n<td style=\"width: 189.7pt; border: solid windowtext 3.0pt; padding: 0cm 5.4pt 0cm 5.4pt;\" valign=\"top\" width=\"173\">\n<p class=\"MsoNormal\" style=\"margin-bottom: 6.0pt; vertical-align: baseline;\"><span style=\"font-family: 'Helvetica',sans-serif; color: #333333;\">Lehrplan<\/span><\/p>\n<\/td>\n<td style=\"width: 274.4pt; border: solid windowtext 3.0pt; border-left: none; padding: 0cm 5.4pt 0cm 5.4pt;\" valign=\"top\" width=\"531\">\n<p class=\"MsoNormal\" style=\"margin-bottom: 6.0pt; vertical-align: baseline;\"><span class=\"MsoHyperlink\"><span style=\"font-family: 'Helvetica',sans-serif;\"><a href=\"https:\/\/www.lehrplanplus.bayern.de\/fachlehrplan\/gymnasium\/5\/englisch\">https:\/\/www.lehrplanplus.bayern.de\/fachlehrplan\/gymnasium\/5\/englisch<\/a><\/span><\/span><\/p>\n<\/td>\n<\/tr>\n<tr>\n<td style=\"width: 189.7pt; border: solid windowtext 3.0pt; border-top: none; padding: 0cm 5.4pt 0cm 5.4pt;\" valign=\"top\" width=\"173\">\n<p class=\"MsoNormal\" style=\"margin-bottom: 6.0pt; vertical-align: baseline;\"><span style=\"font-family: 'Helvetica',sans-serif; color: #333333;\">Sprachniveaustufen\u00a0\u00a0\u00a0\u00a0\u00a0\u00a0\u00a0\u00a0\u00a0\u00a0\u00a0 <\/span><\/p>\n<\/td>\n<td style=\"width: 274.4pt; border-top: none; border-left: none; border-bottom: solid windowtext 3.0pt; border-right: solid windowtext 3.0pt; padding: 0cm 5.4pt 0cm 5.4pt;\" valign=\"top\" width=\"531\">\n<p class=\"MsoNormal\" style=\"margin-bottom: 6.0pt; vertical-align: baseline;\"><span style=\"font-size: 11.5pt; font-family: 'Helvetica',sans-serif; color: #333333;\"><a href=\"http:\/\/www.europaeischer-referenzrahmen.de\/\" target=\"_blank\" rel=\"noopener noreferrer\">http:\/\/www.europaeischer-referenzrahmen.de\/<\/a><\/span><\/p>\n<\/td>\n<\/tr>\n<tr>\n<td style=\"width: 189.7pt; border: solid windowtext 3.0pt; border-top: none; padding: 0cm 5.4pt 0cm 5.4pt;\" valign=\"top\" width=\"173\">\n<p class=\"MsoNormal\" style=\"margin-bottom: 6.0pt; vertical-align: baseline;\"><span style=\"font-family: 'Helvetica',sans-serif; color: #333333;\">\u00a0English-Learning-Seite<br \/>\ndes SSG (5. Jahrgangsstufe)<\/span><\/p>\n<\/td>\n<td style=\"width: 274.4pt; border-top: none; border-left: none; border-bottom: solid windowtext 3.0pt; border-right: solid windowtext 3.0pt; padding: 0cm 5.4pt 0cm 5.4pt;\" valign=\"top\" width=\"531\">\n<p class=\"MsoNormal\" style=\"margin-bottom: 6.0pt; vertical-align: baseline;\"><span class=\"MsoHyperlink\"><span style=\"font-size: 11.5pt; font-family: 'Helvetica',sans-serif;\"><a href=\"http:\/\/sigmund-schuckert-gymnasium.de\/English-Exercises\/\">http:\/\/sigmund-schuckert-gymnasium.de\/English-Exercises\/<\/a><\/span><\/span><\/p>\n<\/td>\n<\/tr>\n<tr>\n<td style=\"width: 189.7pt; border: solid windowtext 3.0pt; border-top: none; padding: 0cm 5.4pt 0cm 5.4pt;\" valign=\"top\" width=\"173\">\n<p class=\"MsoNormal\" style=\"margin-bottom: 6.0pt; vertical-align: baseline;\"><span style=\"font-family: 'Helvetica',sans-serif; color: #333333;\">englische Vokabeln spielerisch<br \/>\nlernen und wiederholen<\/span><\/p>\n<\/td>\n<td style=\"width: 274.4pt; border-top: none; border-left: none; border-bottom: solid windowtext 3.0pt; border-right: solid windowtext 3.0pt; padding: 0cm 5.4pt 0cm 5.4pt;\" valign=\"top\" width=\"531\">\n<p class=\"MsoNormal\" style=\"margin-bottom: 6.0pt; vertical-align: baseline;\"><span class=\"MsoHyperlink\"><span style=\"font-size: 11.5pt; font-family: 'Helvetica',sans-serif;\"><a href=\"https:\/\/quizlet.com\/de\">https:\/\/quizlet.com\/de<\/a><\/span><\/span><\/p>\n<\/td>\n<\/tr>\n<tr>\n<td style=\"width: 189.7pt; border: solid windowtext 3.0pt; border-top: none; padding: 0cm 5.4pt 0cm 5.4pt;\" valign=\"top\" width=\"173\">\n<p class=\"MsoNormal\" style=\"margin-bottom: 6.0pt; vertical-align: baseline;\"><span style=\"font-size: 11.5pt; font-family: 'Helvetica',sans-serif; color: #333333;\">Sprachlernseite<br \/>\nder BBC mit interessanten Artikeln, Videos, Audiodateien und Podcasts<\/span><\/p>\n<\/td>\n<td style=\"width: 274.4pt; border-top: none; border-left: none; border-bottom: solid windowtext 3.0pt; border-right: solid windowtext 3.0pt; padding: 0cm 5.4pt 0cm 5.4pt;\" valign=\"top\" width=\"531\">\n<p class=\"MsoNormal\" style=\"margin-bottom: 6.0pt; vertical-align: baseline;\"><span class=\"MsoHyperlink\"><span style=\"font-size: 11.5pt; font-family: 'Helvetica',sans-serif;\"><a href=\"http:\/\/www.bbc.co.uk\/learningenglish\/\">http:\/\/www.bbc.co.uk\/learningenglish\/<\/a><\/span><\/span><\/p>\n<p class=\"MsoNormal\" style=\"margin-bottom: 6.0pt; vertical-align: baseline;\"><span style=\"font-size: 11.5pt; font-family: 'Helvetica',sans-serif; color: #333333;\">\u00a0<\/span><\/p>\n<\/td>\n<\/tr>\n<\/tbody>\n<\/table>\n","protected":false},"excerpt":{"rendered":"<p>Welcome to English at the SSG! \u201cI have traveled more than any one else, and<\/p>\n","protected":false},"author":1,"featured_media":0,"parent":0,"menu_order":0,"comment_status":"closed","ping_status":"closed","template":"","meta":{"cybocfi_hide_featured_image":"","footnotes":""},"class_list":["post-551","page","type-page","status-publish","hentry"],"_links":{"self":[{"href":"https:\/\/www.sigmund-schuckert-gymnasium.de\/wordpress\/wp-json\/wp\/v2\/pages\/551","targetHints":{"allow":["GET"]}}],"collection":[{"href":"https:\/\/www.sigmund-schuckert-gymnasium.de\/wordpress\/wp-json\/wp\/v2\/pages"}],"about":[{"href":"https:\/\/www.sigmund-schuckert-gymnasium.de\/wordpress\/wp-json\/wp\/v2\/types\/page"}],"author":[{"embeddable":true,"href":"https:\/\/www.sigmund-schuckert-gymnasium.de\/wordpress\/wp-json\/wp\/v2\/users\/1"}],"replies":[{"embeddable":true,"href":"https:\/\/www.sigmund-schuckert-gymnasium.de\/wordpress\/wp-json\/wp\/v2\/comments?post=551"}],"version-history":[{"count":12,"href":"https:\/\/www.sigmund-schuckert-gymnasium.de\/wordpress\/wp-json\/wp\/v2\/pages\/551\/revisions"}],"predecessor-version":[{"id":4185,"href":"https:\/\/www.sigmund-schuckert-gymnasium.de\/wordpress\/wp-json\/wp\/v2\/pages\/551\/revisions\/4185"}],"wp:attachment":[{"href":"https:\/\/www.sigmund-schuckert-gymnasium.de\/wordpress\/wp-json\/wp\/v2\/media?parent=551"}],"curies":[{"name":"wp","href":"https:\/\/api.w.org\/{rel}","templated":true}]}}