{"id":533,"date":"2015-12-19T00:29:07","date_gmt":"2015-12-18T23:29:07","guid":{"rendered":"http:\/\/www.sigmund-schuckert-gymnasium.de\/wordpress\/?page_id=533"},"modified":"2017-01-17T15:23:45","modified_gmt":"2017-01-17T14:23:45","slug":"anfahrt","status":"publish","type":"page","link":"https:\/\/www.sigmund-schuckert-gymnasium.de\/wordpress\/anfahrt\/","title":{"rendered":"Anfahrt"},"content":{"rendered":"<h2 class=\"contentheading\">So finden Sie uns<\/h2>\n<div id=\"content\">\n<p>Das SSG befindet sich in Eibach\/R\u00f6thenbach in der Pommernstra\u00dfe 10 in n\u00e4chster N\u00e4he des Eibacher Bahnhofs. Sie erreichen uns mit der S-Bahn vom N\u00fcrnberger Hauptbahnhof aus in Richtung Roth oder mit den Buslinien:<\/p>\n<p>67 von N\u00fcrnberg Frankenstra\u00dfe (an Heidestr., 5 Minuten zur Schule)<\/p>\n<p>67 von F\u00fcrth Hauptbahnhof (an Heidestr., 5 Min. zur Schule)<\/p>\n<p>66 N\u00fcrnberg R\u00f6thenbach (an Schulzentrum S\u00fcdwest, Pommernstr.) 66 N\u00fcrnberg Pillenreuth (an Schulzentrum S\u00fcdwest, Pommernstr.)<\/p>\n<p>S2 Roth Bahnhof (ab Eibach Bahnhof, 3 Min. zur Schule)<\/p>\n<p>S2 N\u00fcrnberg Hbf (ab Eibach Bahnhof, 3 Min. zur Schule)<\/p>\n<\/div>\n<p>Klicken sie hier\u00a0um zum Sigmund-Schuckert-Gymnasium zu navigieren:<\/p>\n<p><a href=\"https:\/\/www.google.de\/maps\/place\/Sigmund-Schuckert-Gymnasium\/@49.4119313,11.0424024,17z\/data=!3m1!4b1!4m2!3m1!1s0x479f56d5b1684121:0x7237e2311c86a70\" target=\"_blank\">Navigiere zum Sigmund-Schuckert-Gymnasium<\/a><\/p>\n<p>&nbsp;<\/p>\n<p>&nbsp;<\/p>\n<p>Hier ein Lageplan:<\/p>\n<p><img decoding=\"async\" src=\"https:\/\/www.sigmund-schuckert-gymnasium.de\/images\/lage.jpg\" alt=\"\" border=\"0\" \/><\/p>\n","protected":false},"excerpt":{"rendered":"<p>So finden Sie uns Das SSG befindet sich in Eibach\/R\u00f6thenbach in der Pommernstra\u00dfe 10 in<\/p>\n","protected":false},"author":1,"featured_media":0,"parent":0,"menu_order":0,"comment_status":"closed","ping_status":"closed","template":"","meta":{"cybocfi_hide_featured_image":"","footnotes":""},"class_list":["post-533","page","type-page","status-publish","hentry"],"_links":{"self":[{"href":"https:\/\/www.sigmund-schuckert-gymnasium.de\/wordpress\/wp-json\/wp\/v2\/pages\/533","targetHints":{"allow":["GET"]}}],"collection":[{"href":"https:\/\/www.sigmund-schuckert-gymnasium.de\/wordpress\/wp-json\/wp\/v2\/pages"}],"about":[{"href":"https:\/\/www.sigmund-schuckert-gymnasium.de\/wordpress\/wp-json\/wp\/v2\/types\/page"}],"author":[{"embeddable":true,"href":"https:\/\/www.sigmund-schuckert-gymnasium.de\/wordpress\/wp-json\/wp\/v2\/users\/1"}],"replies":[{"embeddable":true,"href":"https:\/\/www.sigmund-schuckert-gymnasium.de\/wordpress\/wp-json\/wp\/v2\/comments?post=533"}],"version-history":[{"count":5,"href":"https:\/\/www.sigmund-schuckert-gymnasium.de\/wordpress\/wp-json\/wp\/v2\/pages\/533\/revisions"}],"predecessor-version":[{"id":1894,"href":"https:\/\/www.sigmund-schuckert-gymnasium.de\/wordpress\/wp-json\/wp\/v2\/pages\/533\/revisions\/1894"}],"wp:attachment":[{"href":"https:\/\/www.sigmund-schuckert-gymnasium.de\/wordpress\/wp-json\/wp\/v2\/media?parent=533"}],"curies":[{"name":"wp","href":"https:\/\/api.w.org\/{rel}","templated":true}]}}