{"id":5234,"date":"2021-03-26T23:37:47","date_gmt":"2021-03-26T22:37:47","guid":{"rendered":"https:\/\/www.sigmund-schuckert-gymnasium.de\/wordpress\/?page_id=5234"},"modified":"2021-04-29T06:30:58","modified_gmt":"2021-04-29T04:30:58","slug":"mtb","status":"publish","type":"page","link":"https:\/\/www.sigmund-schuckert-gymnasium.de\/wordpress\/mtb\/","title":{"rendered":"MTB &#8211; Mountainbike"},"content":{"rendered":"<p><img loading=\"lazy\" decoding=\"async\" class=\" wp-image-5301 alignleft\" src=\"https:\/\/www.sigmund-schuckert-gymnasium.de\/wordpress\/wp-content\/uploads\/2021\/04\/Logo_schoolbiker_schule-300x72.jpg\" alt=\"\" width=\"338\" height=\"81\" srcset=\"https:\/\/www.sigmund-schuckert-gymnasium.de\/wordpress\/wp-content\/uploads\/2021\/04\/Logo_schoolbiker_schule-300x72.jpg 300w, https:\/\/www.sigmund-schuckert-gymnasium.de\/wordpress\/wp-content\/uploads\/2021\/04\/Logo_schoolbiker_schule-1024x246.jpg 1024w, https:\/\/www.sigmund-schuckert-gymnasium.de\/wordpress\/wp-content\/uploads\/2021\/04\/Logo_schoolbiker_schule-768x184.jpg 768w, https:\/\/www.sigmund-schuckert-gymnasium.de\/wordpress\/wp-content\/uploads\/2021\/04\/Logo_schoolbiker_schule.jpg 1129w\" sizes=\"auto, (max-width: 338px) 100vw, 338px\" \/><\/p>\n<p><strong><em>\u201eRadfahren soll sicher sein\u201c <\/em><\/strong><\/p>\n<p>&nbsp;<\/p>\n<p><strong>Wahlfach MTB \u2013 Ein Gemeinschaftsprojekt der PHR und des SSG<\/strong><\/p>\n<p><img loading=\"lazy\" decoding=\"async\" class=\"size-medium wp-image-5246 aligncenter\" src=\"https:\/\/www.sigmund-schuckert-gymnasium.de\/wordpress\/wp-content\/uploads\/2021\/04\/JB-1-300x184.jpg\" alt=\"\" width=\"300\" height=\"184\" srcset=\"https:\/\/www.sigmund-schuckert-gymnasium.de\/wordpress\/wp-content\/uploads\/2021\/04\/JB-1-300x184.jpg 300w, https:\/\/www.sigmund-schuckert-gymnasium.de\/wordpress\/wp-content\/uploads\/2021\/04\/JB-1-1024x629.jpg 1024w, https:\/\/www.sigmund-schuckert-gymnasium.de\/wordpress\/wp-content\/uploads\/2021\/04\/JB-1-768x471.jpg 768w, https:\/\/www.sigmund-schuckert-gymnasium.de\/wordpress\/wp-content\/uploads\/2021\/04\/JB-1-1536x943.jpg 1536w, https:\/\/www.sigmund-schuckert-gymnasium.de\/wordpress\/wp-content\/uploads\/2021\/04\/JB-1-scaled.jpg 2048w, https:\/\/www.sigmund-schuckert-gymnasium.de\/wordpress\/wp-content\/uploads\/2021\/04\/JB-1-700x430.jpg 700w, https:\/\/www.sigmund-schuckert-gymnasium.de\/wordpress\/wp-content\/uploads\/2021\/04\/JB-1-332x204.jpg 332w, https:\/\/www.sigmund-schuckert-gymnasium.de\/wordpress\/wp-content\/uploads\/2021\/04\/JB-1-268x164.jpg 268w\" sizes=\"auto, (max-width: 300px) 100vw, 300px\" \/>Manchen Sch\u00fclern ist eine kleine Verunsicherung ins Gesicht geschrieben: \u201eIch soll da jetzt dr\u00fcberfahren?\u201c Der Blick ist auf die vor ihnen ausgelegten Holzpaletten gerichtet, die H\u00e4nde umklammern die Griffe des Mountainbikelenkers, ein Fu\u00df ist abfahrbereit auf dem Pedal.<\/p>\n<p>Dann geht es los: Antreten im passenden Gang, stabile Grundposition einnehmen, Vorderrad rechtzeitig entlasten und dann geht es \u00fcber den Parcours aus Holzpaletten &#8211; nat\u00fcrlich mit seitlicher Absicherung durch die beiden Lehrkr\u00e4fte \u2013 ausrollen, geschafft!!\u00a0Beim R\u00fcckweg steht den Sch\u00fclern der Stolz \u00fcber den Erfolg ins Gesicht geschrieben. <img loading=\"lazy\" decoding=\"async\" class=\" wp-image-5243 alignleft\" src=\"https:\/\/www.sigmund-schuckert-gymnasium.de\/wordpress\/wp-content\/uploads\/2021\/04\/Trainingweb-300x231.jpg\" alt=\"\" width=\"329\" height=\"253\" srcset=\"https:\/\/www.sigmund-schuckert-gymnasium.de\/wordpress\/wp-content\/uploads\/2021\/04\/Trainingweb-300x231.jpg 300w, https:\/\/www.sigmund-schuckert-gymnasium.de\/wordpress\/wp-content\/uploads\/2021\/04\/Trainingweb-1024x790.jpg 1024w, https:\/\/www.sigmund-schuckert-gymnasium.de\/wordpress\/wp-content\/uploads\/2021\/04\/Trainingweb-768x592.jpg 768w, https:\/\/www.sigmund-schuckert-gymnasium.de\/wordpress\/wp-content\/uploads\/2021\/04\/Trainingweb-700x540.jpg 700w, https:\/\/www.sigmund-schuckert-gymnasium.de\/wordpress\/wp-content\/uploads\/2021\/04\/Trainingweb-332x256.jpg 332w, https:\/\/www.sigmund-schuckert-gymnasium.de\/wordpress\/wp-content\/uploads\/2021\/04\/Trainingweb.jpg 1181w\" sizes=\"auto, (max-width: 329px) 100vw, 329px\" \/><\/p>\n<p>Was hier knapp und szenenhaft beschrieben ist, verlangt eine gute Vorbereitung. Beim \u00dcberfahren eines Parcours aus Holzpaletten geht es um die Anwendung von Fahrtechniken, die die Sch\u00fcler des Wahlfachs Mountainbike zusammen mit den Lehrkr\u00e4ften Frank Guthmann von der PHR und Wolfgang Klenk vom SSG zuvor einge\u00fcbt haben, alles mit dem Ziel, die eigenen Fertigkeiten auf dem Rad zu verbessern und damit das Radfahren sicherer zu machen. Die Inhalte hierbei sind vielf\u00e4ltig. So wurde in den ersten Stunden vor allem am Fahrgef\u00fchl und der Gleichgewichtsf\u00e4higkeit gearbeitet. <img loading=\"lazy\" decoding=\"async\" class=\"wp-image-5245 alignright\" src=\"https:\/\/www.sigmund-schuckert-gymnasium.de\/wordpress\/wp-content\/uploads\/2021\/04\/JB-2-300x181.jpg\" alt=\"\" width=\"254\" height=\"153\" srcset=\"https:\/\/www.sigmund-schuckert-gymnasium.de\/wordpress\/wp-content\/uploads\/2021\/04\/JB-2-300x181.jpg 300w, https:\/\/www.sigmund-schuckert-gymnasium.de\/wordpress\/wp-content\/uploads\/2021\/04\/JB-2-1024x618.jpg 1024w, https:\/\/www.sigmund-schuckert-gymnasium.de\/wordpress\/wp-content\/uploads\/2021\/04\/JB-2-768x464.jpg 768w, https:\/\/www.sigmund-schuckert-gymnasium.de\/wordpress\/wp-content\/uploads\/2021\/04\/JB-2-1536x928.jpg 1536w, https:\/\/www.sigmund-schuckert-gymnasium.de\/wordpress\/wp-content\/uploads\/2021\/04\/JB-2-scaled.jpg 2048w, https:\/\/www.sigmund-schuckert-gymnasium.de\/wordpress\/wp-content\/uploads\/2021\/04\/JB-2-700x423.jpg 700w, https:\/\/www.sigmund-schuckert-gymnasium.de\/wordpress\/wp-content\/uploads\/2021\/04\/JB-2-332x200.jpg 332w\" sizes=\"auto, (max-width: 254px) 100vw, 254px\" \/>Entscheidend ist, dass die Sch\u00fcler in der Lage sind eine optimale Grundposition auf dem Rad einzunehmen. Dar\u00fcber hinaus lernen die Sch\u00fcler perfektes Bremsen und Lenken \u2013 Techniken, die zu einem sicheren Fahren beitragen \u2013 im Gel\u00e4nde, aber auch im normalen Stra\u00dfenverkehr.<\/p>\n<p>Sicherheit f\u00e4ngt aber bereits bei der Auswahl des Rades und des Materials an und auch das soll den Sch\u00fcler vermittelt werden. Jeder Sch\u00fcler bekommt ein auf seine K\u00f6rpergr\u00f6\u00dfe abgestimmtes Rad, bei dem die Sitzposition optimal eingestellt wird, und dann wird zun\u00e4chst einmal darauf geachtet, dass das Fahrrad voll einsatzf\u00e4hig und sicher ist, indem vor jeder Fahrt der sogenannte \u201ebike-check\u201c durchgef\u00fchrt wird. Und selbstverst\u00e4ndlich fahren alle Sch\u00fcler mit Helm.<\/p>\n<p><img loading=\"lazy\" decoding=\"async\" class=\" wp-image-5241 alignright\" src=\"https:\/\/www.sigmund-schuckert-gymnasium.de\/wordpress\/wp-content\/uploads\/2021\/04\/Raeder-300x226.jpg\" alt=\"\" width=\"409\" height=\"308\" srcset=\"https:\/\/www.sigmund-schuckert-gymnasium.de\/wordpress\/wp-content\/uploads\/2021\/04\/Raeder-300x226.jpg 300w, https:\/\/www.sigmund-schuckert-gymnasium.de\/wordpress\/wp-content\/uploads\/2021\/04\/Raeder-1024x771.jpg 1024w, https:\/\/www.sigmund-schuckert-gymnasium.de\/wordpress\/wp-content\/uploads\/2021\/04\/Raeder-768x578.jpg 768w, https:\/\/www.sigmund-schuckert-gymnasium.de\/wordpress\/wp-content\/uploads\/2021\/04\/Raeder-1536x1157.jpg 1536w, https:\/\/www.sigmund-schuckert-gymnasium.de\/wordpress\/wp-content\/uploads\/2021\/04\/Raeder-scaled.jpg 2048w, https:\/\/www.sigmund-schuckert-gymnasium.de\/wordpress\/wp-content\/uploads\/2021\/04\/Raeder-700x527.jpg 700w, https:\/\/www.sigmund-schuckert-gymnasium.de\/wordpress\/wp-content\/uploads\/2021\/04\/Raeder-332x250.jpg 332w\" sizes=\"auto, (max-width: 409px) 100vw, 409px\" \/>All das erfordert einen enormen Aufwand und es k\u00f6nnen nicht einfach private R\u00e4der oder auch Helme benutzt werden, denn hier w\u00fcrde sich eine sicherheitstechnische L\u00fccke ergeben, da die Materialien vor jeder Fahrt immer ausgiebig gepr\u00fcft werden m\u00fcssten. Aus diesem Grund sind die beiden Lehrer gl\u00fccklich, auf einen breit ausgebauten \u201ePool\u201c an R\u00e4dern, Helmen und anderen Materialien zur\u00fcckgreifen zu k\u00f6nnen. So stehen in einem eigens f\u00fcr die das Wahlfach eingerichteten Raum im Keller des Schulgeb\u00e4udes mittlerweile 20 R\u00e4der in drei Rahmengr\u00f6\u00dfen zur Verf\u00fcgung. Jeder Sch\u00fcler bekommt zudem einen Helm, den er f\u00fcr die Dauer des Kurses benutzen und in dem Raum in einer eigenen Ablagebox lagern kann. <img loading=\"lazy\" decoding=\"async\" class=\"size-medium wp-image-5242 alignleft\" src=\"https:\/\/www.sigmund-schuckert-gymnasium.de\/wordpress\/wp-content\/uploads\/2021\/04\/Regalweb-300x249.jpg\" alt=\"\" width=\"300\" height=\"249\" srcset=\"https:\/\/www.sigmund-schuckert-gymnasium.de\/wordpress\/wp-content\/uploads\/2021\/04\/Regalweb-300x249.jpg 300w, https:\/\/www.sigmund-schuckert-gymnasium.de\/wordpress\/wp-content\/uploads\/2021\/04\/Regalweb-1024x851.jpg 1024w, https:\/\/www.sigmund-schuckert-gymnasium.de\/wordpress\/wp-content\/uploads\/2021\/04\/Regalweb-768x638.jpg 768w, https:\/\/www.sigmund-schuckert-gymnasium.de\/wordpress\/wp-content\/uploads\/2021\/04\/Regalweb-1536x1276.jpg 1536w, https:\/\/www.sigmund-schuckert-gymnasium.de\/wordpress\/wp-content\/uploads\/2021\/04\/Regalweb-scaled.jpg 2048w, https:\/\/www.sigmund-schuckert-gymnasium.de\/wordpress\/wp-content\/uploads\/2021\/04\/Regalweb-700x582.jpg 700w, https:\/\/www.sigmund-schuckert-gymnasium.de\/wordpress\/wp-content\/uploads\/2021\/04\/Regalweb-332x276.jpg 332w\" sizes=\"auto, (max-width: 300px) 100vw, 300px\" \/>Insgesamt sind dies an die 40 Helme in unterschiedlichen Gr\u00f6\u00dfen. Die PHR und das SSG geh\u00f6ren damit bayernweit einem exklusiven Kreis an Schulen an, die dieses Wahlfach anbieten k\u00f6nnen.<\/p>\n<p>M\u00f6glich macht dies alles zum einen die Kooperation mit dem Radsportclub Herpersdorf 1919 e.V., der das Wahlfach mit R\u00e4dern unterst\u00fctzt und auch Jugend-Trainer zur Verf\u00fcgung stellt. Dar\u00fcber hinaus unterst\u00fctzen auch die Elternbeir\u00e4te und F\u00f6rdervereine der jeweiligen Schulen dieses besondere Wahlfach und allein im Schuljahr 2019\/20 konnten drei neue R\u00e4der sowie 15 Helme angeschafft werden, so dass die knapp 35 Sch\u00fclerinnen und Sch\u00fcler, die in diesem Schuljahr am Wahlfach MTB teilgenommen haben, auf ein sehr gutes und vor allem auch sicheres Material zur\u00fcckgreifen konnten. <img loading=\"lazy\" decoding=\"async\" class=\" wp-image-5244 alignright\" src=\"https:\/\/www.sigmund-schuckert-gymnasium.de\/wordpress\/wp-content\/uploads\/2021\/04\/Herpersdorf_Logo-232x300.jpg\" alt=\"\" width=\"172\" height=\"222\" srcset=\"https:\/\/www.sigmund-schuckert-gymnasium.de\/wordpress\/wp-content\/uploads\/2021\/04\/Herpersdorf_Logo-232x300.jpg 232w, https:\/\/www.sigmund-schuckert-gymnasium.de\/wordpress\/wp-content\/uploads\/2021\/04\/Herpersdorf_Logo-790x1024.jpg 790w, https:\/\/www.sigmund-schuckert-gymnasium.de\/wordpress\/wp-content\/uploads\/2021\/04\/Herpersdorf_Logo-768x995.jpg 768w, https:\/\/www.sigmund-schuckert-gymnasium.de\/wordpress\/wp-content\/uploads\/2021\/04\/Herpersdorf_Logo-1185x1536.jpg 1185w, https:\/\/www.sigmund-schuckert-gymnasium.de\/wordpress\/wp-content\/uploads\/2021\/04\/Herpersdorf_Logo-scaled.jpg 1580w, https:\/\/www.sigmund-schuckert-gymnasium.de\/wordpress\/wp-content\/uploads\/2021\/04\/Herpersdorf_Logo-700x907.jpg 700w, https:\/\/www.sigmund-schuckert-gymnasium.de\/wordpress\/wp-content\/uploads\/2021\/04\/Herpersdorf_Logo-332x430.jpg 332w\" sizes=\"auto, (max-width: 172px) 100vw, 172px\" \/><\/p>\n<p>Kein Training ohne konkretes Ziel! \u2013 Neben den Aspekten Fahrtechnik und Sicherheit trainieren die Sch\u00fcler auf ein ganz besonderes Event hin, n\u00e4mlich auf den Regionalentscheid in Hilpoltstein und Sulzbach-Rosenberg im Mountainbike-Mannschaftswettbewerb im Mai. Leider mussten diese Wettk\u00e4mpfe wie auch kleinere Vorbereitungs-Wettk\u00e4mpfe, wie zum Beispiel das \u201eFette-Reifen-Rennen\u201c vom RC-Herpersdorf 1919 e.V., 2020 und auch 2021 aufgrund von Corona abgesagt werden.<\/p>\n<p>Wir bedanken uns an dieser Stelle bei allen, die dieses Projekt finanziell, aber auch organisatorisch unterst\u00fctzen, vor allem dem Radsportclub RC-Herpersdorf 1919 e.V., den F\u00f6rdervereinen und den Elternbeir\u00e4ten der beiden Schulen.<\/p>\n<p>&nbsp;<\/p>\n<p>Wolfgang Klenk, OStR\u00a0\u00a0\u00a0\u00a0\u00a0\u00a0\u00a0\u00a0\u00a0\u00a0\u00a0\u00a0\u00a0\u00a0\u00a0\u00a0\u00a0\u00a0\u00a0\u00a0\u00a0\u00a0\u00a0\u00a0\u00a0\u00a0\u00a0\u00a0\u00a0\u00a0\u00a0\u00a0\u00a0\u00a0\u00a0\u00a0\u00a0\u00a0\u00a0\u00a0\u00a0\u00a0\u00a0\u00a0\u00a0\u00a0 Frank Guthmann, RSK<\/p>\n<p>Sigmund-Schuckert-Gymnasium \u00a0 \u00a0 \u00a0 \u00a0 \u00a0 \u00a0 \u00a0 \u00a0 \u00a0 \u00a0 \u00a0 \u00a0 \u00a0 \u00a0Peter-Henlein-Realschule<\/p>\n","protected":false},"excerpt":{"rendered":"<p>\u201eRadfahren soll sicher sein\u201c &nbsp; Wahlfach MTB \u2013 Ein Gemeinschaftsprojekt der PHR und des SSG<\/p>\n","protected":false},"author":1,"featured_media":0,"parent":0,"menu_order":0,"comment_status":"closed","ping_status":"closed","template":"","meta":{"cybocfi_hide_featured_image":"","footnotes":""},"class_list":["post-5234","page","type-page","status-publish","hentry"],"_links":{"self":[{"href":"https:\/\/www.sigmund-schuckert-gymnasium.de\/wordpress\/wp-json\/wp\/v2\/pages\/5234","targetHints":{"allow":["GET"]}}],"collection":[{"href":"https:\/\/www.sigmund-schuckert-gymnasium.de\/wordpress\/wp-json\/wp\/v2\/pages"}],"about":[{"href":"https:\/\/www.sigmund-schuckert-gymnasium.de\/wordpress\/wp-json\/wp\/v2\/types\/page"}],"author":[{"embeddable":true,"href":"https:\/\/www.sigmund-schuckert-gymnasium.de\/wordpress\/wp-json\/wp\/v2\/users\/1"}],"replies":[{"embeddable":true,"href":"https:\/\/www.sigmund-schuckert-gymnasium.de\/wordpress\/wp-json\/wp\/v2\/comments?post=5234"}],"version-history":[{"count":6,"href":"https:\/\/www.sigmund-schuckert-gymnasium.de\/wordpress\/wp-json\/wp\/v2\/pages\/5234\/revisions"}],"predecessor-version":[{"id":5302,"href":"https:\/\/www.sigmund-schuckert-gymnasium.de\/wordpress\/wp-json\/wp\/v2\/pages\/5234\/revisions\/5302"}],"wp:attachment":[{"href":"https:\/\/www.sigmund-schuckert-gymnasium.de\/wordpress\/wp-json\/wp\/v2\/media?parent=5234"}],"curies":[{"name":"wp","href":"https:\/\/api.w.org\/{rel}","templated":true}]}}