{"id":4888,"date":"2020-10-15T21:25:53","date_gmt":"2020-10-15T19:25:53","guid":{"rendered":"https:\/\/www.sigmund-schuckert-gymnasium.de\/wordpress\/?page_id=4888"},"modified":"2025-02-28T12:30:52","modified_gmt":"2025-02-28T11:30:52","slug":"office-365-fuer-das-ssg","status":"publish","type":"page","link":"https:\/\/www.sigmund-schuckert-gymnasium.de\/wordpress\/office-365-fuer-das-ssg\/","title":{"rendered":"Office 365 f\u00fcr das SSG"},"content":{"rendered":"<p>Das Sigmund-Schuckert Gymnasium stellt Sch\u00fclerinnen und Sch\u00fclern f\u00fcr das gemeinsame Arbeiten und Lernen im Unterricht und zu Hause Microsoft Office 365 Education Pro (im Folgenden \u201eOffice 365\u201c) zur Verf\u00fcgung.<\/p>\n<p>M\u00f6glich ist dies nur durch die Einwilligung in die <a href=\"https:\/\/www.sigmund-schuckert-gymnasium.de\/wordpress\/wp-content\/uploads\/2020\/10\/Nutzungsvereinbarung-Office-Schueler.pdf\">Nutzungsvereinbarung Office<\/a><\/p>\n<p>Jede Nutzung ist nur im Rahmen der Vereinbarung m\u00f6glich.<\/p>\n<p>F\u00fcr jede Schule wurde ein eigener Schul-Tenant eingerichtet (= abgeschlossener Bereich, in dem sich ausschlie\u00dflich die Lehrkr\u00e4fte, Mitarbeiter\/innen sowie die Sch\u00fcler\/innen des SSG befinden). Darin k\u00f6nnen Lehrkr\u00e4ften und Mitsch\u00fcler\/innen im Unterricht zusammenarbeiten, wenngleich die haupts\u00e4chliche Plattform der Zusammenarbeit am SSG die bayerische Lernplattform <span style=\"text-decoration: underline;\"><strong>mebis<\/strong><\/span> bleiben wird. Die Dienste und Apps von Office 365 k\u00f6nnen auch zu Hause zum Lernen und Arbeiten f\u00fcr die Schule verwendet werden. Folgende Dienste und Apps werden zur Verf\u00fcgung gestellt:<\/p>\n<ul>\n<li>\u00a0Microsoft Office Professional Plus f\u00fcr die Installation auf insgesamt 15 privaten Endger\u00e4ten (5 Desktop PCs bzw. Laptops \/ 5 Tablets \/ 5 Smartphones)<\/li>\n<li>ein Benutzername nach folgendem Muster: vorname.nachname@ssg.nuernberg.de. Damit und mit einem Passwort kannst du dich bei Office 365 anmelden.<\/li>\n<li>Online-Speicher bei OneDrive mit 2 GB Speicherplatz. Die Dateigr\u00f6\u00dfe f\u00fcr den Upload ist auf 50 MB begrenzt. Das Speichern von privaten Dateien (z.B. private Bilder und Videos) ist in diesem OnlineSpeicher nicht erlaubt. Die Synchronisation von OneDrive ist f\u00fcr Bild, Ton, Video und ausf\u00fchrbare Dateien ausgeschlossen.<\/li>\n<\/ul>\n<p><span style=\"font-size: 12pt;\"><strong><span style=\"text-decoration: underline;\">ERSTANMELDUNG<\/span><\/strong><\/span><\/p>\n<p>Sch\u00fcler*innen sollten ihre Anmeldedaten (Benutzername und Initialpasswort) in einem Schreiben im Unterricht erhalten haben. Die Anmeldung erfolgt unter<\/p>\n<p><a href=\"https:\/\/portal.office.com\">https:\\\\portal.office.com<\/a><\/p>\n<p>Sie sollten die Anweisungen auf dem Schreiben befolgen; anbei noch ein Video zur Illustration:<\/p>\n<div style=\"width: 810px;\" class=\"wp-video\"><video class=\"wp-video-shortcode\" id=\"video-4888-1\" width=\"810\" height=\"456\" preload=\"metadata\" controls=\"controls\"><source type=\"video\/mp4\" src=\"https:\/\/www.sigmund-schuckert-gymnasium.de\/wordpress\/wp-content\/uploads\/2020\/10\/1-O365-Erstanmeldung.mp4?_=1\" \/><a href=\"https:\/\/www.sigmund-schuckert-gymnasium.de\/wordpress\/wp-content\/uploads\/2020\/10\/1-O365-Erstanmeldung.mp4\">https:\/\/www.sigmund-schuckert-gymnasium.de\/wordpress\/wp-content\/uploads\/2020\/10\/1-O365-Erstanmeldung.mp4<\/a><\/video><\/div>\n<p class=\"justified-l-r\">M\u00f6glich ist die Nutzung vieler verschiedener Microsoft-Web Apps \u00fcber das Online-Portal.<\/p>\n<p class=\"justified-l-r\">Die webbasierten Apps sowie der inkludierte OneDrive-Cloudspeicher erm\u00f6glichen nicht nur, eigene Dateien zu erstellen, zu bearbeiten und zu speichern (wobei auch online die gewohnte Office-Oberfl\u00e4che nahezu voll zur Verf\u00fcgung steht); wichtiger ist noch das nun m\u00f6gliche kollaborative Bearbeiten dieser Dateien in der Klasse, sowohl im Unterricht selbst als auch zur Vor- und Nachbereitung.<\/p>\n<p>Um den Einstieg zu erleichtern, wurden einige Video-Tutorials vorbereitet, die Sie im Anschluss finden. Dar\u00fcber hinaus bietet Microsoft ein ausf\u00fchrliches Office 365-Schulungscenter.<\/p>\n<ul class=\"list-links box justified-l-r\">\n<li class=\"link\"><a title=\"Externer Link (\u00f6ffnet in neuem Fenster)\" href=\"https:\/\/support.microsoft.com\/de-de\/training\" target=\"_blank\" rel=\"noopener noreferrer\">Microsoft Office 365-Schulungscenter (extern)<\/a><\/li>\n<\/ul>\n<p>Wie installiere ich Office, wenn ich nicht nur die Web-Oberfl\u00e4che nutzen m\u00f6chte?<\/p>\n<div style=\"width: 810px;\" class=\"wp-video\"><video class=\"wp-video-shortcode\" id=\"video-4888-2\" width=\"810\" height=\"456\" preload=\"metadata\" controls=\"controls\"><source type=\"video\/mp4\" src=\"https:\/\/www.sigmund-schuckert-gymnasium.de\/wordpress\/wp-content\/uploads\/2020\/10\/2-O365-Installation-von-Office-2019.mp4?_=2\" \/><a href=\"https:\/\/www.sigmund-schuckert-gymnasium.de\/wordpress\/wp-content\/uploads\/2020\/10\/2-O365-Installation-von-Office-2019.mp4\">https:\/\/www.sigmund-schuckert-gymnasium.de\/wordpress\/wp-content\/uploads\/2020\/10\/2-O365-Installation-von-Office-2019.mp4<\/a><\/video><\/div>\n<p>&nbsp;<\/p>\n<p>Wir w\u00fcnschen Euch und Ihnen viel Erfolg und Freude beim Einsatz von Office 365 im Unterricht und nat\u00fcrlich auch zuhause.<\/p>\n<p>Bei Fragen oder Unklarheiten wenden Sie Sich bitte an <a href=\"mailto:info@sigmund-schuckert-gymnasium.de\">info@sigmund-schuckert-gymnasium.de<\/a><\/p>\n","protected":false},"excerpt":{"rendered":"<p>Das Sigmund-Schuckert Gymnasium stellt Sch\u00fclerinnen und Sch\u00fclern f\u00fcr das gemeinsame Arbeiten und Lernen im Unterricht<\/p>\n","protected":false},"author":1,"featured_media":0,"parent":0,"menu_order":0,"comment_status":"closed","ping_status":"closed","template":"","meta":{"cybocfi_hide_featured_image":"","footnotes":""},"class_list":["post-4888","page","type-page","status-publish","hentry"],"_links":{"self":[{"href":"https:\/\/www.sigmund-schuckert-gymnasium.de\/wordpress\/wp-json\/wp\/v2\/pages\/4888","targetHints":{"allow":["GET"]}}],"collection":[{"href":"https:\/\/www.sigmund-schuckert-gymnasium.de\/wordpress\/wp-json\/wp\/v2\/pages"}],"about":[{"href":"https:\/\/www.sigmund-schuckert-gymnasium.de\/wordpress\/wp-json\/wp\/v2\/types\/page"}],"author":[{"embeddable":true,"href":"https:\/\/www.sigmund-schuckert-gymnasium.de\/wordpress\/wp-json\/wp\/v2\/users\/1"}],"replies":[{"embeddable":true,"href":"https:\/\/www.sigmund-schuckert-gymnasium.de\/wordpress\/wp-json\/wp\/v2\/comments?post=4888"}],"version-history":[{"count":11,"href":"https:\/\/www.sigmund-schuckert-gymnasium.de\/wordpress\/wp-json\/wp\/v2\/pages\/4888\/revisions"}],"predecessor-version":[{"id":7679,"href":"https:\/\/www.sigmund-schuckert-gymnasium.de\/wordpress\/wp-json\/wp\/v2\/pages\/4888\/revisions\/7679"}],"wp:attachment":[{"href":"https:\/\/www.sigmund-schuckert-gymnasium.de\/wordpress\/wp-json\/wp\/v2\/media?parent=4888"}],"curies":[{"name":"wp","href":"https:\/\/api.w.org\/{rel}","templated":true}]}}