{"id":468,"date":"2015-12-15T14:16:40","date_gmt":"2015-12-15T13:16:40","guid":{"rendered":"http:\/\/www.sigmund-schuckert-gymnasium.de\/wordpress\/?page_id=468"},"modified":"2016-01-26T14:33:01","modified_gmt":"2016-01-26T13:33:01","slug":"kleiner-chor","status":"publish","type":"page","link":"https:\/\/www.sigmund-schuckert-gymnasium.de\/wordpress\/kleiner-chor\/","title":{"rendered":"Kleiner Chor"},"content":{"rendered":"<div class=\"item-page\">\n<p>F\u00fcr die Sch\u00fcler der 5. &#8211; 7. Klasse gibt es jeden Montag die M\u00f6glichkeit, am Unterstufenchor bei Herrn Gram\u00df teilzunehmen.<br \/>\nDieser findet immer um 13.15 Uhr in U 01 statt.<br \/>\nDer Unterstufenchor erarbeitet auch mehrstimmige Chors\u00e4tze, so dass diese Erfahrungen sp\u00e4ter im Gro\u00dfen Chor weiter ausgebaut werden k\u00f6nnen.<\/p>\n<p>Chorfahrt: Jedes Jahr fahren alle Ch\u00f6re zum Proben auf einen Workshop. Dieser dient zur Vorbereitung auf ein Konzert. Meist umfasst diese Fahrt drei \u00dcbernachtungen.<\/p>\n<\/div>\n","protected":false},"excerpt":{"rendered":"<p>F\u00fcr die Sch\u00fcler der 5. &#8211; 7. Klasse gibt es jeden Montag die M\u00f6glichkeit, am<\/p>\n","protected":false},"author":1,"featured_media":0,"parent":0,"menu_order":0,"comment_status":"closed","ping_status":"closed","template":"","meta":{"cybocfi_hide_featured_image":"","footnotes":""},"class_list":["post-468","page","type-page","status-publish","hentry"],"_links":{"self":[{"href":"https:\/\/www.sigmund-schuckert-gymnasium.de\/wordpress\/wp-json\/wp\/v2\/pages\/468","targetHints":{"allow":["GET"]}}],"collection":[{"href":"https:\/\/www.sigmund-schuckert-gymnasium.de\/wordpress\/wp-json\/wp\/v2\/pages"}],"about":[{"href":"https:\/\/www.sigmund-schuckert-gymnasium.de\/wordpress\/wp-json\/wp\/v2\/types\/page"}],"author":[{"embeddable":true,"href":"https:\/\/www.sigmund-schuckert-gymnasium.de\/wordpress\/wp-json\/wp\/v2\/users\/1"}],"replies":[{"embeddable":true,"href":"https:\/\/www.sigmund-schuckert-gymnasium.de\/wordpress\/wp-json\/wp\/v2\/comments?post=468"}],"version-history":[{"count":3,"href":"https:\/\/www.sigmund-schuckert-gymnasium.de\/wordpress\/wp-json\/wp\/v2\/pages\/468\/revisions"}],"predecessor-version":[{"id":832,"href":"https:\/\/www.sigmund-schuckert-gymnasium.de\/wordpress\/wp-json\/wp\/v2\/pages\/468\/revisions\/832"}],"wp:attachment":[{"href":"https:\/\/www.sigmund-schuckert-gymnasium.de\/wordpress\/wp-json\/wp\/v2\/media?parent=468"}],"curies":[{"name":"wp","href":"https:\/\/api.w.org\/{rel}","templated":true}]}}