{"id":456,"date":"2015-12-15T14:14:14","date_gmt":"2015-12-15T13:14:14","guid":{"rendered":"http:\/\/www.sigmund-schuckert-gymnasium.de\/wordpress\/?page_id=456"},"modified":"2015-12-22T22:41:28","modified_gmt":"2015-12-22T21:41:28","slug":"big-band","status":"publish","type":"page","link":"https:\/\/www.sigmund-schuckert-gymnasium.de\/wordpress\/big-band\/","title":{"rendered":"Big Band"},"content":{"rendered":"<div class=\"item-page\">\n<h2 class=\"contentheading\">Big Band<\/h2>\n<div id=\"content\">\n<div>\n<p>Wer Saxophon, Trompete, Posaune, E-Bass, Schlagzeug oder E-Gitarre spielt oder spielen m\u00f6chte, ist bei uns in guten H\u00e4nden. Wir bieten sowohl f\u00fcr Anf\u00e4nger als auch Fortgeschrittene Talentf\u00f6rdernte Kurse an. Unsere Big-Band nimmt auch an vielen Veranstaltungen teil. Proben: Freitag, 7. Stunde (\u00f6ffentliche Auftritte auch au\u00dferhalb der Schule).<\/p>\n<\/div>\n<\/div>\n<\/div>\n","protected":false},"excerpt":{"rendered":"<p>Big Band Wer Saxophon, Trompete, Posaune, E-Bass, Schlagzeug oder E-Gitarre spielt oder spielen m\u00f6chte, ist<\/p>\n","protected":false},"author":1,"featured_media":0,"parent":0,"menu_order":0,"comment_status":"closed","ping_status":"closed","template":"","meta":{"cybocfi_hide_featured_image":"","footnotes":""},"class_list":["post-456","page","type-page","status-publish","hentry"],"_links":{"self":[{"href":"https:\/\/www.sigmund-schuckert-gymnasium.de\/wordpress\/wp-json\/wp\/v2\/pages\/456","targetHints":{"allow":["GET"]}}],"collection":[{"href":"https:\/\/www.sigmund-schuckert-gymnasium.de\/wordpress\/wp-json\/wp\/v2\/pages"}],"about":[{"href":"https:\/\/www.sigmund-schuckert-gymnasium.de\/wordpress\/wp-json\/wp\/v2\/types\/page"}],"author":[{"embeddable":true,"href":"https:\/\/www.sigmund-schuckert-gymnasium.de\/wordpress\/wp-json\/wp\/v2\/users\/1"}],"replies":[{"embeddable":true,"href":"https:\/\/www.sigmund-schuckert-gymnasium.de\/wordpress\/wp-json\/wp\/v2\/comments?post=456"}],"version-history":[{"count":2,"href":"https:\/\/www.sigmund-schuckert-gymnasium.de\/wordpress\/wp-json\/wp\/v2\/pages\/456\/revisions"}],"predecessor-version":[{"id":650,"href":"https:\/\/www.sigmund-schuckert-gymnasium.de\/wordpress\/wp-json\/wp\/v2\/pages\/456\/revisions\/650"}],"wp:attachment":[{"href":"https:\/\/www.sigmund-schuckert-gymnasium.de\/wordpress\/wp-json\/wp\/v2\/media?parent=456"}],"curies":[{"name":"wp","href":"https:\/\/api.w.org\/{rel}","templated":true}]}}