{"id":430,"date":"2015-12-15T13:53:32","date_gmt":"2015-12-15T12:53:32","guid":{"rendered":"http:\/\/www.sigmund-schuckert-gymnasium.de\/wordpress\/?page_id=430"},"modified":"2023-11-28T15:59:37","modified_gmt":"2023-11-28T14:59:37","slug":"einfuehrungsklasse","status":"publish","type":"page","link":"https:\/\/www.sigmund-schuckert-gymnasium.de\/wordpress\/einfuehrungsklasse\/","title":{"rendered":"Einf\u00fchrungsklasse"},"content":{"rendered":"<div class=\"item-page\">\n<h2 class=\"contentheading\">Einf\u00fchrungsklasse<\/h2>\n<p><strong>Anmeldung f\u00fcr die Einf\u00fchrungsklasse<\/strong><\/p>\n<p><strong>Jedes Jahr zu Jahresbeginn (bitte Beitr\u00e4ge auf der Homepage beachten) findet der Informationsabend<\/strong> f\u00fcr alle interessierten Sch\u00fclerinnen und Sch\u00fcler an der Einf\u00fchrungsklasse statt. Zu diesem Termin werden auch die Voranmeldeformulare ausgegeben.<\/p>\n<p>Au\u00dferdem versuchen wir, momentane Sch\u00fcler*innen der Einf\u00fchrungsklasse, Sch\u00fclerinnen und Sch\u00fcler der Abiturjahrg\u00e4nge, die aus der Einf\u00fchrungsklasse kommen, und Lehrkr\u00e4fte mit viel Erfahrung in Einf\u00fchrungsklassen f\u00fcr diesen Informationsabend zu gewinnen.<\/p>\n<p>Die Voranmeldung zur Einf\u00fchrungsklasse findet am aufnehmenden Gymnasium statt.<\/p>\n<p><strong>Am Schuljahresende (bis einschlie\u00dflich Mittwoch der letzten Schulwoche) findet dann die endg\u00fcltige Anmeldung f\u00fcr die Einf\u00fchrungsklasse statt.<\/strong><\/p>\n<p>Bitte bringen Sie folgende ben\u00f6tigten Unterlagen mit:<\/p>\n<ul>\n<li>Geburtsurkunde<\/li>\n<li>Original des Abschlusszeugnisses<\/li>\n<li>p\u00e4dagogisches Gutachten (nur ab einem Schnitt von 2,33 in Deutsch, Mathematik und Englisch im Abschlusszeugnis notwendig)<\/li>\n<\/ul>\n<\/div>\n","protected":false},"excerpt":{"rendered":"<p>Einf\u00fchrungsklasse Anmeldung f\u00fcr die Einf\u00fchrungsklasse Jedes Jahr zu Jahresbeginn (bitte Beitr\u00e4ge auf der Homepage beachten)<\/p>\n","protected":false},"author":1,"featured_media":0,"parent":0,"menu_order":0,"comment_status":"closed","ping_status":"closed","template":"","meta":{"cybocfi_hide_featured_image":"","footnotes":""},"class_list":["post-430","page","type-page","status-publish","hentry"],"_links":{"self":[{"href":"https:\/\/www.sigmund-schuckert-gymnasium.de\/wordpress\/wp-json\/wp\/v2\/pages\/430","targetHints":{"allow":["GET"]}}],"collection":[{"href":"https:\/\/www.sigmund-schuckert-gymnasium.de\/wordpress\/wp-json\/wp\/v2\/pages"}],"about":[{"href":"https:\/\/www.sigmund-schuckert-gymnasium.de\/wordpress\/wp-json\/wp\/v2\/types\/page"}],"author":[{"embeddable":true,"href":"https:\/\/www.sigmund-schuckert-gymnasium.de\/wordpress\/wp-json\/wp\/v2\/users\/1"}],"replies":[{"embeddable":true,"href":"https:\/\/www.sigmund-schuckert-gymnasium.de\/wordpress\/wp-json\/wp\/v2\/comments?post=430"}],"version-history":[{"count":16,"href":"https:\/\/www.sigmund-schuckert-gymnasium.de\/wordpress\/wp-json\/wp\/v2\/pages\/430\/revisions"}],"predecessor-version":[{"id":6766,"href":"https:\/\/www.sigmund-schuckert-gymnasium.de\/wordpress\/wp-json\/wp\/v2\/pages\/430\/revisions\/6766"}],"wp:attachment":[{"href":"https:\/\/www.sigmund-schuckert-gymnasium.de\/wordpress\/wp-json\/wp\/v2\/media?parent=430"}],"curies":[{"name":"wp","href":"https:\/\/api.w.org\/{rel}","templated":true}]}}