{"id":4130,"date":"2019-07-21T11:57:27","date_gmt":"2019-07-21T09:57:27","guid":{"rendered":"http:\/\/www.sigmund-schuckert-gymnasium.de\/wordpress\/?page_id=4130"},"modified":"2019-07-21T19:40:55","modified_gmt":"2019-07-21T17:40:55","slug":"berufs-und-studieninfoabend-durch-ehemalige-des-ssg","status":"publish","type":"page","link":"https:\/\/www.sigmund-schuckert-gymnasium.de\/wordpress\/berufs-und-studieninfoabend-durch-ehemalige-des-ssg\/","title":{"rendered":"Berufs- und Studieninfoabend durch Ehemalige des SSG"},"content":{"rendered":"<p><strong>Berufs- und Studieninfoabend durch Ehemalige des SSG<\/strong><\/p>\n<p>Jedes Jahr am letzten Mittwoch im Oktober findet von 19 &#8211; ca. 20:30 Uhr der sogenannte &#8222;Ehemaligeninfoabend&#8220; am SSG statt.<br \/>\nEhemalige Sch\u00fclerinnen und Sch\u00fcler des SSG kommen am Abend erneut an die Schule und stellen den Sch\u00fclern der Oberstufe in zwei Runden ihren pers\u00f6nlichen Weg oder auch Umweg in Ausbildung, Studium und Beruf vor. Die Ehemaligen k\u00f6nnen in kleinen Gruppen von ihren Erfahrungen berichten und Fragen der Sch\u00fcler beantworten.<br \/>\nIn der Pause wird ein Catering angeboten, so dass gen\u00fcgend Raum f\u00fcr entspannte Gespr\u00e4che auch au\u00dferhalb der Inforunden bleibt und die\u00a0Ehemaligen\u00a0die Veranstaltung\u00a0zum Come-Together nutzen k\u00f6nnen.<\/p>\n<p>Hier noch Feedback einiger Sch\u00fcler der Q11:<\/p>\n<p><em>\u201eDie Ehemaligen waren sehr aufgeschlossen und haben sehr hilfreiche und interessante Antworten gegeben. Ihre eigenen Erfahrungen waren auch sehr interessant. Dass es eine solche Vielfalt an Studieng\u00e4ngen und Ausbildungen gab fand ich ebenfalls sehr gut, da es dadurch auch nicht so gro\u00dfe Gruppen waren.\u201c<\/em><\/p>\n<p><em>\u00a0\u201eDie Referenten sind nicht viel \u00e4lter als wir. Das ist sympathisch\u201c<\/em><\/p>\n<p><em>\u00a0\u201eNicht so gut war, dass man sich nur f\u00fcr 2 Vortr\u00e4ge entscheiden konnte, obwohl man vielleicht gerne mehr geh\u00f6rt h\u00e4tte.\u201c<\/em><\/p>\n<p>Sie sind Ehemaliger des SSG und m\u00f6chten beim n\u00e4chsten Mal\u00a0dabei sein und uns helfen, ein noch vielf\u00e4ltigeres Angebot auf die Beine zu stellen? Sehr gerne k\u00f6nnen Sie sich an den Organisator Stefan Zeller unter <a href=\"mailto:s.zeller@sigmund-schuckert-gymnasium.de\">s.zeller@sigmund-schuckert-gymnasium.de<\/a> wenden. Dankesch\u00f6n!<\/p>\n<p>Stefan Zeller<br \/>\nKoordinator Berufliche Orientierung<\/p>\n<p>&nbsp;<\/p>\n<p><strong>\u00a0<\/strong><\/p>\n","protected":false},"excerpt":{"rendered":"<p>Berufs- und Studieninfoabend durch Ehemalige des SSG Jedes Jahr am letzten Mittwoch im Oktober findet<\/p>\n","protected":false},"author":1,"featured_media":0,"parent":0,"menu_order":0,"comment_status":"closed","ping_status":"closed","template":"","meta":{"cybocfi_hide_featured_image":"","footnotes":""},"class_list":["post-4130","page","type-page","status-publish","hentry"],"_links":{"self":[{"href":"https:\/\/www.sigmund-schuckert-gymnasium.de\/wordpress\/wp-json\/wp\/v2\/pages\/4130","targetHints":{"allow":["GET"]}}],"collection":[{"href":"https:\/\/www.sigmund-schuckert-gymnasium.de\/wordpress\/wp-json\/wp\/v2\/pages"}],"about":[{"href":"https:\/\/www.sigmund-schuckert-gymnasium.de\/wordpress\/wp-json\/wp\/v2\/types\/page"}],"author":[{"embeddable":true,"href":"https:\/\/www.sigmund-schuckert-gymnasium.de\/wordpress\/wp-json\/wp\/v2\/users\/1"}],"replies":[{"embeddable":true,"href":"https:\/\/www.sigmund-schuckert-gymnasium.de\/wordpress\/wp-json\/wp\/v2\/comments?post=4130"}],"version-history":[{"count":2,"href":"https:\/\/www.sigmund-schuckert-gymnasium.de\/wordpress\/wp-json\/wp\/v2\/pages\/4130\/revisions"}],"predecessor-version":[{"id":4144,"href":"https:\/\/www.sigmund-schuckert-gymnasium.de\/wordpress\/wp-json\/wp\/v2\/pages\/4130\/revisions\/4144"}],"wp:attachment":[{"href":"https:\/\/www.sigmund-schuckert-gymnasium.de\/wordpress\/wp-json\/wp\/v2\/media?parent=4130"}],"curies":[{"name":"wp","href":"https:\/\/api.w.org\/{rel}","templated":true}]}}