{"id":3529,"date":"2018-09-16T13:14:56","date_gmt":"2018-09-16T11:14:56","guid":{"rendered":"http:\/\/www.sigmund-schuckert-gymnasium.de\/wordpress\/?page_id=3529"},"modified":"2024-11-03T18:50:38","modified_gmt":"2024-11-03T17:50:38","slug":"spanischfremdsprache","status":"publish","type":"page","link":"https:\/\/www.sigmund-schuckert-gymnasium.de\/wordpress\/spanischfremdsprache\/","title":{"rendered":"SpanischFremdsprache"},"content":{"rendered":"<p><img loading=\"lazy\" decoding=\"async\" class=\"size-full wp-image-3532 alignleft\" src=\"https:\/\/www.sigmund-schuckert-gymnasium.de\/wordpress\/wp-content\/uploads\/2018\/09\/image001.gif\" alt=\"\" width=\"214\" height=\"170\" \/><strong><span style=\"font-size: 22pt;\">Spanisch<\/span> <\/strong><\/p>\n<p><span style=\"font-size: 18pt;\"><strong>\u00a1Hola! \u2013 Buenos d\u00edas. \u2013 \u00bfC\u00f3mo te llamas?\u00a0<\/strong><\/span><\/p>\n<p><strong>Warum Spanisch lernen? <\/strong><\/p>\n<table style=\"height: 166px;\" width=\"780\">\n<tbody>\n<tr>\n<td style=\"text-align: left;\">\n<ul>\n<li>Spanisch wird gegenw\u00e4rtig von mehr als 470 Millionen Muttersprachlern gesprochen und ist damit \u2013 neben Englisch, Mandarin und Hindi \u2013 eine der meistgesprochenen Sprachen weltweit. Es wird nicht nur in Spanien sowie in vielen L\u00e4ndern Lateinamerikas gesprochen, sondern ist mittlerweile auch in weiten Teilen des S\u00fcdens der USA verbreitet. Folglich ist das Erlernen des Spanischen nicht nur f\u00fcr Urlaubsreisen reizvoll, sondern er\u00f6ffnet euch auch in beruflicher Hinsicht vielf\u00e4ltige M\u00f6glichkeiten.<\/li>\n<\/ul>\n<\/td>\n<td style=\"width: 200px; text-align: center;\" scope=\"row\"><span style=\"font-size: 6pt; color: #ffffff;\">&#8211;<\/span><img loading=\"lazy\" decoding=\"async\" class=\"wp-image-3530 alignnone\" src=\"https:\/\/www.sigmund-schuckert-gymnasium.de\/wordpress\/wp-content\/uploads\/2018\/09\/image003.jpg\" alt=\"\" width=\"401\" height=\"301\" \/><\/td>\n<\/tr>\n<\/tbody>\n<\/table>\n<table>\n<tbody>\n<tr>\n<td>\n<ul>\n<li style=\"text-align: left;\">Mit Vorkenntnissen in Englisch, Latein und Franz\u00f6sisch seid ihr bestens f\u00fcr das Erlernen einer weiteren romanischen Sprache vorbereitet. Grammatik- und Wortschatz-kenntnisse aus dem Lateinischen und Franz\u00f6sischen erleichtern euch den Zugang zum Spanischen. Dadurch ist der Lernfortschritt in den einzelnen Lernjahren wesentlich gr\u00f6\u00dfer als bei den ersten beiden Fremdsprachen. So wird nach drei Jahren bereits das Sprachniveau \u201eB1+\u201c erreicht. Das entspricht in etwa dem Englischniveau am Ende der 10. Klasse.<\/li>\n<\/ul>\n<\/td>\n<td style=\"width: 200px;\"><span style=\"color: #ffffff;\">.<\/span><img loading=\"lazy\" decoding=\"async\" class=\"alignright wp-image-3533\" src=\"https:\/\/www.sigmund-schuckert-gymnasium.de\/wordpress\/wp-content\/uploads\/2018\/09\/image002.jpg\" alt=\"\" width=\"193\" height=\"144\" \/><\/td>\n<\/tr>\n<\/tbody>\n<\/table>\n<table>\n<tbody>\n<tr>\n<td>\n<ul>\n<li style=\"text-align: left;\">Spanisch zu sprechen, zu h\u00f6ren und zu verstehen macht einfach Spa\u00df und kann das Leben bereichern \u2013 und das ist das, was wir Spanischlehrkr\u00e4fte am SSG bei unseren Sch\u00fclerinnen und Sch\u00fclern erreichen wollen.<\/li>\n<\/ul>\n<\/td>\n<td style=\"width: 200px;\"><span style=\"color: #ffffff;\">&#8211;<\/span><br \/>\n<img loading=\"lazy\" decoding=\"async\" class=\"alignleft wp-image-3531 size-full\" src=\"https:\/\/www.sigmund-schuckert-gymnasium.de\/wordpress\/wp-content\/uploads\/2018\/09\/image004.jpg\" alt=\"\" width=\"297\" height=\"223\" \/><\/td>\n<\/tr>\n<\/tbody>\n<\/table>\n<p>Regelm\u00e4\u00dfig bilden wir Referendare und Referendarinnen im Zweigschuleinsatz aus, nehmen Praktikantinnen und Praktikanten auf allen Niveaus bis hin zum studienbegleitenden Praktikum vor dem 1. Staatsexamen mit in den Unterricht und hospitieren Lehrkr\u00e4fte aus spanischsprachigen L\u00e4ndern bei uns.<\/p>\n<p>Abwechslung bieten Besuche von Zeitzeugen oder Experten, Theaterauff\u00fchrungen oder Filmfestivals sowie ein kleiner Tanzkurs ebenso wie Restaurantbesuche passend zum behandelten Land oder Thema.<\/p>\n<p><strong>Am SSG k\u00f6nnt ihr Spanisch lernen<\/strong>, wenn ihr die Sprachenfolge Englisch, Latein und Franz\u00f6sisch habt. Am Ende der 10. Klasse legt ihr Latein mit dem Latinum ab und bekommt demzufolge ab der 11. Klasse die M\u00f6glichkeit, eine weitere moderne Fremdsprache f\u00fcr 3 Jahre bis zum Abitur zu erlernen.<\/p>\n<table width=\"0\">\n<tbody>\n<tr>\n<td width=\"31\"><\/td>\n<td width=\"267\"><strong>Klasse 11 <\/strong><\/td>\n<td width=\"31\"><\/td>\n<td width=\"267\"><strong>Klasse 12 und 13 <\/strong><\/td>\n<\/tr>\n<tr>\n<td width=\"31\">\u00b7<\/td>\n<td width=\"267\">je 4 Wochenstunden<\/p>\n<p>4 Schulaufgaben, davon eine m\u00fcndlich<\/td>\n<td width=\"31\">&nbsp;<\/p>\n<p>&nbsp;<\/td>\n<td width=\"267\">je 3 Wochenstunden,<\/p>\n<p>in 12\/1 und 12\/2 eine Schulaufgabe, in 13\/1 eine m\u00fcndliche Schulaufgabe, in 13\/2 ein kleiner schriftlicher Leistungsnachweis<\/td>\n<\/tr>\n<\/tbody>\n<\/table>\n<p>Wer Spanisch lernt, <u>kann<\/u> eine m\u00fcndliche Abiturpr\u00fcfung ablegen. Wenigstens 2 Halbjahresleistungen m\u00fcssen jedoch von jedem eingebracht werden.<\/p>\n<p>Sch\u00fclerinnen und Sch\u00fcler der <strong>Einf\u00fchrungsklasse<\/strong> haben ebenso die M\u00f6glichkeit, bei uns Spanisch zu lernen. Sie erhalten in der 11. Klasse zwei Stunden zus\u00e4tzliche F\u00f6rderung.<\/p>\n<p>Zus\u00e4tzlich besteht f\u00fcr diejenigen Sch\u00fclerinnen und Sch\u00fcler, die das naturwissenschaftliche Profil gew\u00e4hlt haben, die M\u00f6glichkeit, in der <strong>12. Klasse<\/strong> einen zweist\u00fcndigen <strong>Einf\u00fchrungskurs<\/strong> zu belegen, um einen Einblick in die spanische Sprache zu erhalten.<\/p>\n<p>Spanisch wird am SSG von uns unterrichtet:<\/p>\n<p>Lisa Gr\u00e4fenstein, Kristina Natt und Dr. J\u00f6rg Witt<\/p>\n<p>&nbsp;<\/p>\n<p>Sollte es Fragen geben, einfach eine E-Mail schicken an Herrn Dr. Witt, Fachkoordinator f\u00fcr Spanisch am SSG und Fachreferent f\u00fcr Spanisch beim Ministerialbeauftragten f\u00fcr die Gymnasien in Mittelfranken: j.witt@sigmund-schuckert-gymnasium.de<\/p>\n<p>&nbsp;<\/p>\n<p>\u00a1\u00c1nimo! \u2013 \u00a1Hasta pronto!<\/p>\n","protected":false},"excerpt":{"rendered":"<p>Spanisch \u00a1Hola! \u2013 Buenos d\u00edas. \u2013 \u00bfC\u00f3mo te llamas?\u00a0 Warum Spanisch lernen? Spanisch wird gegenw\u00e4rtig<\/p>\n","protected":false},"author":1,"featured_media":0,"parent":0,"menu_order":0,"comment_status":"closed","ping_status":"closed","template":"","meta":{"cybocfi_hide_featured_image":"","footnotes":""},"class_list":["post-3529","page","type-page","status-publish","hentry"],"_links":{"self":[{"href":"https:\/\/www.sigmund-schuckert-gymnasium.de\/wordpress\/wp-json\/wp\/v2\/pages\/3529","targetHints":{"allow":["GET"]}}],"collection":[{"href":"https:\/\/www.sigmund-schuckert-gymnasium.de\/wordpress\/wp-json\/wp\/v2\/pages"}],"about":[{"href":"https:\/\/www.sigmund-schuckert-gymnasium.de\/wordpress\/wp-json\/wp\/v2\/types\/page"}],"author":[{"embeddable":true,"href":"https:\/\/www.sigmund-schuckert-gymnasium.de\/wordpress\/wp-json\/wp\/v2\/users\/1"}],"replies":[{"embeddable":true,"href":"https:\/\/www.sigmund-schuckert-gymnasium.de\/wordpress\/wp-json\/wp\/v2\/comments?post=3529"}],"version-history":[{"count":7,"href":"https:\/\/www.sigmund-schuckert-gymnasium.de\/wordpress\/wp-json\/wp\/v2\/pages\/3529\/revisions"}],"predecessor-version":[{"id":7392,"href":"https:\/\/www.sigmund-schuckert-gymnasium.de\/wordpress\/wp-json\/wp\/v2\/pages\/3529\/revisions\/7392"}],"wp:attachment":[{"href":"https:\/\/www.sigmund-schuckert-gymnasium.de\/wordpress\/wp-json\/wp\/v2\/media?parent=3529"}],"curies":[{"name":"wp","href":"https:\/\/api.w.org\/{rel}","templated":true}]}}