{"id":348,"date":"2015-07-08T14:08:03","date_gmt":"2015-07-08T12:08:03","guid":{"rendered":"http:\/\/www.sigmund-schuckert-gymnasium.de\/wordpress\/?page_id=348"},"modified":"2019-10-28T20:45:57","modified_gmt":"2019-10-28T19:45:57","slug":"wirtschaft-und-recht","status":"publish","type":"page","link":"https:\/\/www.sigmund-schuckert-gymnasium.de\/wordpress\/unterricht\/faecher\/wirtschaft-und-recht\/","title":{"rendered":"Wirtschaft und Recht"},"content":{"rendered":"<p><em>Wie geht man sinnvoll mit Geld um?<br \/>\nWie entsteht Arbeitslosigkeit?<br \/>\nWelche Rechte habe ich, wenn ein Produkt kurz nach dem Kauf nicht mehr funktioniert?<br \/>\nWas ist eine Bilanz?<br \/>\nWie bewerbe ich mich richtig?<\/em><\/p>\n<p>\u2013 Dies sind nur einige wenige der Fragen, die das Fach Wirtschaft und Recht beantwortet.<br \/>\n<strong>Das Fach Wirtschaft und Recht<\/strong><\/p>\n<ul>\n<li>zeigt die zentrale Bedeutung unserer Wirtschaft- und Rechtsordnung auf.<\/li>\n<li>gibt Hilfestellung zur Lebensbew\u00e4ltigung im Bereich der \u00d6konomie und des Rechts.<\/li>\n<li>f\u00fchrt handlungs- und aspektorientierte Planspiele, Projekte und Betriebserkundungen durch.<\/li>\n<li>stellt eine Gelenkfunktion zwischen Schule und Wirtschaft dar.<\/li>\n<li>leistet einen wesentlichen Beitrag zur Berufsorientierung<\/li>\n<\/ul>\n<p>Neben der Erarbeitung von fachlichem Basiswissen steht die Vermittlung vielf\u00e4ltiger Grundkompetenzen wie die Auswertung von Fachtexten und Grafiken, das Denken in Modellen und das Treffen rationaler Entscheidungen im Vordergrund. Unterst\u00fctzt wird dies durch vielf\u00e4ltige besondere Angebote:<\/p>\n<p>Durchgef\u00fchrt werden in der<\/p>\n<p><strong>9. Klasse<\/strong><\/p>\n<ul>\n<li>Bewerbertraining mit der AOK<\/li>\n<li>freiwilliges <a href=\"https:\/\/www.sigmund-schuckert-gymnasium.de\/wordpress\/betriebspraktikum\/\" target=\"_blank\" rel=\"noopener noreferrer\">Betriebspraktikum<\/a> in den Faschings-, Oster- oder Pfingstferien<\/li>\n<li>Planspiel <a href=\"http:\/\/www.bti-online.com\/easy-business-basic\/\" target=\"_blank\" rel=\"noopener noreferrer\">Easy Business<\/a><\/li>\n<\/ul>\n<p><strong>10. Klasse<\/strong><\/p>\n<ul>\n<li><a href=\"http:\/\/www.planspiel-boerse.de\/toplevel\/main\/deutsch\/index.html\" target=\"_blank\" rel=\"noopener noreferrer\">Planspiel B\u00f6rse<\/a> der Sparkasse N\u00fcrnberg<\/li>\n<li>Projekttag \u201e<a href=\"http:\/\/www.wj-nuernberg.de\/?action=*schueler-als-bosse\" target=\"_blank\" rel=\"noopener noreferrer\">Sch\u00fcler als Bosse<\/a>\u201c mit den Wirtschaftjunioren N\u00fcrnberg<\/li>\n<\/ul>\n<p><strong>11. Klasse<\/strong><\/p>\n<ul>\n<li><a href=\"https:\/\/www.sigmund-schuckert-gymnasium.de\/wordpress\/faecher\/beruf-und-studium-bus\" target=\"_blank\" rel=\"noopener noreferrer\">BuS Beruf- und Studienorientierung<\/a> im Rahmen der P-Seminare<\/li>\n<li>ggf. Besuch einer Gerichtsverhandlung<\/li>\n<li>P-Seminar &#8222;<a href=\"https:\/\/www.dgp-schueler.de\/top\/\" target=\"_blank\" rel=\"noopener noreferrer\">Deutscher Gr\u00fcnderpreis f\u00fcr Sch\u00fcler<\/a>&#8220; (Einen Bericht aus 2019 finden Sie <a href=\"https:\/\/www.sigmund-schuckert-gymnasium.de\/wordpress\/gruenderpreis.html\">hier<\/a>)<\/li>\n<\/ul>\n<p>Link zum <a href=\"http:\/\/www.isb-gym8-lehrplan.de\/contentserv\/3.1.neu\/g8.de\/index.php?StoryID=26398\" target=\"_blank\" rel=\"noopener noreferrer\">Fachprofil<\/a> und den <a href=\"http:\/\/www.isb-gym8-lehrplan.de\/contentserv\/3.1.neu\/g8.de\/index.php?StoryID=26440\" target=\"_blank\" rel=\"noopener noreferrer\">Jahrgangsstufenlehrpl\u00e4nen<\/a> des Faches Wirtschaft und Recht.<\/p>\n<p>&nbsp;<\/p>\n<p><strong>Schule und Wirtschaft:<\/strong><\/p>\n<p>In der Oberstufe planen in einem sog. P(raxis)-Seminar kleine Sch\u00fcler-Teams in Zusammenarbeit mit Vertretern der Wirtschaft berufsnahe Projekte und setzen diese auch um. Ohne Kontakte mit der Wirtschaft lassen sich diese Vorhaben nicht umsetzen. Bitte unterst\u00fctzen Sie uns! Weitere Infos finden Sie <a href=\"https:\/\/www.sigmund-schuckert-gymnasium.de\/wordpress\/schule-und-wirtschaft\">hier<\/a>.<\/p>\n<p><strong>Die Lehrer der Fachschaft Wirtschaft und Recht:<\/strong><br \/>\nSusanne Bloem \u2013 Anja Machinek \u2013 Maria Weidinger \u2013 Gabriele Wiest \u2013 <span id=\"cloak1183\"><a href=\"mailto:s.zeller@sigmund-schuckert-gymnasium.de\">Stefan Zeller<\/a><\/span><\/p>\n","protected":false},"excerpt":{"rendered":"<p>Wie geht man sinnvoll mit Geld um? Wie entsteht Arbeitslosigkeit? Welche Rechte habe ich, wenn<\/p>\n","protected":false},"author":1,"featured_media":0,"parent":148,"menu_order":0,"comment_status":"closed","ping_status":"closed","template":"","meta":{"cybocfi_hide_featured_image":"","footnotes":""},"class_list":["post-348","page","type-page","status-publish","hentry"],"_links":{"self":[{"href":"https:\/\/www.sigmund-schuckert-gymnasium.de\/wordpress\/wp-json\/wp\/v2\/pages\/348","targetHints":{"allow":["GET"]}}],"collection":[{"href":"https:\/\/www.sigmund-schuckert-gymnasium.de\/wordpress\/wp-json\/wp\/v2\/pages"}],"about":[{"href":"https:\/\/www.sigmund-schuckert-gymnasium.de\/wordpress\/wp-json\/wp\/v2\/types\/page"}],"author":[{"embeddable":true,"href":"https:\/\/www.sigmund-schuckert-gymnasium.de\/wordpress\/wp-json\/wp\/v2\/users\/1"}],"replies":[{"embeddable":true,"href":"https:\/\/www.sigmund-schuckert-gymnasium.de\/wordpress\/wp-json\/wp\/v2\/comments?post=348"}],"version-history":[{"count":11,"href":"https:\/\/www.sigmund-schuckert-gymnasium.de\/wordpress\/wp-json\/wp\/v2\/pages\/348\/revisions"}],"predecessor-version":[{"id":4250,"href":"https:\/\/www.sigmund-schuckert-gymnasium.de\/wordpress\/wp-json\/wp\/v2\/pages\/348\/revisions\/4250"}],"up":[{"embeddable":true,"href":"https:\/\/www.sigmund-schuckert-gymnasium.de\/wordpress\/wp-json\/wp\/v2\/pages\/148"}],"wp:attachment":[{"href":"https:\/\/www.sigmund-schuckert-gymnasium.de\/wordpress\/wp-json\/wp\/v2\/media?parent=348"}],"curies":[{"name":"wp","href":"https:\/\/api.w.org\/{rel}","templated":true}]}}