{"id":3402,"date":"2018-06-06T08:40:47","date_gmt":"2018-06-06T06:40:47","guid":{"rendered":"http:\/\/www.sigmund-schuckert-gymnasium.de\/wordpress\/?page_id=3402"},"modified":"2025-01-14T09:53:41","modified_gmt":"2025-01-14T08:53:41","slug":"berufsberatung-am-leibniz-durch-die-arbeitsagentur-nuernberg","status":"publish","type":"page","link":"https:\/\/www.sigmund-schuckert-gymnasium.de\/wordpress\/berufsberatung-am-leibniz-durch-die-arbeitsagentur-nuernberg\/","title":{"rendered":"Berufsberatung am SSG durch die Arbeitsagentur N\u00fcrnberg"},"content":{"rendered":"<div id=\"ppu102129\" dir=\"ltr\">\n<div id=\"pu102129\" dir=\"ltr\">\n<div id=\"u102120-29\" dir=\"ltr\">\n<p><img loading=\"lazy\" decoding=\"async\" src=\"https:\/\/www.sigmund-schuckert-gymnasium.de\/wordpress\/wp-content\/uploads\/2018\/06\/PSX_20170908_100327.jpg\" width=\"227\" height=\"296\" name=\"Bild1\" align=\"right\" border=\"0\" \/> <strong>\u200b<\/strong><strong><span style=\"font-size: medium;\">Anette Hanf<\/span><\/strong><\/p>\n<p><a name=\"u1021021\"><\/a><a name=\"u102103-501\"><\/a><a name=\"u102103-5\"><\/a><a name=\"u102103-6\"><\/a> Beraterin Team Akademische Berufe<\/p>\n<p><a name=\"u1021023\"><\/a><a name=\"u102103-503\"><\/a><a name=\"u102103-8\"><\/a><a name=\"u1021022\"><\/a><a name=\"u102103-502\"><\/a><a name=\"u102103-14\"><\/a><a name=\"u102103-48\"><\/a> Tel.: 0800 4 5555 00<br \/>\nE-Mail:\u00a0<a href=\"mailto:Nuernberg.253-Berufsberatung-vor-dem-Erwerbsleben@arbeitsagentur.de\">Nuernberg.253-Berufsberatung-vor-dem-Erwerbsleben@arbeitsagentur.de<\/a><\/p>\n<p><a name=\"u1021027\"><\/a><a name=\"u102103-507\"><\/a><a name=\"u102103-17\"><\/a><a name=\"u1021026\"><\/a><a name=\"u102103-506\"><\/a><a name=\"u102103-19\"><\/a><a name=\"u1021025\"><\/a><a name=\"u102103-505\"><\/a><a name=\"u102103-21\"><\/a><a name=\"u1021024\"><\/a><a name=\"u102103-504\"><\/a><a name=\"u102103-23\"><\/a> <strong>Besucheradresse<\/strong><br \/>\nAgentur f\u00fcr Arbeit N\u00fcrnberg<br \/>\nRichard-Wagner-Platz 5<br \/>\n90443 N\u00fcrnberg<\/p>\n<p><a name=\"u1021028\"><\/a><a name=\"u102103-508\"><\/a><a name=\"u102103-211\"><\/a><a name=\"u102103-171\"><\/a> <strong>Postadresse<\/strong><\/p>\n<p><a name=\"u1021029\"><\/a><a name=\"u102103-509\"><\/a><a name=\"u102103-212\"><\/a><a name=\"u102103-192\"><\/a><a name=\"u102103-191\"><\/a> Agentur f\u00fcr Arbeit N\u00fcrnberg<\/p>\n<p><a name=\"u10210210\"><\/a><a name=\"u102103-5010\"><\/a><a name=\"u102103-213\"><\/a> 90300 N\u00fcrnberg<\/p>\n<p>Hallo liebe Sch\u00fclerinnen und Sch\u00fcler des SSG, liebe Eltern!<\/p>\n<p>als Berufsberaterin des SSG biete ich zu allen Themen rund um die berufliche Orientierung, Unterst\u00fctzung bei Ausbildungswunsch, Tipps zur Selbsterkundung, \u00dcbersicht \u00fcber Studien- und Berufsfelder, Organisation eines \u00dcberbr\u00fcckungsjahres, Studienfinanzierung uvm. regelm\u00e4\u00dfig Sprechstunden an (Anmeldung im Sekretariat). Ich freue mich auf Euer Kommen.<\/p>\n<p>Gerne k\u00f6nnt ihr mich aber auch bei allen Fragen \u00fcber meine Email kontaktieren:<\/p>\n<p><a name=\"u10210211\"><\/a><a name=\"u102103-5011\"><\/a><a name=\"u102103-481\"><\/a> <a href=\"mailto:anette.hanf3@arbeitsagentur.de\">anette.hanf3@arbeitsagentur.de<\/a> oder \u00a0<a href=\"mailto:Nuernberg.253-Berufsberatung-vor-dem-Erwerbsleben@arbeitsagentur.de\">Nuernberg.253-Berufsberatung-vor-dem-Erwerbsleben@arbeitsagentur.de<\/a><\/p>\n<p>Hier noch weitere evtl. interessante links zu diesen Themen:<\/p>\n<p><a name=\"u102120-7\"><\/a><a href=\"http:\/\/berufenet.arbeitsagentur.de\/berufe\/index.jsp\">Informationen \u00fcber Studieng\u00e4nge und Berufe -&gt; BerufeNet<\/a><\/p>\n<p><a name=\"u102120-11\"><\/a><a href=\"http:\/\/www.abi.de\/\">Studien- und Berufswahlportal f\u00fcr Abiturienten -&gt; abi.de<\/a><\/p>\n<p><a name=\"u102120-16\"><\/a><a href=\"http:\/\/www.studienwahl.de\/de\/studieren\/finder.htm\">Studieng\u00e4nge in Deutschland finden -&gt; studienwahl.de<\/a><\/p>\n<p><a name=\"u102120-20\"><\/a><a href=\"http:\/\/www.arbeitsagentur.de\/web\/content\/DE\/dienststellen\/rdby\/nuernberg\/Agentur\/VeranstaltungenvorOrt\/Detail\/index.htm?dfContentId=L6019022DSTBAI509495\">Das Gesamtprogramm des Berufsinformationszentrums N\u00fcrnberg (BIZ) -&gt; BIZ-Programm<\/a><\/p>\n<p><a name=\"u102120-27\"><\/a><\/p>\n<\/div>\n<\/div>\n<\/div>\n","protected":false},"excerpt":{"rendered":"<p>\u200bAnette Hanf Beraterin Team Akademische Berufe Tel.: 0800 4 5555 00 E-Mail:\u00a0Nuernberg.253-Berufsberatung-vor-dem-Erwerbsleben@arbeitsagentur.de Besucheradresse Agentur f\u00fcr<\/p>\n","protected":false},"author":1,"featured_media":0,"parent":0,"menu_order":0,"comment_status":"closed","ping_status":"closed","template":"","meta":{"cybocfi_hide_featured_image":"","footnotes":""},"class_list":["post-3402","page","type-page","status-publish","hentry"],"_links":{"self":[{"href":"https:\/\/www.sigmund-schuckert-gymnasium.de\/wordpress\/wp-json\/wp\/v2\/pages\/3402","targetHints":{"allow":["GET"]}}],"collection":[{"href":"https:\/\/www.sigmund-schuckert-gymnasium.de\/wordpress\/wp-json\/wp\/v2\/pages"}],"about":[{"href":"https:\/\/www.sigmund-schuckert-gymnasium.de\/wordpress\/wp-json\/wp\/v2\/types\/page"}],"author":[{"embeddable":true,"href":"https:\/\/www.sigmund-schuckert-gymnasium.de\/wordpress\/wp-json\/wp\/v2\/users\/1"}],"replies":[{"embeddable":true,"href":"https:\/\/www.sigmund-schuckert-gymnasium.de\/wordpress\/wp-json\/wp\/v2\/comments?post=3402"}],"version-history":[{"count":14,"href":"https:\/\/www.sigmund-schuckert-gymnasium.de\/wordpress\/wp-json\/wp\/v2\/pages\/3402\/revisions"}],"predecessor-version":[{"id":7529,"href":"https:\/\/www.sigmund-schuckert-gymnasium.de\/wordpress\/wp-json\/wp\/v2\/pages\/3402\/revisions\/7529"}],"wp:attachment":[{"href":"https:\/\/www.sigmund-schuckert-gymnasium.de\/wordpress\/wp-json\/wp\/v2\/media?parent=3402"}],"curies":[{"name":"wp","href":"https:\/\/api.w.org\/{rel}","templated":true}]}}