{"id":336,"date":"2015-07-08T14:02:36","date_gmt":"2015-07-08T12:02:36","guid":{"rendered":"http:\/\/www.sigmund-schuckert-gymnasium.de\/wordpress\/?page_id=336"},"modified":"2026-03-26T13:49:48","modified_gmt":"2026-03-26T12:49:48","slug":"physik","status":"publish","type":"page","link":"https:\/\/www.sigmund-schuckert-gymnasium.de\/wordpress\/unterricht\/faecher\/physik\/","title":{"rendered":"Physik"},"content":{"rendered":"<h3>Mache die Dinge so einfach wie m\u00f6glich &#8211; aber nicht einfacher (A. Einstein)<\/h3>\n<table>\n<tbody>\n<tr>\n<td valign=\"top\"><strong>Das Team der Fachschaft Physik:<\/strong><\/p>\n<ul>\n<li>\n<table>\n<tbody>\n<tr>\n<td width=\"56\">1<\/td>\n<td width=\"189\">Ulrike B\u00f6hm<\/td>\n<td width=\"86\">M\/Ph<\/td>\n<td width=\"178\">derzeit in Elternzeit<\/td>\n<\/tr>\n<tr>\n<td width=\"56\">2<\/td>\n<td width=\"189\">Kathrin Braunbarth<\/td>\n<td width=\"86\">M\/ Ph<\/td>\n<td width=\"178\">derzeit in Elternzeit<\/td>\n<\/tr>\n<tr>\n<td width=\"56\">3<\/td>\n<td width=\"189\">Dr. Ingo-Dieter Carrara<\/td>\n<td width=\"86\">M\/Ph\/Eth<\/td>\n<td width=\"178\">&nbsp;<\/td>\n<\/tr>\n<tr>\n<td width=\"56\">4<\/td>\n<td width=\"189\">Bastian Gill<\/td>\n<td width=\"86\">M\/Ph<\/td>\n<td width=\"178\">&nbsp;<\/td>\n<\/tr>\n<tr>\n<td width=\"56\">5<\/td>\n<td width=\"189\">Sabrina Hoyer<\/td>\n<td width=\"86\">Ph \/Geo<\/td>\n<td width=\"178\">&nbsp;<\/td>\n<\/tr>\n<tr>\n<td width=\"56\">6<\/td>\n<td width=\"189\">Catharina Kellermann<\/td>\n<td width=\"86\">M\/Ph<\/td>\n<td width=\"178\">&nbsp;<\/td>\n<\/tr>\n<tr>\n<td width=\"56\">7<\/td>\n<td width=\"189\">Christof K\u00f6nig<\/td>\n<td width=\"86\">M\/Ph<\/td>\n<td width=\"178\">&nbsp;<\/td>\n<\/tr>\n<tr>\n<td width=\"56\">8<\/td>\n<td width=\"189\">Corinna Pfarr<\/td>\n<td width=\"86\">M\/Ph\/D<\/td>\n<td width=\"178\">&nbsp;<\/td>\n<\/tr>\n<tr>\n<td width=\"56\">9<\/td>\n<td width=\"189\">Christina P\u00f6llmann<\/td>\n<td width=\"86\">M\/Ph<\/td>\n<td width=\"178\">&nbsp;<\/td>\n<\/tr>\n<tr>\n<td width=\"56\">10<\/td>\n<td width=\"189\">Manfred Richter<\/td>\n<td width=\"86\">M\/Ph<\/td>\n<td width=\"178\">&nbsp;<\/td>\n<\/tr>\n<tr>\n<td width=\"56\">11<\/td>\n<td width=\"189\">Christina Schattner<\/td>\n<td width=\"86\">M\/Ph<\/td>\n<td width=\"178\">&nbsp;<\/td>\n<\/tr>\n<tr>\n<td width=\"56\">12<\/td>\n<td width=\"189\">Alice Schmidkunz<\/td>\n<td width=\"86\">M\/Ph<\/td>\n<td width=\"178\">&nbsp;<\/td>\n<\/tr>\n<tr>\n<td width=\"56\">13<\/td>\n<td width=\"189\">Katharina Schreiner<\/td>\n<td width=\"86\">M\/Ph<\/td>\n<td width=\"178\">&nbsp;<\/td>\n<\/tr>\n<\/tbody>\n<\/table>\n<p>&nbsp;<\/li>\n<\/ul>\n<p>&nbsp;<\/td>\n<td><\/td>\n<\/tr>\n<\/tbody>\n<\/table>\n<table>\n<tbody>\n<tr>\n<td>Im Physikunterricht greifen wir das Interesse der Jugendlichen f\u00fcr Naturerscheinungen auf, sch\u00e4rfen ihre <strong>Beobachtungsgabe<\/strong> und regen sie an, die Beobachtungen zu hinterfragen und geeignete <strong>Erkl\u00e4rungen<\/strong> daf\u00fcr zu finden.<img decoding=\"async\" class=\"aligncenter\" src=\"https:\/\/www.sigmund-schuckert-gymnasium.de\/images\/experiment.jpg\" alt=\"\" border=\"0\" \/><\/td>\n<td><\/td>\n<\/tr>\n<\/tbody>\n<\/table>\n<p>&nbsp;<\/p>\n<table>\n<tbody>\n<tr>\n<td>Durch Sch\u00fcler\u00fcbungen, in denen auch <strong>Teamarbeit<\/strong> und <strong>-f\u00e4higkeit<\/strong> gef\u00f6rdert werden, Profil- stunden und einfache Heimexperimente m\u00f6chten wir unsere Sch\u00fcler\/innen zur <strong>Eigent\u00e4tigkeit<\/strong> animieren und auf diese Weise ihre Faszination f\u00fcr <strong>Experimente<\/strong> wecken.<img decoding=\"async\" class=\"aligncenter\" src=\"https:\/\/www.sigmund-schuckert-gymnasium.de\/images\/uebung.jpg\" alt=\"\" border=\"0\" \/><\/td>\n<td><\/td>\n<\/tr>\n<\/tbody>\n<\/table>\n<p>&nbsp;<\/p>\n<table>\n<tbody>\n<tr>\n<td><\/td>\n<td>Mit der Erarbeitung der dahinter stehenden <strong>Theorie<\/strong> wollen wir bei den Jugendlichen eine Basis schaffen unsere technisierte Welt besser zu verstehen und Voraussetzungen f\u00fcr sp\u00e4tere Berufs- und Forschungsaktivit\u00e4ten bereitstellen.<img decoding=\"async\" class=\"aligncenter\" src=\"https:\/\/www.sigmund-schuckert-gymnasium.de\/images\/formeln_physik.jpg\" alt=\"\" border=\"0\" \/><\/td>\n<\/tr>\n<\/tbody>\n<\/table>\n<p><strong>Aktivit\u00e4ten (u.a):<\/strong><\/p>\n<table>\n<tbody>\n<tr>\n<td style=\"text-align: center;\" align=\"left\" valign=\"top\"><\/td>\n<td>Exkursionen zum Cern nach Genf, ins deutsche Museum, zur Experimenta nach Heilbronn und zur Hannovermesse<\/p>\n<p>Physikalische Weihnachtsshow (unterhaltsame Experimente &#8211; vorgef\u00fchrt vom Weihnachtsmann und seinen Helfern\/innen aus der Q 11\/12 (P-Sem.) Physik<\/p>\n<p>Expertenvortr\u00e4ge zu aktuellen Themen (Funktion medizinischer Ger\u00e4te wie z.B. CT und\u00a0MRT ; Energie und Umwelt im 21. Jhdt)<\/td>\n<\/tr>\n<\/tbody>\n<\/table>\n<p style=\"text-align: center;\">Links zur Physik:<\/p>\n<div align=\"center\">\n<p style=\"text-align: center;\">Lehrpl\u00e4ne: unter <a href=\"http:\/\/www.isb-gym8-lehrplan.de\" target=\"blank\" rel=\"noopener\">www.isb-gym8-lehrplan.de<\/a><\/p>\n<p style=\"text-align: center;\">Eine Seite von Kollegen aus M\u00fcnchen zum Nacharbeiten, Wiederholen und Vertiefen: <a href=\"http:\/\/www.leifiphysik.de\" target=\"blank\" rel=\"noopener\">www.leifiphysik.de<\/a><\/p>\n<\/div>\n","protected":false},"excerpt":{"rendered":"<p>Mache die Dinge so einfach wie m\u00f6glich &#8211; aber nicht einfacher (A. Einstein) Das Team<\/p>\n","protected":false},"author":1,"featured_media":0,"parent":148,"menu_order":0,"comment_status":"closed","ping_status":"closed","template":"","meta":{"cybocfi_hide_featured_image":"","footnotes":""},"class_list":["post-336","page","type-page","status-publish","hentry"],"_links":{"self":[{"href":"https:\/\/www.sigmund-schuckert-gymnasium.de\/wordpress\/wp-json\/wp\/v2\/pages\/336","targetHints":{"allow":["GET"]}}],"collection":[{"href":"https:\/\/www.sigmund-schuckert-gymnasium.de\/wordpress\/wp-json\/wp\/v2\/pages"}],"about":[{"href":"https:\/\/www.sigmund-schuckert-gymnasium.de\/wordpress\/wp-json\/wp\/v2\/types\/page"}],"author":[{"embeddable":true,"href":"https:\/\/www.sigmund-schuckert-gymnasium.de\/wordpress\/wp-json\/wp\/v2\/users\/1"}],"replies":[{"embeddable":true,"href":"https:\/\/www.sigmund-schuckert-gymnasium.de\/wordpress\/wp-json\/wp\/v2\/comments?post=336"}],"version-history":[{"count":14,"href":"https:\/\/www.sigmund-schuckert-gymnasium.de\/wordpress\/wp-json\/wp\/v2\/pages\/336\/revisions"}],"predecessor-version":[{"id":8643,"href":"https:\/\/www.sigmund-schuckert-gymnasium.de\/wordpress\/wp-json\/wp\/v2\/pages\/336\/revisions\/8643"}],"up":[{"embeddable":true,"href":"https:\/\/www.sigmund-schuckert-gymnasium.de\/wordpress\/wp-json\/wp\/v2\/pages\/148"}],"wp:attachment":[{"href":"https:\/\/www.sigmund-schuckert-gymnasium.de\/wordpress\/wp-json\/wp\/v2\/media?parent=336"}],"curies":[{"name":"wp","href":"https:\/\/api.w.org\/{rel}","templated":true}]}}