{"id":329,"date":"2015-07-08T14:01:21","date_gmt":"2015-07-08T12:01:21","guid":{"rendered":"http:\/\/www.sigmund-schuckert-gymnasium.de\/wordpress\/?page_id=329"},"modified":"2016-01-03T19:07:08","modified_gmt":"2016-01-03T18:07:08","slug":"musik","status":"publish","type":"page","link":"https:\/\/www.sigmund-schuckert-gymnasium.de\/wordpress\/unterricht\/faecher\/musik\/","title":{"rendered":"Musik"},"content":{"rendered":"<div class=\"item-page\">\n<p class=\"contentheading\"><strong>MUSIK wird am SSG gro\u00df geschrieben.<\/strong><\/p>\n<div id=\"content\">\n<p>Wer es einmal erlebt hat, wenn man im Chor steht und der eigene Gesang im Gesamtklang aufgeht, wie es ist, in einem Orchester mit anderen in einem Rhythmus zu schwingen, wer einmal von der au\u00dfergew\u00f6hnlichen Sprache der Musik im Innersten bewegt wurde, jeder wird begreifen, warum Musik bei allen Menschen \u00fcberhaupt eine solch unbeschreibliche Bedeutung hat. Wir k\u00f6nnen alle staunen, aber vielleicht auch etwas eintauchen versuchen. Und dabei m\u00f6chten auch wir einen Beitrag leisten&#8230;<\/p>\n<p>&nbsp;<\/p>\n<p>Dar\u00fcber hinaus:<\/p>\n<p>&#8222;Musikerziehung bedeutet, Toleranz zu f\u00f6rdern. Musizieren bedeutet, Gemeinschaft zu leben. Diese Eigenschaft macht Musik zu einem unverzichtbaren Bindeglied f\u00fcr unsere Gesellschaft&#8220; (Liz Mohn).<\/p>\n<p>So wei\u00df man l\u00e4ngst, dass Musikunterricht Konzentrationsf\u00e4higkeit schult, Intelligenz und Leistungsbereitschaft f\u00f6rdert, aber auch wichtige Kompetenzen im Bereich Sozialverhalten und Teamgeist vermittelt (kein musisch aktiver Sch\u00fcler war bis dato vor einem Diziplinarausschuss). Pers\u00f6nlichkeitsf\u00f6rdernde Prozesse werden durch die musische Aus\u00fcbung ebenfalls gef\u00f6rdert, und wie wichtig diese Qualit\u00e4ten in einem sp\u00e4teren Berufsleben sind, hat l\u00e4ngst auch die Industrie erkannt.<\/p>\n<p>&nbsp;<\/p>\n<p>Herr <strong>Klaus Gram\u00df<\/strong> ist seit Jahren die hauptamtliche Lehrkraft f\u00fcr Musik am Sigmund- Schuckert &#8211; Gymnasium. Au\u00dferdem ist dieser auch Dozent an der Universit\u00e4t Erlangen\/ N\u00fcrnberg.<\/p>\n<p>Manche Musikunterrichtsstunden werden von Kollegen aus dem SSG- Kollegium \u00fcbernommen, so dass der Unterricht komplett versorgt werden kann: Herr Gei\u00dfd\u00f6rfer, Herr Kreller und Herr Ising sind selbst au\u00dferhalb der Schule als ausgezeichnete Musiker bekannt und musikalisch sehr aktiv. Sie k\u00f6nnen somit die Fachschaft Musik bei Bedarf sehr gut erg\u00e4nzen und unterst\u00fctzen.<\/p>\n<p>&nbsp;<\/p>\n<p>Seit vielen Jahren gibt es an dieser Schule eine gro\u00dfe musikalische Kultur, die sowohl in den klassischen als auch in den jazz- und popmusikalischen Richtungen sehr umfangreich aufgef\u00e4chert ist. So gibt es alleine \u00fcber 10 instrumentale und 3 vocale Ensembles, in denen teilweise schon recht professionell gearbeitet werden kann. Dies bezeugen auch die zahlreichen Auszeichnungen, die die Musikabteilung erzielen konnte: Orchester-, Chorwettbewerb (z.B. 1. Preis beim Bayerischen Chorwettbewerb, f\u00fcnfter Platz bundesweit, sonstige Projektwettbewerbe).<\/p>\n<p>Einige <strong>Gro\u00dfprojekte<\/strong> sind weit \u00fcber die Schulgemeinschaft hinaus in N\u00fcrnberg bekannt: Gro\u00dfartige Musicalauff\u00fchrungen in der Vierfachturnhalle (Linie 1, Grease, Tabaluga, Hair) oder eine gro\u00dfe 20-er Jahre- Revue. Auftritte des Blasorchesters im gro\u00dfen Bamberger Konzertsaal Sinfonie an der Regnitz oder in gr\u00f6\u00dferen S\u00e4len in und um N\u00fcrnberg. Auff\u00fchrungen gr\u00f6\u00dferer Werke, wie Missa criolla, Mozart- und Haydn- Messen, Magnificat von Sch\u00f6nherr (groovy version of ox), Auftritte der Big Band und der Klezmergruppe &#8222;Shla Mazl&#8220; bei verschiedensten st\u00e4dtischen Feierlichkeiten.<\/p>\n<p>&nbsp;<\/p>\n<p>Die gesamte Schulgemeinschaft wird auch wesentlich durch das Zusammengeh\u00f6rigkeitsgef\u00fchl, das in den vielen musikalischen Ensembles entsteht, an dieser Schule gepr\u00e4gt. So f\u00f6rdern auch Probenphasen, Chor- und Orchesterfahrten, bei denen f\u00fcr ein gr\u00f6\u00dferes Projekt gearbeitet wird, die sozialen Gesichtspunkte in der Ausbildung der Jugendlichen. Die Sch\u00fcler lernen in solchen Gruppen auch jahrgangsstufen\u00fcbergreifend eine (ihre?) ganz besondere Schulgemeinschaft.<\/p>\n<p>Der <strong>Instrumentalunterricht<\/strong> ist in der musischen Ausbildung an dieser Schule eine gro\u00dfe St\u00fctze. So wird von Privatlehrern in den R\u00e4umen des SSG\u00b4s folgender Unterricht erteilt: Violine- (Frau Wei\u00df), Cello- (Frau Grams), Kontrabass- (Herr Dachauer), Trompete- (Herr Griebsch), Posaune- (Herr Griebsch), Saxophon- (Herr Hirschmann) , Klarinette- (Herr Hirschmann), Gitarre- (Herr Dorrer), Blockfl\u00f6te (Frau Wei\u00df) und Schlagzeug (Herr Kellner).<\/p>\n<p>&nbsp;<\/p>\n<p>In Wahlfachstunden k\u00f6nnen sich die Sch\u00fcler in folgenden Ensembles bet\u00e4tigen:<\/p>\n<ol>\n<li>Gitarrenkreis<\/li>\n<li>Fl\u00f6tenkreis<\/li>\n<li>Querfl\u00f6tenensemble<\/li>\n<li>Holzbl\u00e4serensemble<\/li>\n<li>Klezmer- Gruppe<\/li>\n<li>Blechbl\u00e4serensemble<\/li>\n<li>Gro\u00dfes Blasorchester<\/li>\n<li>Gro\u00dfes Orchester<\/li>\n<li>Big Band<\/li>\n<li>Schlagzeugensemble<\/li>\n<li>Schul- und Lehrerband<\/li>\n<li>Unterstufenchor<\/li>\n<li>Gro\u00dfer Chor (Mittel- Oberstufe)<\/li>\n<li>Kammerchor<\/li>\n<\/ol>\n<p>&nbsp;<\/p>\n<p>Regelm\u00e4\u00dfig finden zwei gro\u00dfe <strong>Konzerte<\/strong> im Schuljahr statt: Das Weihnachtskonzert (immer am letzten Donnerstag vor Weihnachten) und das Sommerkonzert (immer am letzten Mi und Do vor den Sommerferien). Dar\u00fcber hinaus gibt es noch diverse Kammermusikabende und kleinere Konzerte, die z.B. bei diversen Schulfeierlichkeiten eingebunden werden.<\/p>\n<p>&nbsp;<\/p>\n<p>Einige Auff\u00fchrungen kann man auf <strong>CD<\/strong> nochmals nacherleben. Es gibt von der Tabaluga &#8211; Auff\u00fchrung eine professionell erstellte Doppel- CD (EUR 10.-) und von der Musicalauff\u00fchrungen &#8222;Linie 1&#8220; und &#8222;Hair&#8220; jeweils eine professionell erstellte <strong>DVD<\/strong>. Auch von der Big Band und von der Klezmergruppe kann man CD\u00b4s erwerben (Bestellungen bei Herrn Gram\u00df \u00fcber die angegebene Mailadresse).<\/p>\n<p>&nbsp;<\/p>\n<p><span lang=\"fr-FR\">mail: <\/span><a href=\"mailto:%3Cspan%20id=\">Diese E-Mail-Adresse ist vor Spambots gesch\u00fctzt! Zur Anzeige muss JavaScript eingeschaltet sein!<\/a><a href=\"mailto:%3Cspan%20id=\">&#8222;&gt;<span id=\"cloak57798\"><\/span><\/a><a href=\"mailto:k.gramss@sigmund-schuckert-gymnasium.de\">k.gramss@sigmund-schuckert-gymnasium.de<\/a><\/p>\n<p>Weiterhin ist die Fachschaft in sehr viele f\u00e4cher\u00fcbergreifende Projekte eingebunden: z.B. H\u00f6rspielerstellung mit der Fachschaft Deutsch (mit Sendung im Lokalrundfunk), Mundartprojekt mit Fachschaft Deutsch (Ausstrahlung im BR), Rap &#8222;Zukunft 2030&#8220; mit Fachschaft Religion (Projekt der Firma Siemens), Theatermusikerstellung mit dem Wahlfach &#8222;Schulspiel&#8220; u.s.w.<\/p>\n<p>&nbsp;<\/p>\n<p>F\u00fcr interessierte Instrumentalsch\u00fcler (besonders aus den 5. Klassen):<\/p>\n<ul>\n<li>Es ist sinnvoll, m\u00f6glichst fr\u00fch mit einem Instrument zu beginnen.<\/li>\n<li>Der Unterricht findet in den R\u00e4umen des SSG\u00b4s statt<\/li>\n<li>F\u00fcr die Streichinstrumentenausbildung haben wir f\u00fcr Anf\u00e4nger einen besonders g\u00fcnstigen Monatsbeitrag angesetzt. Auch f\u00fcr die Anf\u00e4nger in den Blechblasinstrumenten wurde das erste Jahr im Beitrag reduziert. Ab dem zweiten Jahr bleibt der Beitrag bei ca. EUR 40 .- monatlich auch noch sehr g\u00fcnstig. Leihinstrumente k\u00f6nnen teilweise auch zur Verf\u00fcgung gestellt werden.<\/li>\n<li>Bei Holzblasinstrumenten, Schlagzeug und Gitarre gibt es andere Regelungen, die pers\u00f6nlich abgesprochen werden m\u00fcssen.<\/li>\n<li>Die Kinder k\u00f6nnen recht bald in einem Ensemble mitwirken.<\/li>\n<li>Eine Viertelstunde regelm\u00e4\u00dfiges \u00dcben kann trotz schulischer Belastung auch als gewisser Ausgleich zum Hausaufgabenpensum gesehen werden.<\/li>\n<\/ul>\n<\/div>\n<\/div>\n","protected":false},"excerpt":{"rendered":"<p>MUSIK wird am SSG gro\u00df geschrieben. Wer es einmal erlebt hat, wenn man im Chor<\/p>\n","protected":false},"author":1,"featured_media":0,"parent":148,"menu_order":0,"comment_status":"closed","ping_status":"closed","template":"","meta":{"cybocfi_hide_featured_image":"","footnotes":""},"class_list":["post-329","page","type-page","status-publish","hentry"],"_links":{"self":[{"href":"https:\/\/www.sigmund-schuckert-gymnasium.de\/wordpress\/wp-json\/wp\/v2\/pages\/329","targetHints":{"allow":["GET"]}}],"collection":[{"href":"https:\/\/www.sigmund-schuckert-gymnasium.de\/wordpress\/wp-json\/wp\/v2\/pages"}],"about":[{"href":"https:\/\/www.sigmund-schuckert-gymnasium.de\/wordpress\/wp-json\/wp\/v2\/types\/page"}],"author":[{"embeddable":true,"href":"https:\/\/www.sigmund-schuckert-gymnasium.de\/wordpress\/wp-json\/wp\/v2\/users\/1"}],"replies":[{"embeddable":true,"href":"https:\/\/www.sigmund-schuckert-gymnasium.de\/wordpress\/wp-json\/wp\/v2\/comments?post=329"}],"version-history":[{"count":3,"href":"https:\/\/www.sigmund-schuckert-gymnasium.de\/wordpress\/wp-json\/wp\/v2\/pages\/329\/revisions"}],"predecessor-version":[{"id":718,"href":"https:\/\/www.sigmund-schuckert-gymnasium.de\/wordpress\/wp-json\/wp\/v2\/pages\/329\/revisions\/718"}],"up":[{"embeddable":true,"href":"https:\/\/www.sigmund-schuckert-gymnasium.de\/wordpress\/wp-json\/wp\/v2\/pages\/148"}],"wp:attachment":[{"href":"https:\/\/www.sigmund-schuckert-gymnasium.de\/wordpress\/wp-json\/wp\/v2\/media?parent=329"}],"curies":[{"name":"wp","href":"https:\/\/api.w.org\/{rel}","templated":true}]}}