{"id":324,"date":"2015-07-08T13:59:34","date_gmt":"2015-07-08T11:59:34","guid":{"rendered":"http:\/\/www.sigmund-schuckert-gymnasium.de\/wordpress\/?page_id=324"},"modified":"2025-12-01T10:46:59","modified_gmt":"2025-12-01T09:46:59","slug":"mathematik","status":"publish","type":"page","link":"https:\/\/www.sigmund-schuckert-gymnasium.de\/wordpress\/unterricht\/faecher\/mathematik\/","title":{"rendered":"Mathematik"},"content":{"rendered":"<p>Das <a href=\"https:\/\/lernplattform.mebis.bayern.de\/mod\/folder\/view.php?id=481931\"><strong>Grundwissen Mathematik<\/strong><\/a> findet ihr nun in\u00a0mebis im Bereich SSG Mathematik.<\/p>\n<p>Download der <strong><a href=\"http:\/\/www.isb.bayern.de\/download\/13107\/merkhilfe_fuer_das_fach_mathematik_standard.pdf\">Merkhilfe<\/a><\/strong> f\u00fcr das G8<br \/>\n<strong>Das Team der Fachschaft Mathematik:<\/strong><\/p>\n<p>Fachschaftsmitglieder 2025\/26<\/p>\n<table>\n<tbody>\n<tr>\n<td width=\"56\">1<\/td>\n<td width=\"189\">Funda Alatali<\/td>\n<td width=\"85\">M\/WR<\/td>\n<\/tr>\n<tr>\n<td width=\"56\">2<\/td>\n<td width=\"189\">Dr. Ingo-Dieter Carrara<\/td>\n<td width=\"85\">M\/Ph\/Eth<\/td>\n<\/tr>\n<tr>\n<td width=\"56\">3<\/td>\n<td width=\"189\">Anna-Lena Fechter<\/td>\n<td width=\"85\">M\/C<\/td>\n<\/tr>\n<tr>\n<td width=\"56\">4<\/td>\n<td width=\"189\">Lisa Fielk<\/td>\n<td width=\"85\">M\/WR<\/td>\n<\/tr>\n<tr>\n<td width=\"56\">5<\/td>\n<td width=\"189\">Lara von Gem\u00fcnden<\/td>\n<td width=\"85\">M\/L<\/td>\n<\/tr>\n<tr>\n<td width=\"56\">6<\/td>\n<td width=\"189\">Bastian Gill<\/td>\n<td width=\"85\">M\/Ph<\/td>\n<\/tr>\n<tr>\n<td width=\"56\">7<\/td>\n<td width=\"189\">Volker Ising<\/td>\n<td width=\"85\">M\/K\/Inf<\/td>\n<\/tr>\n<tr>\n<td width=\"56\">8<\/td>\n<td width=\"189\">Catharina Kellermann<\/td>\n<td width=\"85\">M\/Ph<\/td>\n<\/tr>\n<tr>\n<td width=\"56\">9<\/td>\n<td width=\"189\">Christof K\u00f6nig<\/td>\n<td width=\"85\">M\/Ph<\/td>\n<\/tr>\n<tr>\n<td width=\"56\">10<\/td>\n<td width=\"189\">Johannes Maar<\/td>\n<td width=\"85\">M\/Sm<\/td>\n<\/tr>\n<tr>\n<td width=\"56\">11<\/td>\n<td width=\"189\">Corinna Pfarr<\/td>\n<td width=\"85\">M\/Ph\/D<\/td>\n<\/tr>\n<tr>\n<td width=\"56\">12<\/td>\n<td width=\"189\">Johanna Pl\u00f6chinger<\/td>\n<td width=\"85\">M\/C<\/td>\n<\/tr>\n<tr>\n<td width=\"56\">13<\/td>\n<td width=\"189\">Christina P\u00f6llmann<\/td>\n<td width=\"85\">M\/Ph<\/td>\n<\/tr>\n<tr>\n<td width=\"56\">14<\/td>\n<td width=\"189\">Manfred Richter<\/td>\n<td width=\"85\">M\/Ph<\/td>\n<\/tr>\n<tr>\n<td width=\"56\">15<\/td>\n<td width=\"189\">Christina Schattner<\/td>\n<td width=\"85\">M\/Ph<\/td>\n<\/tr>\n<tr>\n<td width=\"56\">16<\/td>\n<td width=\"189\">Alice Schmidkunz<\/td>\n<td width=\"85\">M\/Ph<\/td>\n<\/tr>\n<tr>\n<td width=\"56\">17<\/td>\n<td width=\"189\">Katharina Schreiner<\/td>\n<td width=\"85\">M\/Ph<\/td>\n<\/tr>\n<tr>\n<td width=\"56\">18<\/td>\n<td width=\"189\">Jonas Stengel<\/td>\n<td width=\"85\">M\/Sm<\/td>\n<\/tr>\n<tr>\n<td width=\"56\">19<\/td>\n<td width=\"189\">Gabriele Wiest-Feierabend<\/td>\n<td width=\"85\">M\/WR\/Inf<\/td>\n<\/tr>\n<tr>\n<td width=\"56\">20<\/td>\n<td width=\"189\">Stefan Zeller<\/td>\n<td width=\"85\">M\/WR<\/td>\n<\/tr>\n<\/tbody>\n<\/table>\n<table border=\"0\" cellspacing=\"0\" cellpadding=\"0\">\n<tbody>\n<tr>\n<td valign=\"top\"><\/td>\n<td valign=\"top\"><img decoding=\"async\" class=\"alignright\" src=\"https:\/\/www.sigmund-schuckert-gymnasium.de\/images\/plato.gif\" alt=\"\" border=\"0\" \/><em><br \/>\n<\/em><em>Das Denken geh\u00f6rt zu den gr\u00f6\u00dften Vergn\u00fcgungen der menschlichen Rasse.<\/em><br \/>\n<em>(Bertolt Brecht)<\/em><\/p>\n<p style=\"text-align: left;\">Mit dieser Freude am Denken m\u00f6chten wir unsere Sch\u00fcler im Fach Mathematik anstecken! Logisches Denken und Argumentieren sowie das Erfassen von Zusammenh\u00e4ngen sind f\u00fcr ein erfolgreiches Studium und die Bew\u00e4ltigung der modernen Herausforderungen unerl\u00e4sslich.<br \/>\nAuf der anderen Seite sind mathematische Methoden unverzichtbare Hilfsmittel f\u00fcr alle modernen Wissenschaften, was die Sch\u00fcler durch eine lebensnahe und anwendungsbezogene Gestaltung des Unterrichts erkennen sollen. Der Mathematik-Lehrplan orientiert sich an den vier Themenstr\u00e4ngen Zahlen, Funktionen, Geometrie und Stochastik, die von Jahr zu Jahr weiter vertieft werden. Dabei steht in weit gr\u00f6\u00dferem Ma\u00dfe als bisher der Begriff der Funktion im Vordergrund, mit dem die vielf\u00e4ltigen Ver\u00e4nderungen und Abh\u00e4ngigkeiten in unserer vernetzten Welt mathematisch beschrieben werden k\u00f6nnen. Aber auch der Umgang mit Statistiken und das Denken in Wahrscheinlichkeiten werden nun schon ab der 5. Klasse ge\u00fcbt.<\/p>\n<ul>\n<li style=\"text-align: left;\">Den neuen LehrplanPlus f\u00fcr die Jahrgangsstufen 5 bis 11 finden Sie unter <a href=\"https:\/\/www.lehrplanplus.bayern.de\/schulart\/gymnasium#\">lehrplanplus.bayern.de\/schulart\/gymnasium.<\/a><\/li>\n<li style=\"text-align: left;\">Den bisherigen Lehrplan f\u00fcr das G8 finden Sie unter <a href=\"http:\/\/www.isb-gym8-lehrplan.de\" target=\"blank\" rel=\"noopener noreferrer\">www.isb-gym8-lehrplan.de<\/a>.<\/li>\n<\/ul>\n<p style=\"text-align: center;\"><em>Phantasie ist wichtiger als Wissen, denn Wissen ist begrenzt.<\/em><br \/>\n<em>(Albert Einstein)<\/em><\/p>\n<p style=\"text-align: left;\">Im Vordergrund des Mathematikunterrichts soll daher die F\u00f6rderung kreativen und eigenst\u00e4ndigen Denkens beim L\u00f6sen von Problemen stehen. So weit wie m\u00f6glich wollen wir die Sch\u00fcler\/innen anregen, mathematische L\u00f6sungsmethoden selbst zu entdecken. Selbstverst\u00e4ndlich darf dar\u00fcber die Ein\u00fcbung der grundlegenden Techniken nicht zu kurz kommen. Um die notwendigen \u00dcbungsphasen m\u00f6glichst abwechslungsreich zu gestalten, haben wir eine F\u00fclle an Freiarbeitsmaterialien entwickelt.<\/p>\n<\/td>\n<\/tr>\n<\/tbody>\n<\/table>\n<div><\/div>\n<table border=\"0\" cellspacing=\"0\" cellpadding=\"0\">\n<tbody>\n<tr>\n<td align=\"left\" valign=\"top\"><a name=\"training\"><\/a> <big>Zum eigenst\u00e4ndigen \u00dcben mit de<\/big><big>m online Trainingsprogramm ist eine <strong>Registrierung<\/strong> bei <a href=\"https:\/\/www.mathegym.de\"> www.mathegym.de <\/a> m\u00f6glich.<br \/>\n(Schullizenz vorhanden, n\u00e4here Informationen zu mathegym und zur Registrierung erfahren Sie <a href=\"https:\/\/www.sigmund-schuckert-gymnasium.de\/wordpress\/wp-content\/uploads\/2022\/09\/Wie-erfolgt-ein-Zugang-zu-Mathegym_fuer-homepage__Sep_2022.pdf\" target=\"_blank\" rel=\"noopener\">hier<\/a>)<\/big>Zum eigenst\u00e4ndigen Wiederholen bieten wir folgende <strong>Materialien zum Download\u00a0<\/strong>an:<\/p>\n<ul>\n<li style=\"list-style-type: none;\">\n<ul>\n<li>Mathematisches <a href=\"https:\/\/lernplattform.mebis.bayern.de\/mod\/folder\/view.php?id=481931\"><strong>Grundwissen<\/strong><\/a> f\u00fcr die Klassen 5-10 im Landesmedienzentrum Bayern<a href=\"https:\/\/www.lo-net2.de\/link.php?files%7Cinfo%40ssgn.by.lo-net2.de%7C%2F3%2CMathematik%2F45%2CGrundwissen%7C\/\">\u00a0(www.mebis.bayern.de\u00a0<\/a>\u00a0im Bereich SSG Mathematik)<\/li>\n<\/ul>\n<\/li>\n<\/ul>\n<p>Au\u00dferdem k\u00f6nnen in der Schulbibliothek zahlreiche Mathe-Trainer mit zus\u00e4tzlichem \u00dcbungsmaterial ausgeliehen werden. Auch \u00fcber den Server von &#8222;Schulen ans Netz&#8220; stellen viele Kollegen Arbeitskarten mit zus\u00e4tzlichen \u00dcbungsaufgaben zur Verf\u00fcgung.<\/p>\n<p>Seit einigen Jahren bieten wir f\u00fcr die Jahrgangsstufen 8 bis 11 <strong>Aufw\u00e4rmkurse <\/strong>in der letzten Woche der Sommerferien an. Die freiwillige Wiederholung der wichtigsten Lerninhalte findet gro\u00dfen Zuspruch.<\/p>\n<p>Wiederholung der wichtigsten Lerninhalte<\/p>\n<ul>\n<li>f\u00fcr die Jahrgangsstufen 7 bis 9 selbstst\u00e4ndiges Arbeiten mit Arbeitskarten<\/li>\n<li>f\u00fcr die Jahrgangsstufe 10 Trainingskurs<\/li>\n<li>f\u00fcr die Jahrgangsstufe 11 Vorbereitung auf das Abitur<\/li>\n<\/ul>\n<p>jeweils unter der Leitung mindestens einer Lehrkraft.<\/td>\n<td valign=\"top\"><\/td>\n<\/tr>\n<\/tbody>\n<\/table>\n<p><strong>\u00dcberdurchschnittlich viele Sch\u00fcler\/innen des SSG engagieren sich immer wieder in mathematischen Wettbewerben.<\/strong><\/p>\n<ul>\n<li>Beim europaweiten <a href=\"http:\/\/www.mathe-kaenguru.de\/\">K\u00e4nguru-Wettbewerb<\/a> nehmen jedes Schuljahr ca. 200 Sch\u00fcler\/innen der Jahrgangsstufen 5-12 teil!<\/li>\n<li>Besonders begabte Sch\u00fcler regen wir zur Teilnahme an verschiedenen Wettbewerben an: der <a href=\"http:\/\/www.fuemo.de\/\">F\u00fcrther-Mathematik-Olympiade<\/a> f\u00fcr die Jahrgangsstufen 5 bis 8, dem <a href=\"http:\/\/lwmb.de\/\">Landeswettbewerb Mathematik<\/a> f\u00fcr die Jahrgangsstufen 8 bis 10, dem <a href=\"http:\/\/www.bundeswettbewerb-mathematik.de\/\">Bundeswettbewerb Mathematik<\/a> f\u00fcr die Jahrgangsstufen 10 bis 12, der <a href=\"http:\/\/www.mathematik-olympiaden.de\/\">Deutschen Mathematik-Olympiade<\/a> und dem <a href=\"http:\/\/www.z-f-m.de\/Projekt\/tag-der-mathematik\">Tag der Mathematik<\/a> in Erlangen f\u00fcr die Q11 und die Q12.<\/li>\n<\/ul>\n<p>Sollten Sie Fragen oder Anregungen haben, k\u00f6nnen Sie gerne per Mail an <span id=\"cloak90082\"><a href=\"mailto:c.schattner@sigmund-schuckert-gymnasium.de\">c.schattner@sigmund-schuckert-gymnasium.de<\/a><\/span> Kontakt mit uns aufnehmen.<\/p>\n","protected":false},"excerpt":{"rendered":"<p>Das Grundwissen Mathematik findet ihr nun in\u00a0mebis im Bereich SSG Mathematik. Download der Merkhilfe f\u00fcr<\/p>\n","protected":false},"author":1,"featured_media":0,"parent":148,"menu_order":0,"comment_status":"closed","ping_status":"closed","template":"","meta":{"cybocfi_hide_featured_image":"","footnotes":""},"class_list":["post-324","page","type-page","status-publish","hentry"],"_links":{"self":[{"href":"https:\/\/www.sigmund-schuckert-gymnasium.de\/wordpress\/wp-json\/wp\/v2\/pages\/324","targetHints":{"allow":["GET"]}}],"collection":[{"href":"https:\/\/www.sigmund-schuckert-gymnasium.de\/wordpress\/wp-json\/wp\/v2\/pages"}],"about":[{"href":"https:\/\/www.sigmund-schuckert-gymnasium.de\/wordpress\/wp-json\/wp\/v2\/types\/page"}],"author":[{"embeddable":true,"href":"https:\/\/www.sigmund-schuckert-gymnasium.de\/wordpress\/wp-json\/wp\/v2\/users\/1"}],"replies":[{"embeddable":true,"href":"https:\/\/www.sigmund-schuckert-gymnasium.de\/wordpress\/wp-json\/wp\/v2\/comments?post=324"}],"version-history":[{"count":38,"href":"https:\/\/www.sigmund-schuckert-gymnasium.de\/wordpress\/wp-json\/wp\/v2\/pages\/324\/revisions"}],"predecessor-version":[{"id":8527,"href":"https:\/\/www.sigmund-schuckert-gymnasium.de\/wordpress\/wp-json\/wp\/v2\/pages\/324\/revisions\/8527"}],"up":[{"embeddable":true,"href":"https:\/\/www.sigmund-schuckert-gymnasium.de\/wordpress\/wp-json\/wp\/v2\/pages\/148"}],"wp:attachment":[{"href":"https:\/\/www.sigmund-schuckert-gymnasium.de\/wordpress\/wp-json\/wp\/v2\/media?parent=324"}],"curies":[{"name":"wp","href":"https:\/\/api.w.org\/{rel}","templated":true}]}}