{"id":3176,"date":"2018-01-30T15:41:04","date_gmt":"2018-01-30T14:41:04","guid":{"rendered":"http:\/\/www.sigmund-schuckert-gymnasium.de\/wordpress\/?page_id=3176"},"modified":"2021-09-11T15:01:02","modified_gmt":"2021-09-11T13:01:02","slug":"musicals","status":"publish","type":"page","link":"https:\/\/www.sigmund-schuckert-gymnasium.de\/wordpress\/musicals\/","title":{"rendered":"Musicals"},"content":{"rendered":"<p><span style=\"font-size: 26pt;\"><strong>Musicals am SSG<\/strong><\/span><\/p>\n<p>Absolute Highlights stellen am SSG die Musicals dar, die in unserer 4- fach- Turnhalle aufgef\u00fchrt werden. In einem solchen Musical- Projekt sind die Sch\u00fcler in den verschiedensten Bereichen t\u00e4tig: Als Chors\u00e4nger, Solist, Bandmitglied, T\u00e4nzer, Choreograph, B\u00fchnenmeister, Kost\u00fcmbildner, B\u00fchnenbildner, Maskenbildner, B\u00fchnentechniker, Mitarbeiter im Organisationsteam, im Marketingteam, im Technikteam, im Regieteam, im Video- DVD- Team, im Sicherheitsteam, im Werbungsteam, im Gastronomieteam usw. Hier ist, wie im sp\u00e4teren Berufsleben professionelles Teamwork gefragt, damit alle Sparten gut miteinander verzahnt sind. Selbst ein bis zwei P- Seminare sind eingebunden und erfahren dabei f\u00fcr die sp\u00e4tere berufliche T\u00e4tigkeit eine sehr professionelle Umgebung in den verschiedensten Arbeitsprozessen. Im Schnitt sind bis zu 100 Sch\u00fcler und ca.5 Lehrer in einem derartigen Projekt eingebunden. Auf Hilfen von au\u00dfen (z.B. Profi- Choreographen, Profi- S\u00e4ngern usw.) wird weitestgehend verzichtet &#8211; alles entsteht innerhalb der Schule und wird ab und zu von Eltern und Lehrern aus der Schulgemeinschaft unterst\u00fctzt. F\u00fcr diese opulenten Shows wird stets mit einer relativ aufwendigen und semiprofessionellen B\u00fchnen-, Licht- und Tontechnik gearbeitet. Die Auff\u00fchrungen sind mittlerweile weit \u00fcber die Stadtgrenze hinaus bekannt und immer wieder ein besonderes Ereignis.<\/p>\n<p>Die Gesamtleitung und die musikalische Leitung hat seit 1995 Herr StD Klaus Gram\u00df. Zusammen mit Herrn StD Thomas Schmidt und Herrn OStR Dr. Johannes Bauer im Leitungsteam wurden die verschiedensten Musicals \u2013 auch schon Eigenproduktionen \u2013 auf die Beine gestellt. Bis dato wurden 8 Musicals aufgef\u00fchrt und schon einige Sch\u00fcler, die seiner Zeit leitende Rollen \u00fcbernommen haben, finden sich teilweise sehr erfolgreich in k\u00fcnstlerischen Berufen wieder (Profimusiker, Schulmusiker, Profi- T\u00e4nzerin, Schauspielschule, B\u00fchnentontechniker, Kost\u00fcmbilderin&#8230;).<\/p>\n<p>Seit 2005 gibt es professionell hergestellte DVDs von unseren Produktionen. Diese k\u00f6nnen zum Preis von\u00a0 \u20ac 8.- bezogen werden. 3 DVDs erhalten Sie zusammen f\u00fcr \u20ac 20.-.<br \/>\nDie neueste DVD (\u201eWanted\u201c) kann f\u00fcr \u20ac 15.- geordert werden. Bitte schreiben Sie dazu eine Mail an <a href=\"mailto:info@sigmund-schuckert-gymnasium.de\">info@sigmund-schuckert-gymnasium.de<\/a><\/p>\n<p>Die Produktionen im Einzelnen:<\/p>\n<table>\n<tbody>\n<tr>\n<td><strong>Jahr:<\/strong><\/td>\n<td><strong>Musicaltitel:<\/strong><\/td>\n<td><strong>Auff\u00fchrungstage:<\/strong><\/td>\n<\/tr>\n<tr>\n<td>1995<\/td>\n<td>Hair<\/td>\n<td>27. \u2013 29. Juni 1995<\/p>\n<p><a href=\"https:\/\/youtu.be\/sS6z0zuGTRk\">-&gt; Zum Video<\/a><\/td>\n<\/tr>\n<tr>\n<td>1997<\/td>\n<td>Tabaluga<\/td>\n<td>4. \u2013 6. November 1997<\/p>\n<p><a href=\"https:\/\/youtu.be\/MVvy8GlqHzY\">-&gt; Zum Video<\/a><\/td>\n<\/tr>\n<tr>\n<td>2000<\/td>\n<td>Grease<\/td>\n<td>29. Februar \u2013 2. M\u00e4rz 2000<\/p>\n<p><a href=\"https:\/\/youtu.be\/ClBDI50wwoA\">-&gt; Zum Video<\/a><\/td>\n<\/tr>\n<tr>\n<td>2003<\/td>\n<td>20er Jahre Revue<\/td>\n<td>19. \u2013 21. M\u00e4rz 2003 (Eigenproduktion)<\/p>\n<p><a href=\"https:\/\/youtu.be\/baWCa2-0ydg\">-&gt; Zum Video<\/a><\/td>\n<\/tr>\n<tr>\n<td>2005<\/td>\n<td>Linie 1<\/td>\n<td>3. \u2013 6. M\u00e4rz 2005<\/p>\n<p><a href=\"https:\/\/youtu.be\/yiAKbutPEmk\">-&gt; Zum Video<\/a><\/td>\n<\/tr>\n<tr>\n<td>2010<\/td>\n<td>Hair 2<\/td>\n<td>17. \u2013 20. M\u00e4rz 2010<\/p>\n<p><a href=\"https:\/\/youtu.be\/l7OS65AJUhg\">-&gt; Zum Video<\/a><\/td>\n<\/tr>\n<tr>\n<td>2013<\/td>\n<td>Heaven Rocks<\/td>\n<td>24. \u2013 26. Januar 2013 (Eigenproduktion)<\/p>\n<p><a href=\"https:\/\/youtu.be\/J4GUCM6Lmv4\">-&gt; Zum Video<\/a><\/td>\n<\/tr>\n<tr>\n<td>2017<\/td>\n<td>Wanted<\/td>\n<td>23. \u2013 25. M\u00e4rz 2017 (Eigenproduktion)<br \/>\n<a href=\"https:\/\/www.youtube.com\/watch?v=T5nPLh2QSLI\">-&gt; Zum Video<\/a><\/td>\n<\/tr>\n<\/tbody>\n<\/table>\n","protected":false},"excerpt":{"rendered":"<p>Musicals am SSG Absolute Highlights stellen am SSG die Musicals dar, die in unserer 4-<\/p>\n","protected":false},"author":1,"featured_media":0,"parent":0,"menu_order":0,"comment_status":"closed","ping_status":"closed","template":"","meta":{"cybocfi_hide_featured_image":"","footnotes":""},"class_list":["post-3176","page","type-page","status-publish","hentry"],"_links":{"self":[{"href":"https:\/\/www.sigmund-schuckert-gymnasium.de\/wordpress\/wp-json\/wp\/v2\/pages\/3176","targetHints":{"allow":["GET"]}}],"collection":[{"href":"https:\/\/www.sigmund-schuckert-gymnasium.de\/wordpress\/wp-json\/wp\/v2\/pages"}],"about":[{"href":"https:\/\/www.sigmund-schuckert-gymnasium.de\/wordpress\/wp-json\/wp\/v2\/types\/page"}],"author":[{"embeddable":true,"href":"https:\/\/www.sigmund-schuckert-gymnasium.de\/wordpress\/wp-json\/wp\/v2\/users\/1"}],"replies":[{"embeddable":true,"href":"https:\/\/www.sigmund-schuckert-gymnasium.de\/wordpress\/wp-json\/wp\/v2\/comments?post=3176"}],"version-history":[{"count":8,"href":"https:\/\/www.sigmund-schuckert-gymnasium.de\/wordpress\/wp-json\/wp\/v2\/pages\/3176\/revisions"}],"predecessor-version":[{"id":5411,"href":"https:\/\/www.sigmund-schuckert-gymnasium.de\/wordpress\/wp-json\/wp\/v2\/pages\/3176\/revisions\/5411"}],"wp:attachment":[{"href":"https:\/\/www.sigmund-schuckert-gymnasium.de\/wordpress\/wp-json\/wp\/v2\/media?parent=3176"}],"curies":[{"name":"wp","href":"https:\/\/api.w.org\/{rel}","templated":true}]}}