{"id":308,"date":"2015-07-08T13:54:14","date_gmt":"2015-07-08T11:54:14","guid":{"rendered":"http:\/\/www.sigmund-schuckert-gymnasium.de\/wordpress\/?page_id=308"},"modified":"2023-01-11T09:55:21","modified_gmt":"2023-01-11T08:55:21","slug":"italienisch","status":"publish","type":"page","link":"https:\/\/www.sigmund-schuckert-gymnasium.de\/wordpress\/unterricht\/faecher\/italienisch\/","title":{"rendered":"Italienisch"},"content":{"rendered":"<p><strong>Italienisch Rezeptiv:<\/strong><\/p>\n<p><strong>Bella Italia am SSG? <\/strong>Einen kleinen Einblick in diese sch\u00f6ne Sprache soll Italienisch-Rezeptiv bieten. Der Kurs richtet sich an Sch\u00fcler und Sch\u00fclerinnen der Q 11, die eine weitere Sprache auf der Basis ihrer bereits erworbenen Fremdsprachen Latein oder\/und Franz\u00f6sisch oder\/und Spanisch kennenlernen m\u00f6chten. Ziel des pro Woche zweist\u00fcndigen Kurses ist es, so viel aktives und passives Sprachverst\u00e4ndnis zu erwerben, um sich m\u00fchelos im italienischen Alltagsleben zurechtzufinden.<\/p>\n<p>Typische Sprechsituationen (Reise und Ankunft, Wegbeschreibung, Arzt,- Restaurantbesuch, Einkaufen, Freizeitverhalten, Flirt u.a.), die in Dialogen einge\u00fcbt werden, stehen dabei im Vordergrund.<\/p>\n<p>Einfachere italienische Texte zu unterschiedlichen Themen sollen mit Hilfe der erworbenen Sprachkenntnisse erfasst werden.<\/p>\n<p><em>Benvenuto e cordiali saluti!<\/em><\/p>\n","protected":false},"excerpt":{"rendered":"<p>Italienisch Rezeptiv: Bella Italia am SSG? Einen kleinen Einblick in diese sch\u00f6ne Sprache soll Italienisch-Rezeptiv<\/p>\n","protected":false},"author":1,"featured_media":0,"parent":148,"menu_order":0,"comment_status":"closed","ping_status":"closed","template":"","meta":{"cybocfi_hide_featured_image":"","footnotes":""},"class_list":["post-308","page","type-page","status-publish","hentry"],"_links":{"self":[{"href":"https:\/\/www.sigmund-schuckert-gymnasium.de\/wordpress\/wp-json\/wp\/v2\/pages\/308","targetHints":{"allow":["GET"]}}],"collection":[{"href":"https:\/\/www.sigmund-schuckert-gymnasium.de\/wordpress\/wp-json\/wp\/v2\/pages"}],"about":[{"href":"https:\/\/www.sigmund-schuckert-gymnasium.de\/wordpress\/wp-json\/wp\/v2\/types\/page"}],"author":[{"embeddable":true,"href":"https:\/\/www.sigmund-schuckert-gymnasium.de\/wordpress\/wp-json\/wp\/v2\/users\/1"}],"replies":[{"embeddable":true,"href":"https:\/\/www.sigmund-schuckert-gymnasium.de\/wordpress\/wp-json\/wp\/v2\/comments?post=308"}],"version-history":[{"count":2,"href":"https:\/\/www.sigmund-schuckert-gymnasium.de\/wordpress\/wp-json\/wp\/v2\/pages\/308\/revisions"}],"predecessor-version":[{"id":6332,"href":"https:\/\/www.sigmund-schuckert-gymnasium.de\/wordpress\/wp-json\/wp\/v2\/pages\/308\/revisions\/6332"}],"up":[{"embeddable":true,"href":"https:\/\/www.sigmund-schuckert-gymnasium.de\/wordpress\/wp-json\/wp\/v2\/pages\/148"}],"wp:attachment":[{"href":"https:\/\/www.sigmund-schuckert-gymnasium.de\/wordpress\/wp-json\/wp\/v2\/media?parent=308"}],"curies":[{"name":"wp","href":"https:\/\/api.w.org\/{rel}","templated":true}]}}