{"id":294,"date":"2015-07-08T13:52:19","date_gmt":"2015-07-08T11:52:19","guid":{"rendered":"http:\/\/www.sigmund-schuckert-gymnasium.de\/wordpress\/?page_id=294"},"modified":"2026-02-25T13:30:01","modified_gmt":"2026-02-25T12:30:01","slug":"ganztagsschule","status":"publish","type":"page","link":"https:\/\/www.sigmund-schuckert-gymnasium.de\/wordpress\/ganztagsschule\/","title":{"rendered":"Ganztagsschule"},"content":{"rendered":"<p>Die Betreuung erfolgt von Montag bis Donnerstag in der Zeit von 13.00 \u2013 16.00 Uhr durch unseren Kooperationspartner, die Johanniter \u2013 Unfall \u2013 Hilfe e.V.<\/p>\n<p>Die offene Ganztagsschule gliedert sich in folgende Bereiche:<\/p>\n<p>13.00 \u2013 13.45\u00a0\u00a0 Anmeldung; Mittagessen in der Schulmensa;<\/p>\n<p>13.45 \u2013 14.30\u00a0\u00a0 Hausaufgaben- und Studierzeit.<\/p>\n<p>Die Sch\u00fclerinnen und Sch\u00fcler arbeiten eigenverantwortlich. Sie erledigen ihre schriftlichen und m\u00fcndlichen Hausaufgaben, wiederholen Stoff oder nutzen die Zeit, um ein Buch zu lesen. Jedes Kind soll m\u00f6glichst alle Hausaufgaben in der Ganztagsschule erledigen.<\/p>\n<p>Bei Bedarf kann die Studierzeit jederzeit verl\u00e4ngert werden.<\/p>\n<p>14.30 \u2013 16.00 Freizeitgestaltung<\/p>\n<p>Nach Beendigung der Hausaufgaben k\u00f6nnen die Kinder das Spielzimmer (mit Tischtennis, Billard, Kicker, Air-Hockey) und den Pausenhof (Hockey, Basketball, Fu\u00dfball, \u2026) nutzen.<\/p>\n<p><img loading=\"lazy\" decoding=\"async\" class=\"alignright size-full wp-image-7189\" src=\"https:\/\/www.sigmund-schuckert-gymnasium.de\/wordpress\/wp-content\/uploads\/2024\/05\/20230511_124737-scaled.jpg\" alt=\"\" width=\"2048\" height=\"1256\" srcset=\"https:\/\/www.sigmund-schuckert-gymnasium.de\/wordpress\/wp-content\/uploads\/2024\/05\/20230511_124737-scaled.jpg 2048w, https:\/\/www.sigmund-schuckert-gymnasium.de\/wordpress\/wp-content\/uploads\/2024\/05\/20230511_124737-300x184.jpg 300w, https:\/\/www.sigmund-schuckert-gymnasium.de\/wordpress\/wp-content\/uploads\/2024\/05\/20230511_124737-1024x628.jpg 1024w, https:\/\/www.sigmund-schuckert-gymnasium.de\/wordpress\/wp-content\/uploads\/2024\/05\/20230511_124737-768x471.jpg 768w, https:\/\/www.sigmund-schuckert-gymnasium.de\/wordpress\/wp-content\/uploads\/2024\/05\/20230511_124737-1536x942.jpg 1536w\" sizes=\"auto, (max-width: 2048px) 100vw, 2048px\" \/><\/p>\n<p>&nbsp;<\/p>\n<p>F\u00fcr die kostenlose Betreuung im Rahmen der offenen Ganztagsschule m\u00fcssen die Kinder verbindlich f\u00fcr ein gesamtes Schuljahr angemeldet werden. Die Teilnahme umfasst mindestens zwei Nachmittage in der Woche.<\/p>\n<p><img loading=\"lazy\" decoding=\"async\" class=\"alignright size-full wp-image-7187\" src=\"https:\/\/www.sigmund-schuckert-gymnasium.de\/wordpress\/wp-content\/uploads\/2024\/05\/20230511_124857-scaled.jpg\" alt=\"\" width=\"1202\" height=\"2048\" srcset=\"https:\/\/www.sigmund-schuckert-gymnasium.de\/wordpress\/wp-content\/uploads\/2024\/05\/20230511_124857-scaled.jpg 1202w, https:\/\/www.sigmund-schuckert-gymnasium.de\/wordpress\/wp-content\/uploads\/2024\/05\/20230511_124857-176x300.jpg 176w, https:\/\/www.sigmund-schuckert-gymnasium.de\/wordpress\/wp-content\/uploads\/2024\/05\/20230511_124857-601x1024.jpg 601w, https:\/\/www.sigmund-schuckert-gymnasium.de\/wordpress\/wp-content\/uploads\/2024\/05\/20230511_124857-768x1309.jpg 768w, https:\/\/www.sigmund-schuckert-gymnasium.de\/wordpress\/wp-content\/uploads\/2024\/05\/20230511_124857-901x1536.jpg 901w\" sizes=\"auto, (max-width: 1202px) 100vw, 1202px\" \/><\/p>\n<p>Kontakt<\/p>\n<p>Sie erreichen uns von Montag bis Donnerstag von 13.00 \u2013 16.00 Uhr<\/p>\n<p><img loading=\"lazy\" decoding=\"async\" class=\"alignright size-full wp-image-8620\" src=\"https:\/\/www.sigmund-schuckert-gymnasium.de\/wordpress\/wp-content\/uploads\/2026\/02\/IMG_1972-002.png\" alt=\"\" width=\"828\" height=\"1792\" srcset=\"https:\/\/www.sigmund-schuckert-gymnasium.de\/wordpress\/wp-content\/uploads\/2026\/02\/IMG_1972-002.png 828w, https:\/\/www.sigmund-schuckert-gymnasium.de\/wordpress\/wp-content\/uploads\/2026\/02\/IMG_1972-002-139x300.png 139w, https:\/\/www.sigmund-schuckert-gymnasium.de\/wordpress\/wp-content\/uploads\/2026\/02\/IMG_1972-002-473x1024.png 473w, https:\/\/www.sigmund-schuckert-gymnasium.de\/wordpress\/wp-content\/uploads\/2026\/02\/IMG_1972-002-768x1662.png 768w, https:\/\/www.sigmund-schuckert-gymnasium.de\/wordpress\/wp-content\/uploads\/2026\/02\/IMG_1972-002-710x1536.png 710w\" sizes=\"auto, (max-width: 828px) 100vw, 828px\" \/><\/p>\n<p>&nbsp;<\/p>\n<p>&nbsp;<\/p>\n<p>Leitung der offenen Ganztagsschule: Frau Schoppe<\/p>\n<p>Stellvertretende Leitung: Frau Bielz<\/p>\n<p>Telefonisch: 0152 \/ 22599159<\/p>\n<p>Email: ganztag@sigmund-schuckert-gymnasium.de<\/p>\n","protected":false},"excerpt":{"rendered":"<p>Die Betreuung erfolgt von Montag bis Donnerstag in der Zeit von 13.00 \u2013 16.00 Uhr<\/p>\n","protected":false},"author":1,"featured_media":0,"parent":0,"menu_order":0,"comment_status":"closed","ping_status":"closed","template":"","meta":{"cybocfi_hide_featured_image":"","footnotes":""},"class_list":["post-294","page","type-page","status-publish","hentry"],"_links":{"self":[{"href":"https:\/\/www.sigmund-schuckert-gymnasium.de\/wordpress\/wp-json\/wp\/v2\/pages\/294","targetHints":{"allow":["GET"]}}],"collection":[{"href":"https:\/\/www.sigmund-schuckert-gymnasium.de\/wordpress\/wp-json\/wp\/v2\/pages"}],"about":[{"href":"https:\/\/www.sigmund-schuckert-gymnasium.de\/wordpress\/wp-json\/wp\/v2\/types\/page"}],"author":[{"embeddable":true,"href":"https:\/\/www.sigmund-schuckert-gymnasium.de\/wordpress\/wp-json\/wp\/v2\/users\/1"}],"replies":[{"embeddable":true,"href":"https:\/\/www.sigmund-schuckert-gymnasium.de\/wordpress\/wp-json\/wp\/v2\/comments?post=294"}],"version-history":[{"count":18,"href":"https:\/\/www.sigmund-schuckert-gymnasium.de\/wordpress\/wp-json\/wp\/v2\/pages\/294\/revisions"}],"predecessor-version":[{"id":8621,"href":"https:\/\/www.sigmund-schuckert-gymnasium.de\/wordpress\/wp-json\/wp\/v2\/pages\/294\/revisions\/8621"}],"wp:attachment":[{"href":"https:\/\/www.sigmund-schuckert-gymnasium.de\/wordpress\/wp-json\/wp\/v2\/media?parent=294"}],"curies":[{"name":"wp","href":"https:\/\/api.w.org\/{rel}","templated":true}]}}