{"id":2872,"date":"2017-11-14T13:21:22","date_gmt":"2017-11-14T12:21:22","guid":{"rendered":"http:\/\/www.sigmund-schuckert-gymnasium.de\/wordpress\/?page_id=2872"},"modified":"2025-05-28T10:20:16","modified_gmt":"2025-05-28T08:20:16","slug":"die-forscherklasse-am-ssg","status":"publish","type":"page","link":"https:\/\/www.sigmund-schuckert-gymnasium.de\/wordpress\/die-forscherklasse-am-ssg\/","title":{"rendered":"Forscherklasse am SSG"},"content":{"rendered":"<p><strong>Die Forscherklasse ist ein Angebot f\u00fcr mathematisch und naturwissenschaftlich interessierte Sch\u00fclerinnen und Sch\u00fcler der 5. Jahrgangsstufe.<\/strong><\/p>\n<p>Es handelt sich effektiv um eine zus\u00e4tzliche Stunde pro Woche. Die Klasse wird dazu in zwei kleinere Gruppen geteilt, um eine individuelle Betreuung durch die Lehrkraft zu erm\u00f6glichen. Die Gruppen wechseln sich nach M\u00f6glichkeit w\u00f6chentlich ab, weshalb eine Gruppe voraussichtlich <strong>alle zwei Wochen zwei Forscherstunden am<\/strong> <strong>Nachmittag <\/strong>hat.<\/p>\n<p>Die Forscherklasse basiert haupts\u00e4chlich auf den F\u00e4chern Mathematik und Physik.<strong><img loading=\"lazy\" decoding=\"async\" class=\"alignright wp-image-2873\" src=\"https:\/\/www.sigmund-schuckert-gymnasium.de\/wordpress\/wp-content\/uploads\/2017\/11\/forscherLogo.png\" alt=\"\" width=\"150\" height=\"104\" srcset=\"https:\/\/www.sigmund-schuckert-gymnasium.de\/wordpress\/wp-content\/uploads\/2017\/11\/forscherLogo.png 383w, https:\/\/www.sigmund-schuckert-gymnasium.de\/wordpress\/wp-content\/uploads\/2017\/11\/forscherLogo-300x208.png 300w, https:\/\/www.sigmund-schuckert-gymnasium.de\/wordpress\/wp-content\/uploads\/2017\/11\/forscherLogo-332x230.png 332w\" sizes=\"auto, (max-width: 150px) 100vw, 150px\" \/><\/strong><\/p>\n<p>Nach der Anmeldung (zeitgleich mit der Anmeldung f\u00fcr die 5. Jahrgangsstufe am SSG) ist die Teilnahme in der 5. Jahrgangsstufe verpflichtend.<\/p>\n<p><strong>Ziele:<\/strong><\/p>\n<ul>\n<li>Wecken der Neugier f\u00fcr mathematische und physikalische Fragestellungen<\/li>\n<li>Auseinandersetzung mit Natur- und Alltagsph\u00e4nomenen<\/li>\n<li>Heranf\u00fchrung an naturwissenschaftliche Arbeitsweisen<\/li>\n<li>Selbstst\u00e4ndiges Arbeiten und Arbeiten im Team<\/li>\n<\/ul>\n<p>&nbsp;<\/p>\n<p><strong>Was wird konkret gemacht?<\/strong><\/p>\n<ul>\n<li>Bauen von physikalischem Spielzeug<\/li>\n<li>Basteln, Werken, T\u00fcfteln<\/li>\n<li>Gemeinsames und selbstst\u00e4ndiges Durchf\u00fchren von Experimenten<\/li>\n<li>L\u00f6sen von mathematischen R\u00e4tseln, Knobelaufgaben und Wettbewerbsaufgaben<\/li>\n<li>Spielerisches Erlernen physikalischer Zusammenh\u00e4nge<\/li>\n<\/ul>\n<p>und vieles mehr\u2026<\/p>\n<p>Am Ende der 5. Jahrgangsstufe erhalten die Sch\u00fclerinnen und Sch\u00fcler eine entsprechende Zeugnis-bemerkung \u00fcber die Teilnahme an der Forscherklasse.<\/p>\n<p>Um interessierte Sch\u00fclerinnen und Sch\u00fcler auch in der 6. Jahrgangsstufe weiter zu f\u00f6rdern, werden in der Regel Forscherstunden in Form eines Wahlfaches angeboten.<\/p>\n<p>Sollten Sie weitere Fragen haben, wenden Sie sich bitte an:<\/p>\n<p>StRin Katharina Schreiner (k.schreiner@sigmund-schuckert-gymnasium.de)<\/p>\n<p><em>Die Fachschaft Mathe\/Physik freut sich \u00fcber zahlreiche Anmeldungen!<\/em><\/p>\n<p>Impressionen:<\/p>\n<div id=\"metaslider-id-7935\" style=\"width: 100%;\" class=\"ml-slider-3-104-0 metaslider metaslider-flex metaslider-7935 ml-slider has-dots-nav ms-theme-default-base\" role=\"region\" aria-label=\"Forscherklasse\" data-height=\"500\" data-width=\"700\">\n    <div id=\"metaslider_container_7935\">\n        <div id=\"metaslider_7935\">\n            <ul class='slides'>\n                <li style=\"display: block; width: 100%;\" class=\"slide-7936 ms-image \" aria-roledescription=\"slide\" data-date=\"2025-05-28 10:19:19\" data-filename=\"Forscher3-e1510662556760-700x500.jpg\" data-slide-type=\"image\"><img loading=\"lazy\" decoding=\"async\" src=\"https:\/\/www.sigmund-schuckert-gymnasium.de\/wordpress\/wp-content\/uploads\/2017\/11\/Forscher3-e1510662556760-700x500.jpg\" height=\"500\" width=\"700\" alt=\"\" class=\"slider-7935 slide-7936 msDefaultImage\" title=\"Forscher3\" \/><\/li>\n                <li style=\"display: none; width: 100%;\" class=\"slide-7937 ms-image \" aria-roledescription=\"slide\" data-date=\"2025-05-28 10:19:19\" data-filename=\"Forscher2-e1510662627649-700x500.jpg\" data-slide-type=\"image\"><img loading=\"lazy\" decoding=\"async\" src=\"https:\/\/www.sigmund-schuckert-gymnasium.de\/wordpress\/wp-content\/uploads\/2017\/11\/Forscher2-e1510662627649-700x500.jpg\" height=\"500\" width=\"700\" alt=\"\" class=\"slider-7935 slide-7937 msDefaultImage\" title=\"Forscher2\" \/><\/li>\n                <li style=\"display: none; width: 100%;\" class=\"slide-7938 ms-image \" aria-roledescription=\"slide\" data-date=\"2025-05-28 10:19:19\" data-filename=\"Forscher1-700x500.jpg\" data-slide-type=\"image\"><img loading=\"lazy\" decoding=\"async\" src=\"https:\/\/www.sigmund-schuckert-gymnasium.de\/wordpress\/wp-content\/uploads\/2017\/11\/Forscher1-700x500.jpg\" height=\"500\" width=\"700\" alt=\"\" class=\"slider-7935 slide-7938 msDefaultImage\" title=\"Forscher1\" \/><\/li>\n                <li style=\"display: none; width: 100%;\" class=\"slide-7939 ms-image \" aria-roledescription=\"slide\" data-date=\"2025-05-28 10:19:19\" data-filename=\"Forscher6-e1510662695791-700x500.jpg\" data-slide-type=\"image\"><img loading=\"lazy\" decoding=\"async\" src=\"https:\/\/www.sigmund-schuckert-gymnasium.de\/wordpress\/wp-content\/uploads\/2017\/11\/Forscher6-e1510662695791-700x500.jpg\" height=\"500\" width=\"700\" alt=\"\" class=\"slider-7935 slide-7939 msDefaultImage\" title=\"Forscher6\" \/><\/li>\n                <li style=\"display: none; width: 100%;\" class=\"slide-7940 ms-image \" aria-roledescription=\"slide\" data-date=\"2025-05-28 10:19:19\" data-filename=\"Forscher5-e1510662667888-700x500.jpg\" data-slide-type=\"image\"><img loading=\"lazy\" decoding=\"async\" src=\"https:\/\/www.sigmund-schuckert-gymnasium.de\/wordpress\/wp-content\/uploads\/2017\/11\/Forscher5-e1510662667888-700x500.jpg\" height=\"500\" width=\"700\" alt=\"\" class=\"slider-7935 slide-7940 msDefaultImage\" title=\"Forscher5\" \/><\/li>\n                <li style=\"display: none; width: 100%;\" class=\"slide-7941 ms-image \" aria-roledescription=\"slide\" data-date=\"2025-05-28 10:19:19\" data-filename=\"Forscher4-700x500.jpg\" data-slide-type=\"image\"><img loading=\"lazy\" decoding=\"async\" src=\"https:\/\/www.sigmund-schuckert-gymnasium.de\/wordpress\/wp-content\/uploads\/2017\/11\/Forscher4-700x500.jpg\" height=\"500\" width=\"700\" alt=\"\" class=\"slider-7935 slide-7941 msDefaultImage\" title=\"Forscher4\" \/><\/li>\n            <\/ul>\n        <\/div>\n        \n    <\/div>\n<\/div>\n<p>&nbsp;<\/p>\n","protected":false},"excerpt":{"rendered":"<p>Die Forscherklasse ist ein Angebot f\u00fcr mathematisch und naturwissenschaftlich interessierte Sch\u00fclerinnen und Sch\u00fcler der 5.<\/p>\n","protected":false},"author":1,"featured_media":0,"parent":0,"menu_order":0,"comment_status":"closed","ping_status":"closed","template":"","meta":{"cybocfi_hide_featured_image":"","footnotes":""},"class_list":["post-2872","page","type-page","status-publish","hentry"],"_links":{"self":[{"href":"https:\/\/www.sigmund-schuckert-gymnasium.de\/wordpress\/wp-json\/wp\/v2\/pages\/2872","targetHints":{"allow":["GET"]}}],"collection":[{"href":"https:\/\/www.sigmund-schuckert-gymnasium.de\/wordpress\/wp-json\/wp\/v2\/pages"}],"about":[{"href":"https:\/\/www.sigmund-schuckert-gymnasium.de\/wordpress\/wp-json\/wp\/v2\/types\/page"}],"author":[{"embeddable":true,"href":"https:\/\/www.sigmund-schuckert-gymnasium.de\/wordpress\/wp-json\/wp\/v2\/users\/1"}],"replies":[{"embeddable":true,"href":"https:\/\/www.sigmund-schuckert-gymnasium.de\/wordpress\/wp-json\/wp\/v2\/comments?post=2872"}],"version-history":[{"count":10,"href":"https:\/\/www.sigmund-schuckert-gymnasium.de\/wordpress\/wp-json\/wp\/v2\/pages\/2872\/revisions"}],"predecessor-version":[{"id":7942,"href":"https:\/\/www.sigmund-schuckert-gymnasium.de\/wordpress\/wp-json\/wp\/v2\/pages\/2872\/revisions\/7942"}],"wp:attachment":[{"href":"https:\/\/www.sigmund-schuckert-gymnasium.de\/wordpress\/wp-json\/wp\/v2\/media?parent=2872"}],"curies":[{"name":"wp","href":"https:\/\/api.w.org\/{rel}","templated":true}]}}