{"id":280,"date":"2015-07-08T13:51:10","date_gmt":"2015-07-08T11:51:10","guid":{"rendered":"http:\/\/www.sigmund-schuckert-gymnasium.de\/wordpress\/?page_id=280"},"modified":"2015-12-22T17:45:19","modified_gmt":"2015-12-22T16:45:19","slug":"schulprofil","status":"publish","type":"page","link":"https:\/\/www.sigmund-schuckert-gymnasium.de\/wordpress\/schulprofil\/","title":{"rendered":"Schulprofil"},"content":{"rendered":"<div class=\"item-page\">\n<p>Das Sigmund-Schuckert-Gymnasium\u00a0 bietet die Wahl zwischen einem Naturwissenschaftlich-technologischen Zweig (NTG) und einem Sprachlichen Zweig (SG). Daneben gibt es eine F\u00fclle von Angeboten, die unsere Schule \u00fcber den Unterricht hinaus attraktiv machen. Vom Sch\u00fcleraustausch \u00fcber die Medien- bis zur Menschenrechtsarbeit ist das SSG in viele unterschiedliche Richtungen aktiv.<\/p>\n<p>Einen hohen Stellenwert nimmt bei uns zudem die musisch-k\u00fcnstlerische Bildung ein. K\u00fcnstlerische T\u00e4tigkeit weckt das kreative Potential eines jeden Menschen und ist ein wesentlicher Bestandteil der Pers\u00f6nlichkeitsentwicklung. Konzerte, eine Bl\u00e4serklasse, Musicalproduktionen, Lesungen, Poetry-Slams und Theaterauff\u00fchrungen bieten vielen unserer Sch\u00fcler die Gelegenheit, das Ergebnis ihrer Arbeit mit anderen zusammen der \u00d6ffentlichkeit zu pr\u00e4sentieren. Diese gemeinsamen Aktionen tragen auch entscheidend dazu bei, dass unsere Sch\u00fcler ein sp\u00fcrbar positives Gef\u00fchl ihrer Schule gegen\u00fcber haben und sich mit ihr identifizieren.<\/p>\n<p>Unsere Schule wurde nach Sigmund Schuckert benannt, weil er zeitlose Tugenden verk\u00f6rpert. Als genialer Erfinder und unternehmerischer Partner von Werner von Siemens etablierte er die Elektrizit\u00e4t in N\u00fcrnberg. Als humaner Arbeitgeber war er seiner Zeit weit voraus, indem er neben \u00fcbertariflichen L\u00f6hnen bereits im 19. Jahrhundert seine Belegschaft durch betriebliche Versicherungssysteme und Sozialleistungen absicherte.<\/p>\n<p>Damit symbolisiert er das Leitbild dieser Schule, die ihre Sch\u00fcler zu Leistungsbereitschaft ebenso erziehen will wie zu verantwortlichen Umgang mit ihren Mitmenschen und ihrer Umwelt.<\/p>\n<p><img decoding=\"async\" src=\"https:\/\/www.sigmund-schuckert-gymnasium.de\/joomlaneu\/images\/Klasse-Projekte%201.jpg\" alt=\"\" border=\"0\" \/><\/p>\n<p>Unsere Projekte zu den Themen \u201eSICH FINDEN\u201c (5. Klasse), \u201eDIE EIGENEN KOMPETENZEN ST\u00c4RKEN\u201c (6. Klasse), \u201eANDERE RESPEKTIEREN\u201c (7. Klasse), \u201eGEMEINSAM ARBEITEN\u201c (8. Klasse), und \u201eZUKUNFT GESTALTEN&#8220; (9. Klasse) sind im KLASSE!-Programm zusammengefasst und schulen in jeder Jahrgangsstufe von 5-9 genau diese F\u00e4higkeiten (s. Anhang 2). Das Projekt \u201eGegensteuern\u201c und ein Mentorenprogramm zur individuellen F\u00f6rderung leistungsschwacher Sch\u00fclerInnen am \u00dcbergang zwischen Mittelstufe und gymnasialer Oberstufe (Jahrgangsstufe 10) rundet dieses Angebot ab.<\/p>\n<p>Im Sinne der Zielsetzungen der UNESCO ist das Sigmund-Schuckert-Gymnasium eine in vielerlei Hinsicht \u00e4u\u00dferst aktive Schule, welche sowohl in unterrichtlichen als auch au\u00dferunterrichtlichen Aktivit\u00e4ten und Aktionen zahlreiche Schwerpunkte ihrer Erziehungs- und Bildungsarbeit im Netzwerk der UNESCO-Projektschulen setzt. Als Referenzschule f\u00fcr Medienbildung f\u00f6rdern wir am SSG die Medienkompetenz der Sch\u00fclerinnen und Sch\u00fcler in besonderem Ma\u00dfe, denn der verantwortungsbewusste, reflektierte und effektive Umgang mit Medien gilt heute neben Lesen, Schreiben und Rechnen als vierte Kulturtechnik. Seit dem Schuljahr 2003\/04 recherchiert und berichtet der AK Radio regelm\u00e4\u00dfig zu allen UNESCO-Schwerpunkten und kooperiert dabei mit renommierten Sendern und Moderatoren. Nachzuh\u00f6ren sind alle Features auf unserer Homepage.<\/p>\n<p>&nbsp;<\/p>\n<p><strong>Kodex<\/strong><\/p>\n<p><strong><img loading=\"lazy\" decoding=\"async\" src=\"https:\/\/www.sigmund-schuckert-gymnasium.de\/joomlaneu\/images\/Kodex%201.jpg\" alt=\"\" width=\"287\" height=\"382\" border=\"0\" \/><\/strong><\/p>\n<p><img loading=\"lazy\" decoding=\"async\" src=\"https:\/\/www.sigmund-schuckert-gymnasium.de\/joomlaneu\/images\/Kodex1%202.jpg\" alt=\"\" width=\"534\" height=\"382\" border=\"0\" \/><\/p>\n<\/div>\n","protected":false},"excerpt":{"rendered":"<p>Das Sigmund-Schuckert-Gymnasium\u00a0 bietet die Wahl zwischen einem Naturwissenschaftlich-technologischen Zweig (NTG) und einem Sprachlichen Zweig (SG).<\/p>\n","protected":false},"author":1,"featured_media":0,"parent":0,"menu_order":0,"comment_status":"closed","ping_status":"closed","template":"","meta":{"cybocfi_hide_featured_image":"","footnotes":""},"class_list":["post-280","page","type-page","status-publish","hentry"],"_links":{"self":[{"href":"https:\/\/www.sigmund-schuckert-gymnasium.de\/wordpress\/wp-json\/wp\/v2\/pages\/280","targetHints":{"allow":["GET"]}}],"collection":[{"href":"https:\/\/www.sigmund-schuckert-gymnasium.de\/wordpress\/wp-json\/wp\/v2\/pages"}],"about":[{"href":"https:\/\/www.sigmund-schuckert-gymnasium.de\/wordpress\/wp-json\/wp\/v2\/types\/page"}],"author":[{"embeddable":true,"href":"https:\/\/www.sigmund-schuckert-gymnasium.de\/wordpress\/wp-json\/wp\/v2\/users\/1"}],"replies":[{"embeddable":true,"href":"https:\/\/www.sigmund-schuckert-gymnasium.de\/wordpress\/wp-json\/wp\/v2\/comments?post=280"}],"version-history":[{"count":3,"href":"https:\/\/www.sigmund-schuckert-gymnasium.de\/wordpress\/wp-json\/wp\/v2\/pages\/280\/revisions"}],"predecessor-version":[{"id":637,"href":"https:\/\/www.sigmund-schuckert-gymnasium.de\/wordpress\/wp-json\/wp\/v2\/pages\/280\/revisions\/637"}],"wp:attachment":[{"href":"https:\/\/www.sigmund-schuckert-gymnasium.de\/wordpress\/wp-json\/wp\/v2\/media?parent=280"}],"curies":[{"name":"wp","href":"https:\/\/api.w.org\/{rel}","templated":true}]}}