{"id":279,"date":"2015-07-08T13:50:44","date_gmt":"2015-07-08T11:50:44","guid":{"rendered":"http:\/\/www.sigmund-schuckert-gymnasium.de\/wordpress\/?page_id=279"},"modified":"2025-11-25T11:39:54","modified_gmt":"2025-11-25T10:39:54","slug":"schulpsychologin-frau-popp","status":"publish","type":"page","link":"https:\/\/www.sigmund-schuckert-gymnasium.de\/wordpress\/schulpsychologin-frau-popp\/","title":{"rendered":"Schulpsychologin"},"content":{"rendered":"<div class=\"item-page\">\n<p>Schulpsychologische Beratung:<\/p>\n<p><img loading=\"lazy\" decoding=\"async\" class=\"size-medium wp-image-4859 alignnone alignright\" src=\"https:\/\/www.sigmund-schuckert-gymnasium.de\/wordpress\/wp-content\/uploads\/2020\/09\/Foto-Homepage-Schulpsychologie-300x255.jpg\" alt=\"\" width=\"300\" height=\"255\" srcset=\"https:\/\/www.sigmund-schuckert-gymnasium.de\/wordpress\/wp-content\/uploads\/2020\/09\/Foto-Homepage-Schulpsychologie-300x255.jpg 300w, https:\/\/www.sigmund-schuckert-gymnasium.de\/wordpress\/wp-content\/uploads\/2020\/09\/Foto-Homepage-Schulpsychologie-332x282.jpg 332w, https:\/\/www.sigmund-schuckert-gymnasium.de\/wordpress\/wp-content\/uploads\/2020\/09\/Foto-Homepage-Schulpsychologie.jpg 411w\" sizes=\"auto, (max-width: 300px) 100vw, 300px\" \/><\/p>\n<ul>\n<li>ist ein kostenloses Angebot f\u00fcr Sch\u00fclerinnen und Sch\u00fcler und deren Eltern<\/li>\n<li>bedeutet individuelle L\u00f6sungssuche<\/li>\n<li>unterliegt dem Schutz der Verschwiegenheit, d.h. der Inhalt der Beratungsgespr\u00e4che ist vertraulich<\/li>\n<\/ul>\n<p>Zu meinen Aufgabenbereichen geh\u00f6ren:<\/p>\n<p>1. Beratung von Sch\u00fclerinnen und Sch\u00fclern und deren Eltern bei<\/p>\n<ul>\n<li>Schulleistungsproblemen<\/li>\n<li>Lese- und Rechtschreibproblemen<\/li>\n<li>Motivationsschwierigkeiten<\/li>\n<li>Pr\u00fcfungsangst, Schulangst<\/li>\n<li>Verhaltensauff\u00e4lligkeiten<\/li>\n<li>Konflikten mit Klassenkamerad*innen (z. B. Mobbing)<\/li>\n<li>einschneidenden belastenden Ereignissen (Hilfestellung bei z. B. Unfall oder Todesfall in der Familie)<\/li>\n<li>psychischen Problemen oder der Suche nach Ansprechpartner*innen<\/li>\n<li>Sorgen, \u00c4ngsten und Belastungen im Zusammenhang mit Corona<\/li>\n<\/ul>\n<p>2. Arbeit mit ganzen Klassen zum Beispiel zur Verbesserung des Klassenklimas oder bei Konflikten in der Klasse<\/p>\n<p style=\"text-align: left;\">Zu erreichen bin ich telefonisch unter: (0911) 231-68044<\/p>\n<p style=\"text-align: left;\">Au\u00dferhalb meiner (Telefon-)Sprechstunde ist ein Anrufbeantworter geschalten, auf dem Sie Namen, Telefonnummer und Anliegen hinterlassen k\u00f6nnen.<\/p>\n<div id=\"content\">\n<ul style=\"text-align: left;\">\n<li>Sprechstunde: <strong>Dienstag von 10.40 Uhr -11.25 Uhr <\/strong>und Termine nach <strong>Vereinbarung<\/strong><\/li>\n<li>Telefonsprechstunde (Hier k\u00f6nnen Sie mich pers\u00f6nlich am Telefon erreichen.): <strong>Montag von 9.55 Uhr \u2013 10.40 Uhr<\/strong><\/li>\n<li>Sch\u00fclersprechstunde: <strong>Montag, 1. Pause, Anmeldung am Lehrerzimmer <\/strong><\/li>\n<\/ul>\n<p style=\"text-align: left;\">Auch k\u00f6nnen Sie mich gerne per <a href=\"mailto:m.popp@sigmund-schuckert-gymnasium.de\">E-Mail<\/a> kontaktieren.<\/p>\n<p style=\"text-align: left;\">Mein B\u00fcro ist im Raum 88 (unten im Kunsttrakt) untergebracht.<br \/>\nIch freue mich auf eine gute Zusammenarbeit!<\/p>\n<div style=\"text-align: left;\">Michaela Popp<\/div>\n<p style=\"text-align: left;\">Schulpsychologin<\/p>\n<p style=\"text-align: left;\">PS: Bitte auch die Informationen zu <a href=\"https:\/\/www.sigmund-schuckert-gymnasium.de\/wordpress\/hilfe-in-seelischen-notlagen\/\"><strong>Hilfe in seelischen Notlagen <\/strong><\/a>beachten<\/p>\n<\/div>\n<\/div>\n","protected":false},"excerpt":{"rendered":"<p>Schulpsychologische Beratung: ist ein kostenloses Angebot f\u00fcr Sch\u00fclerinnen und Sch\u00fcler und deren Eltern bedeutet individuelle<\/p>\n","protected":false},"author":1,"featured_media":0,"parent":0,"menu_order":0,"comment_status":"closed","ping_status":"closed","template":"","meta":{"cybocfi_hide_featured_image":"","footnotes":""},"class_list":["post-279","page","type-page","status-publish","hentry"],"_links":{"self":[{"href":"https:\/\/www.sigmund-schuckert-gymnasium.de\/wordpress\/wp-json\/wp\/v2\/pages\/279","targetHints":{"allow":["GET"]}}],"collection":[{"href":"https:\/\/www.sigmund-schuckert-gymnasium.de\/wordpress\/wp-json\/wp\/v2\/pages"}],"about":[{"href":"https:\/\/www.sigmund-schuckert-gymnasium.de\/wordpress\/wp-json\/wp\/v2\/types\/page"}],"author":[{"embeddable":true,"href":"https:\/\/www.sigmund-schuckert-gymnasium.de\/wordpress\/wp-json\/wp\/v2\/users\/1"}],"replies":[{"embeddable":true,"href":"https:\/\/www.sigmund-schuckert-gymnasium.de\/wordpress\/wp-json\/wp\/v2\/comments?post=279"}],"version-history":[{"count":24,"href":"https:\/\/www.sigmund-schuckert-gymnasium.de\/wordpress\/wp-json\/wp\/v2\/pages\/279\/revisions"}],"predecessor-version":[{"id":8501,"href":"https:\/\/www.sigmund-schuckert-gymnasium.de\/wordpress\/wp-json\/wp\/v2\/pages\/279\/revisions\/8501"}],"wp:attachment":[{"href":"https:\/\/www.sigmund-schuckert-gymnasium.de\/wordpress\/wp-json\/wp\/v2\/media?parent=279"}],"curies":[{"name":"wp","href":"https:\/\/api.w.org\/{rel}","templated":true}]}}