{"id":277,"date":"2015-07-08T13:50:41","date_gmt":"2015-07-08T11:50:41","guid":{"rendered":"http:\/\/www.sigmund-schuckert-gymnasium.de\/wordpress\/?page_id=277"},"modified":"2019-03-27T13:55:37","modified_gmt":"2019-03-27T12:55:37","slug":"geschichte","status":"publish","type":"page","link":"https:\/\/www.sigmund-schuckert-gymnasium.de\/wordpress\/unterricht\/faecher\/geschichte\/","title":{"rendered":"Geschichte"},"content":{"rendered":"<p><strong>Das Team der Fachschaft Geschichte<\/strong><\/p>\n<p>&nbsp;<\/p>\n<table border=\"0\" align=\"center\">\n<tbody>\n<tr>\n<td>Jessica Hartrumpf<\/td>\n<td>Jens Fehn<\/td>\n<td>Bernd H\u00e4u\u00dfler<\/td>\n<td>Nina Schreyer<\/td>\n<\/tr>\n<tr>\n<td>Norbert Kreller<\/td>\n<td>Nico L\u00f6winger<\/td>\n<td>Elke Olalowo<\/td>\n<td>Markus Hanek<\/td>\n<\/tr>\n<tr>\n<td>Werner Sittauer<\/td>\n<td>Natascha Vidovic<\/td>\n<td>Bettina Weber<\/td>\n<td>Christina Klang<\/td>\n<\/tr>\n<tr>\n<td><\/td>\n<td><\/td>\n<td>Stefanie Bichel<\/td>\n<td><\/td>\n<\/tr>\n<\/tbody>\n<\/table>\n<table border=\"0\" cellspacing=\"0\" cellpadding=\"0\">\n<tbody>\n<tr>\n<td><\/td>\n<\/tr>\n<tr>\n<td>\n<div align=\"center\">\n<div align=\"center\">History will teach us nothing&#8230;&#8230;..? (Sting)<\/div>\n<\/div>\n<\/td>\n<\/tr>\n<tr>\n<td>\n<div align=\"center\">\n<table border=\"0\" cellspacing=\"0\" cellpadding=\"0\">\n<tbody>\n<tr>\n<td><img loading=\"lazy\" decoding=\"async\" src=\"https:\/\/www.sigmund-schuckert-gymnasium.de\/images\/rahmen_oben.jpg\" alt=\"\" width=\"699\" height=\"52\" border=\"0\" \/><\/td>\n<\/tr>\n<tr>\n<td>\n<div align=\"center\">\n<table border=\"0\" cellspacing=\"0\" cellpadding=\"5\">\n<tbody>\n<tr>\n<td>Sie werden verstehen, dass dieser Liedtitel nicht das Motto unserer Fachschaft ist!<br \/>\nVielmehr arbeiten wir daran, Ihren Kindern zu helfen die Welt zu verstehen. Geschichte begegnet uns jeden Tag, ob wir es bemerken oder nicht, im Brauchtum, bei Festen und Feiern, Pl\u00e4tzen, Geb\u00e4uden und Denkm\u00e4lern, auf Briefmarken, auf Eurom\u00fcnzen,&#8230;.<\/td>\n<td><img loading=\"lazy\" decoding=\"async\" src=\"https:\/\/www.sigmund-schuckert-gymnasium.de\/images\/leonardo.jpg\" alt=\"\" width=\"200\" height=\"276\" border=\"0\" \/><\/td>\n<\/tr>\n<\/tbody>\n<\/table>\n<\/div>\n<\/td>\n<\/tr>\n<tr>\n<td>\n<div align=\"center\">\n<table border=\"0\" cellspacing=\"0\" cellpadding=\"5\">\n<tbody>\n<tr>\n<td align=\"left\" valign=\"bottom\" width=\"146\">\u00a0<img loading=\"lazy\" decoding=\"async\" src=\"https:\/\/www.sigmund-schuckert-gymnasium.de\/images\/schuckert.jpg\" alt=\"\" width=\"144\" height=\"144\" align=\"bottom\" border=\"0\" \/><\/td>\n<td width=\"354\">Ankn\u00fcpfend an die Besch\u00e4ftigung der Sch\u00fcler mit Geschichte im au\u00dferschulischen Bereich wollen wir ihnen einen anschaulichen und systematischen Zugang zur Vergangenheit vermitteln.<br \/>\nDas Fundament unserer Arbeit ist nat\u00fcrlich der Unterricht im Klassenzimmer mit Geschichtskarten, Karikaturen und Quellentexten. Auch die Form des Erz\u00e4hlens, anderswo kaum mehr erfahrbar, ist Mittel in unserem Geschichtsunterricht.<br \/>\nDen Bezug zu anderen F\u00e4chern lassen wir nicht au\u00dfer Acht wie zum Beispiel zu Musik, zu Kunst und Naturwissenschaften.<\/td>\n<\/tr>\n<\/tbody>\n<\/table>\n<\/div>\n<\/td>\n<\/tr>\n<tr>\n<td>\n<div align=\"center\">\n<table border=\"0\" cellspacing=\"0\" cellpadding=\"0\">\n<tbody>\n<tr>\n<td><\/td>\n<\/tr>\n<tr>\n<td>\u00dcber den Unterricht im Klassenzimmer hinaus geh\u00f6ren zu unserem Standardprogramm Exkursionen, Einladungen von Zeitzeugen, Besuche geschichtlicher Ausstellungen vor Ort.F\u00fcr die 6. Jahrgangsstufe bieten wir die Aktion &#8222;Auf nach Rom!&#8220; des Museums im Koffer an.<br \/>\nAn den reichhaltig ausgearbeiteten und ausgestatteten Mitmachstationen zu den Schwerpunkten Architektur, Handel und Bankwesen, Milit\u00e4r, Handwerk, Ern\u00e4hrung und K\u00f6rperpflege wird Forschen und Lernen zum spielerischen Vergn\u00fcgen.In der 9. Jahrgangsstufe wird eine Fahrt zur Gedenkst\u00e4tte Flossenb\u00fcrg durchgef\u00fchrt und auch ein Besuch des Dokumentationszentrums in N\u00fcrnberg.Sting wollte dieses Lied ironisch verstanden wissen, er war selbst Lehrer!<strong>Links zur Geschichte<\/strong><a href=\"http:\/\/www.historisches-lexikon-bayerns.de\/base\/start\" target=\"_blank\" rel=\"noopener\">http:\/\/ www.historisches-lexikon-bayerns.de\/base\/start<\/a><br \/>\n<strong>(Lexikon zur bayerischen Geschichte)<\/strong><\/p>\n<p><a href=\"http:\/\/www.bpb.de\/wissen\/H75VXG,O,O,Begriffe_nachschlagen.html\" target=\"_blank\" rel=\"noopener\">http:\/\/www.bpb.de\/wissen\/H75VXG,O,O,Begriffe_nachschlagen.html<\/a><br \/>\n<strong>(Lexikon der Bundeszentrale f\u00fcr politische Bildung zu wichtigen Begriffen aus Politik und Geschichte)<\/strong><\/p>\n<p><a href=\"http:\/\/www.nfhdata.de\/premium\/index.shtml\" target=\"_blank\" rel=\"noopener\">http:\/\/www.nfhdata.de\/premium\/index.shtml<\/a><br \/>\n<strong>(Nachrichtendienst f\u00fcr Historiker, Link-und Literatursuche)<\/strong><\/p>\n<p><a href=\"http:\/\/www.dhm.de\/lemo\/home.html\" target=\"_blank\" rel=\"noopener\">http:\/\/www.dhm.de\/lemo\/home.html<\/a><br \/>\n<strong>(Die Seite des Deutschen Historischen Museums Berlin zur Geschichte seit 1871)<\/strong><\/p>\n<p><a href=\"http:\/\/www.shoa.de\" target=\"_blank\" rel=\"noopener\">http:\/\/shoa.de<\/a><br \/>\n<strong>(Auseinandersetzung mit den Themen Holocaust, Antisemitismus und Drittes Reich<\/strong>)<\/td>\n<\/tr>\n<\/tbody>\n<\/table>\n<\/div>\n<\/td>\n<\/tr>\n<tr>\n<td><\/td>\n<\/tr>\n<tr>\n<td><img loading=\"lazy\" decoding=\"async\" src=\"https:\/\/www.sigmund-schuckert-gymnasium.de\/images\/rahmen_unten.jpg\" alt=\"\" width=\"700\" height=\"58\" border=\"0\" \/><\/td>\n<\/tr>\n<\/tbody>\n<\/table>\n<\/div>\n<\/td>\n<\/tr>\n<\/tbody>\n<\/table>\n","protected":false},"excerpt":{"rendered":"<p>Das Team der Fachschaft Geschichte &nbsp; Jessica Hartrumpf Jens Fehn Bernd H\u00e4u\u00dfler Nina Schreyer Norbert<\/p>\n","protected":false},"author":1,"featured_media":0,"parent":148,"menu_order":0,"comment_status":"closed","ping_status":"closed","template":"","meta":{"cybocfi_hide_featured_image":"","footnotes":""},"class_list":["post-277","page","type-page","status-publish","hentry"],"_links":{"self":[{"href":"https:\/\/www.sigmund-schuckert-gymnasium.de\/wordpress\/wp-json\/wp\/v2\/pages\/277","targetHints":{"allow":["GET"]}}],"collection":[{"href":"https:\/\/www.sigmund-schuckert-gymnasium.de\/wordpress\/wp-json\/wp\/v2\/pages"}],"about":[{"href":"https:\/\/www.sigmund-schuckert-gymnasium.de\/wordpress\/wp-json\/wp\/v2\/types\/page"}],"author":[{"embeddable":true,"href":"https:\/\/www.sigmund-schuckert-gymnasium.de\/wordpress\/wp-json\/wp\/v2\/users\/1"}],"replies":[{"embeddable":true,"href":"https:\/\/www.sigmund-schuckert-gymnasium.de\/wordpress\/wp-json\/wp\/v2\/comments?post=277"}],"version-history":[{"count":5,"href":"https:\/\/www.sigmund-schuckert-gymnasium.de\/wordpress\/wp-json\/wp\/v2\/pages\/277\/revisions"}],"predecessor-version":[{"id":3835,"href":"https:\/\/www.sigmund-schuckert-gymnasium.de\/wordpress\/wp-json\/wp\/v2\/pages\/277\/revisions\/3835"}],"up":[{"embeddable":true,"href":"https:\/\/www.sigmund-schuckert-gymnasium.de\/wordpress\/wp-json\/wp\/v2\/pages\/148"}],"wp:attachment":[{"href":"https:\/\/www.sigmund-schuckert-gymnasium.de\/wordpress\/wp-json\/wp\/v2\/media?parent=277"}],"curies":[{"name":"wp","href":"https:\/\/api.w.org\/{rel}","templated":true}]}}