{"id":2766,"date":"2017-09-11T16:32:47","date_gmt":"2017-09-11T14:32:47","guid":{"rendered":"http:\/\/www.sigmund-schuckert-gymnasium.de\/wordpress\/?page_id=2766"},"modified":"2017-11-17T08:53:44","modified_gmt":"2017-11-17T07:53:44","slug":"schulseelsorge","status":"publish","type":"page","link":"https:\/\/www.sigmund-schuckert-gymnasium.de\/wordpress\/schulseelsorge\/","title":{"rendered":"Schulseelsorge"},"content":{"rendered":"<h3 style=\"text-align: center;\"><strong>\u201eEinfach mal dr\u00fcber reden!\u201c &#8211; Schulseelsorge<\/strong><\/h3>\n<p style=\"text-align: justify;\">Schulseelsorger: Pfarrer J\u00fcrgen Rogler<img loading=\"lazy\" decoding=\"async\" class=\"alignright wp-image-2905\" src=\"https:\/\/www.sigmund-schuckert-gymnasium.de\/wordpress\/wp-content\/uploads\/2017\/09\/St\u00fchle-Web.jpg\" alt=\"\" width=\"318\" height=\"254\" srcset=\"https:\/\/www.sigmund-schuckert-gymnasium.de\/wordpress\/wp-content\/uploads\/2017\/09\/St\u00fchle-Web.jpg 425w, https:\/\/www.sigmund-schuckert-gymnasium.de\/wordpress\/wp-content\/uploads\/2017\/09\/St\u00fchle-Web-300x239.jpg 300w, https:\/\/www.sigmund-schuckert-gymnasium.de\/wordpress\/wp-content\/uploads\/2017\/09\/St\u00fchle-Web-332x265.jpg 332w\" sizes=\"auto, (max-width: 318px) 100vw, 318px\" \/><br \/>\nNeu in diesem Schuljahr ist die Einrichtung der Schulseelsorge am SSG. Sie stellt eine Erg\u00e4nzung der bereits bestehenden Beratungsangebote am SSG dar. Als Schulseelsorger wirke ich im Kriseninterventionsteam und in den Teams zur Durchf\u00fchrung der Schulgottesdienste mit.<br \/>\nDie Schulseelsorge er\u00f6ffnet die M\u00f6glichkeit zu vertraulichen Gespr\u00e4chen in einem gesch\u00fctzten Rahmen. Diese Gespr\u00e4che unterliegen der Vertraulichkeit und der seelsorgerlichen Schweigepflicht.<br \/>\nZur Sprache kommen k\u00f6nnen:<\/p>\n<p style=\"text-align: justify; padding-left: 30px;\">\u2022 pers\u00f6nliche Fragen<br \/>\n\u2022 famili\u00e4re oder h\u00e4usliche Probleme<br \/>\n\u2022 Konflikte mit Mitsch\u00fclern oder anderen Personen<br \/>\n\u2022 Sorgen aufgrund der Schul- oder Lebenssituation<br \/>\n\u2022 Sinn- und Glaubensfragen<br \/>\n\u2022 Umgang mit Krankheit, Trauer und Tod<br \/>\n\u2022 akute Krisensituationen<\/p>\n<p style=\"text-align: justify;\">Die Gespr\u00e4che werden an den Bed\u00fcrfnissen des jeweiligen Gegen\u00fcbers ausgerichtet, sie zielen auf die St\u00e4rkung der Selbstwirksamkeit und Ressourcen der jeweils Ratsuchenden und auf gemeinsamer Erarbeitung von Schritten, die die Situation m\u00f6glichst rasch verbessern oder bestenfalls das Problem l\u00f6sen.<br \/>\nDie Gespr\u00e4chsangebote sollen niederschwellig sein, das bedeutet, ich bin in der Pause, auf dem Korridor, an der Lehrerzimmert\u00fcr oder \u00fcber die Mailadresse kurzfristig ansprechbar. Dann vereinbare ich eine Gespr\u00e4chsm\u00f6glichkeit mit ausreichend Zeit und im gesch\u00fctzten Rahmen.<img loading=\"lazy\" decoding=\"async\" class=\"alignright size-full wp-image-2908\" src=\"https:\/\/www.sigmund-schuckert-gymnasium.de\/wordpress\/wp-content\/uploads\/2017\/09\/J_Rogler_Web.jpg\" alt=\"\" width=\"141\" height=\"187\" \/><br \/>\nSo bin ich erreichbar:<br \/>\n<strong>Ab Jan. 2018: Meine w\u00f6chentliche Sprechstunde: am Do 13:15 bis 14:00 &#8211; Raum 88 (im Kunsttrakt)<\/strong><br \/>\nMailadresse: <a href=\"mailto:schulseelsorge@sigmund-schuckert-gymnasium.de\">schulseelsorge@sigmund-schuckert-gymnasium.de<\/a><\/p>\n","protected":false},"excerpt":{"rendered":"<p>\u201eEinfach mal dr\u00fcber reden!\u201c &#8211; Schulseelsorge Schulseelsorger: Pfarrer J\u00fcrgen Rogler Neu in diesem Schuljahr ist<\/p>\n","protected":false},"author":1,"featured_media":0,"parent":0,"menu_order":0,"comment_status":"closed","ping_status":"closed","template":"","meta":{"cybocfi_hide_featured_image":"","footnotes":""},"class_list":["post-2766","page","type-page","status-publish","hentry"],"_links":{"self":[{"href":"https:\/\/www.sigmund-schuckert-gymnasium.de\/wordpress\/wp-json\/wp\/v2\/pages\/2766","targetHints":{"allow":["GET"]}}],"collection":[{"href":"https:\/\/www.sigmund-schuckert-gymnasium.de\/wordpress\/wp-json\/wp\/v2\/pages"}],"about":[{"href":"https:\/\/www.sigmund-schuckert-gymnasium.de\/wordpress\/wp-json\/wp\/v2\/types\/page"}],"author":[{"embeddable":true,"href":"https:\/\/www.sigmund-schuckert-gymnasium.de\/wordpress\/wp-json\/wp\/v2\/users\/1"}],"replies":[{"embeddable":true,"href":"https:\/\/www.sigmund-schuckert-gymnasium.de\/wordpress\/wp-json\/wp\/v2\/comments?post=2766"}],"version-history":[{"count":5,"href":"https:\/\/www.sigmund-schuckert-gymnasium.de\/wordpress\/wp-json\/wp\/v2\/pages\/2766\/revisions"}],"predecessor-version":[{"id":2911,"href":"https:\/\/www.sigmund-schuckert-gymnasium.de\/wordpress\/wp-json\/wp\/v2\/pages\/2766\/revisions\/2911"}],"wp:attachment":[{"href":"https:\/\/www.sigmund-schuckert-gymnasium.de\/wordpress\/wp-json\/wp\/v2\/media?parent=2766"}],"curies":[{"name":"wp","href":"https:\/\/api.w.org\/{rel}","templated":true}]}}