{"id":270,"date":"2015-07-08T13:49:19","date_gmt":"2015-07-08T11:49:19","guid":{"rendered":"http:\/\/www.sigmund-schuckert-gymnasium.de\/wordpress\/?page_id=270"},"modified":"2015-07-08T13:49:40","modified_gmt":"2015-07-08T11:49:40","slug":"geographie-2","status":"publish","type":"page","link":"https:\/\/www.sigmund-schuckert-gymnasium.de\/wordpress\/unterricht\/faecher\/geographie-2\/","title":{"rendered":"Geographie"},"content":{"rendered":"<div id=\"content\">\n<h3>Alexander von Humboldt [1769-1859] &#8211; einer der Begr\u00fcnder der Geographie: &#8222;Wissen und Erkennen sind die Freude und die Berechtigung der Menschheit&#8220;<\/h3>\n<p>Zitiert aus v. Humboldts Werk Kosmos. Entwurf einer physischen Weltbeschreibung. Stuttgart 1845, Bd. 1, S. 36.<br \/>\nDie Schulgeographie versucht diese v. Humboldtsche Feststellung zeitgem\u00e4\u00df umzusetzen. Auf der Grundlage von unverzichtbaren topographischen Kenntnissen (vereinfacht: &#8222;Stadt-Land-Fluss-Wissen&#8220;) werden im Unterricht aktuelle r\u00e4umliche Strukturen und Prozesse auf der Erde behandelt, die &#8211; neben vielen anderen Problemstellungen &#8211; auch weltpolitisch bedeutsame Themenkomplexe wie Klimawandel, Nachhaltigkeit in wirtschaftlichen, sozialen und \u00f6kologischen Fragen, Globalisierung, Bev\u00f6lkerungsentwicklung, Rohstoff- und Nahrungsmittelm\u00e4rkte (&#8230;) beinhalten. Dabei ist die Geographie mit gleicherma\u00dfen natur- und gesellschaftswissenschaftlicher Ausrichtung im Kanon der Unterrichtsf\u00e4cher bestens f\u00fcr f\u00e4cher\u00fcbergreifende Projekte geeignet (vgl. folgende \u00dcbersicht).<\/p>\n<div align=\"center\"><img decoding=\"async\" src=\"https:\/\/www.sigmund-schuckert-gymnasium.de\/images\/geo.png\" alt=\"\" border=\"0\" \/><\/div>\n<p>Eine unverzichtbare Grundlage der Geographie bilden <strong>Arbeitsmethoden und -techniken<\/strong> wie die Auswertung und Interpretation von Texten, Tabellen, Diagrammen oder topographischen, physischen und thematischen Karten, bei\u00adspiels\u00adweise von der Erdoberfl\u00e4che:<\/p>\n<p>Die <strong>Regionale Geographie<\/strong> oder <strong>L\u00e4nderkunde<\/strong> befasst sich mit deren Teilr\u00e4umen unter\u00adschied\u00adlicher Gr\u00f6\u00dfe wie Regionen (z.B. Franken, Alpenvorland), L\u00e4ndern (z.B. Gro\u00df\u00adbritan\u00adnien, Frankreich) oder Kulturerdteilen (z.B. Lateinamerika, S\u00fcdostasien), gliedert also die Erd\u00adober\u00adfl\u00e4che horizontal.<\/p>\n<p>Vertikal, also von unten nach oben gegliedert, d. h. vom Erdinnern bis in die Erdatmosph\u00e4re zeigen sich die einzelnen F\u00e4cher der <strong>Thematischen<\/strong> oder <strong>Allgemeinen Geographie<\/strong>, die einer\u00adseits die <strong>Geographie der Natur<\/strong> (&#8222;<em>Physische Geographie&#8220;<\/em>) mit naturwissenschaftlichen Fragestellungen, zum anderen die <strong>Geographie des Menschen<\/strong> &#8222;<em>Anthropo-, Human- oder Kulturgeographie&#8220;<\/em>) mit gesell\u00adschafts\u00adwissen\u00adschaftlichen Fragestellungen beinhalten.<\/p>\n<p>Beachtliche Berufschancen ergeben sich in den Bereichen der <strong>Angewandten Geographie<\/strong>, z. B. bei Umwelt- und Planungsbeh\u00f6rden, Beratungsunternehmen, Handels- und Verkehrsunter\u00adnehmen, Zei\u00adtungs- und Buchverlagen, Radio und Fernsehen, Tourismusmanagement, Klima\u00adforschung?<\/p>\n<p>Die <strong>Geographielehrpl\u00e4ne<\/strong> beinhalten f\u00fcr die einzelnen Jahrgangsstufen eine ausgewogene Mischung aus den oben genannten Aufgabenfeldern. Alle Lehrpl\u00e4ne sind im Internet unter\u00a0 <a href=\"http:\/\/www.isb.bayern.de\/\" target=\"blank\">www.isb.bayern.de<\/a> abrufbar.<\/p>\n<p>Viel Freude an der Geographie w\u00fcnschen die Mitglieder der Geographiefachschaft am SSG:<\/p>\n<p>Dr. Johannes Bauer, Franz Fricke, Angelika Herbst, Richarda Kinzel, Sonja Rother, Dr. J\u00f6rg Witt, Johannes Knoch und Andrea B\u00f6h<\/p>\n<\/div>\n","protected":false},"excerpt":{"rendered":"<p>Alexander von Humboldt [1769-1859] &#8211; einer der Begr\u00fcnder der Geographie: &#8222;Wissen und Erkennen sind die<\/p>\n","protected":false},"author":1,"featured_media":0,"parent":148,"menu_order":0,"comment_status":"closed","ping_status":"closed","template":"","meta":{"cybocfi_hide_featured_image":"","footnotes":""},"class_list":["post-270","page","type-page","status-publish","hentry"],"_links":{"self":[{"href":"https:\/\/www.sigmund-schuckert-gymnasium.de\/wordpress\/wp-json\/wp\/v2\/pages\/270","targetHints":{"allow":["GET"]}}],"collection":[{"href":"https:\/\/www.sigmund-schuckert-gymnasium.de\/wordpress\/wp-json\/wp\/v2\/pages"}],"about":[{"href":"https:\/\/www.sigmund-schuckert-gymnasium.de\/wordpress\/wp-json\/wp\/v2\/types\/page"}],"author":[{"embeddable":true,"href":"https:\/\/www.sigmund-schuckert-gymnasium.de\/wordpress\/wp-json\/wp\/v2\/users\/1"}],"replies":[{"embeddable":true,"href":"https:\/\/www.sigmund-schuckert-gymnasium.de\/wordpress\/wp-json\/wp\/v2\/comments?post=270"}],"version-history":[{"count":1,"href":"https:\/\/www.sigmund-schuckert-gymnasium.de\/wordpress\/wp-json\/wp\/v2\/pages\/270\/revisions"}],"predecessor-version":[{"id":272,"href":"https:\/\/www.sigmund-schuckert-gymnasium.de\/wordpress\/wp-json\/wp\/v2\/pages\/270\/revisions\/272"}],"up":[{"embeddable":true,"href":"https:\/\/www.sigmund-schuckert-gymnasium.de\/wordpress\/wp-json\/wp\/v2\/pages\/148"}],"wp:attachment":[{"href":"https:\/\/www.sigmund-schuckert-gymnasium.de\/wordpress\/wp-json\/wp\/v2\/media?parent=270"}],"curies":[{"name":"wp","href":"https:\/\/api.w.org\/{rel}","templated":true}]}}