{"id":269,"date":"2015-07-08T13:49:38","date_gmt":"2015-07-08T11:49:38","guid":{"rendered":"http:\/\/www.sigmund-schuckert-gymnasium.de\/wordpress\/?page_id=269"},"modified":"2025-09-30T12:56:38","modified_gmt":"2025-09-30T10:56:38","slug":"beratungslehrerin","status":"publish","type":"page","link":"https:\/\/www.sigmund-schuckert-gymnasium.de\/wordpress\/beratungslehrerin\/","title":{"rendered":"Beratungslehrerin"},"content":{"rendered":"<p><span style=\"font-size: 12pt;\"><strong><u>Beratungslehrerin und Ansprechpartnerin f\u00fcr besondere Begabungen Frau Schmidkunz<\/u><\/strong><\/span><\/p>\n<p><span style=\"font-size: 12pt;\"><strong><em>Sehr geehrte Eltern und Erziehungsberechtigte!<\/em><\/strong><\/span><\/p>\n<p><span style=\"font-size: 12pt;\"><strong>Meine Beratungst\u00e4tigkeit bezieht sich auf folgende Schwerpunkte:<\/strong><\/span><\/p>\n<ul>\n<li><span style=\"font-size: 12pt;\"><strong>\u00a0<\/strong><\/span><span style=\"font-size: 12pt;\">Ist ein <strong>Schulartwechsel <\/strong>angebracht?\u00a0 (Realschule, Wirtschaftsschule, Mittelschule, Fachoberschule mit FOS 13)<\/span><\/li>\n<li><span style=\"font-size: 12pt;\">Ist <strong>freiwilliger R\u00fccktritt<\/strong> oder die <strong>Wiederholung <\/strong>eines Schuljahres sinnvoll?<\/span><\/li>\n<li><span style=\"font-size: 12pt;\">Wann ist <strong>Nachhilfe<\/strong> oder eine Externenpr\u00fcfung (z.B. <strong>Quali<\/strong>) empfehlenswert?<\/span><\/li>\n<li><span style=\"font-size: 12pt;\">Wie k\u00f6nnen Sch\u00fcler und Sch\u00fclerinnen durch <strong>Stipendien<\/strong> finanziell unterst\u00fctzt werden?<\/span><\/li>\n<li><span style=\"font-size: 12pt;\">Welche M\u00f6glichkeiten gibt es, <strong>Hochbegabte<\/strong> zu f\u00f6rdern?\u00a0 (z.B. Fr\u00fchstudium, Hochbegabten Modell Mittelfranken f\u00fcr Sch\u00fcler und Sch\u00fclerinnen ab der 9. Jahrgangsstufe)<\/span><\/li>\n<\/ul>\n<p>Ich bitte Sie, fr\u00fchzeitig in die Sprechstunde zu kommen, da bei einem Schulartwechsel h\u00e4ufig <strong>Anmeldefristen<\/strong> eingehalten werden m\u00fcssen. An einigen Schularten ist eine Anmeldung im <strong>M\u00e4rz 2025<\/strong> f\u00fcr das neue Schuljahr erforderlich. Eine Orientierungsm\u00f6glichkeit \u00fcber Wege im Schulsystem bietet diese Internetadresse: <a href=\"http:\/\/www.meinbildungsweg.de\/\">www.meinbildungsweg.de<\/a><\/p>\n<p><span style=\"text-decoration: underline; font-size: 12pt;\"><strong>So bin ich zu erreichen:<\/strong><\/span><\/p>\n<p><span style=\"font-size: 12pt;\"><strong>Sprechstunde in Zimmer 38<\/strong> (vor dem Lehrerzimmer):<\/span><\/p>\n<ul>\n<li><span style=\"font-size: 12pt;\"><strong>Freitag <\/strong><strong>von 8.45 Uhr-9.30 Uhr und nach Vereinbarung<\/strong><\/span><\/li>\n<li><span style=\"font-size: 12pt;\"><strong>Freitag, 1. Pause <\/strong><strong>(f\u00fcr Sch\u00fcler und Sch\u00fclerinnen)\u00a0 <\/strong><\/span><\/li>\n<\/ul>\n<p><span style=\"font-size: 12pt;\">Terminvergabe per E-Mail: schulberatung@sigmund-schuckert-gymnasium.de oder \u00fcber das <\/span><span style=\"font-size: 12pt;\">Kontaktformular auf der Schulhomepage oder \u00fcber das Sekretariat (Tel. 23168040)<\/span><\/p>\n<p><span style=\"font-size: 12pt;\"><strong>Besonders hinweisen m\u00f6chte ich auf Folgendes<\/strong><strong>:<\/strong><\/span><\/p>\n<p><span style=\"font-size: 12pt;\">Wenn Ihr Kind in einem Bereich <strong>besonders begabt <\/strong>ist, m\u00f6chte ich Sie bitten, dies mir oder der Klassenleitung einmalig mitzuteilen (z.B. Teilnahme an IQ-Test, musikalischen oder k\u00fcnstlerischen Wettbewerben).<\/span><\/p>\n<p><span style=\"font-size: 12pt;\">F\u00fcr Sch\u00fcler und Sch\u00fclerinnen ab der 9. Jahrgangsstufe bietet die Arbeitsagentur Informationen zur Studienwahl und beruflichen Orientierung.\u00a0 Frau Anette Hanf und Frau Katja Haas, die zust\u00e4ndigen <strong>Berufs- und Studienberaterinnen<\/strong> f\u00fcr unsere Schule, sind regelm\u00e4\u00dfig von 8:30 -14 Uhr im Haus. Die Termine der Sprechstunden finden Sie im Kalender des SSG, Anmeldungen nimmt das Sekretariat an.<\/span><\/p>\n<p><span style=\"font-size: 12pt;\"><em>Ich freue mich darauf, Sie kennenzulernen.<\/em><\/span><\/p>\n<p><span style=\"font-size: 12pt;\"><em>\u00a0<\/em><em>Viele Gr\u00fc\u00dfe<\/em><\/span><\/p>\n<p><span style=\"font-size: 12pt;\"><em>Alice Schmidkunz, OStRin<\/em><\/span><\/p>\n","protected":false},"excerpt":{"rendered":"<p>Beratungslehrerin und Ansprechpartnerin f\u00fcr besondere Begabungen Frau Schmidkunz Sehr geehrte Eltern und Erziehungsberechtigte! Meine Beratungst\u00e4tigkeit<\/p>\n","protected":false},"author":1,"featured_media":0,"parent":0,"menu_order":0,"comment_status":"closed","ping_status":"closed","template":"","meta":{"cybocfi_hide_featured_image":"","footnotes":""},"class_list":["post-269","page","type-page","status-publish","hentry"],"_links":{"self":[{"href":"https:\/\/www.sigmund-schuckert-gymnasium.de\/wordpress\/wp-json\/wp\/v2\/pages\/269","targetHints":{"allow":["GET"]}}],"collection":[{"href":"https:\/\/www.sigmund-schuckert-gymnasium.de\/wordpress\/wp-json\/wp\/v2\/pages"}],"about":[{"href":"https:\/\/www.sigmund-schuckert-gymnasium.de\/wordpress\/wp-json\/wp\/v2\/types\/page"}],"author":[{"embeddable":true,"href":"https:\/\/www.sigmund-schuckert-gymnasium.de\/wordpress\/wp-json\/wp\/v2\/users\/1"}],"replies":[{"embeddable":true,"href":"https:\/\/www.sigmund-schuckert-gymnasium.de\/wordpress\/wp-json\/wp\/v2\/comments?post=269"}],"version-history":[{"count":39,"href":"https:\/\/www.sigmund-schuckert-gymnasium.de\/wordpress\/wp-json\/wp\/v2\/pages\/269\/revisions"}],"predecessor-version":[{"id":8459,"href":"https:\/\/www.sigmund-schuckert-gymnasium.de\/wordpress\/wp-json\/wp\/v2\/pages\/269\/revisions\/8459"}],"wp:attachment":[{"href":"https:\/\/www.sigmund-schuckert-gymnasium.de\/wordpress\/wp-json\/wp\/v2\/media?parent=269"}],"curies":[{"name":"wp","href":"https:\/\/api.w.org\/{rel}","templated":true}]}}