{"id":252,"date":"2015-07-01T13:43:15","date_gmt":"2015-07-01T11:43:15","guid":{"rendered":"http:\/\/www.sigmund-schuckert-gymnasium.de\/wordpress\/?page_id=252"},"modified":"2016-01-26T14:38:19","modified_gmt":"2016-01-26T13:38:19","slug":"unesco-projekt","status":"publish","type":"page","link":"https:\/\/www.sigmund-schuckert-gymnasium.de\/wordpress\/unesco-projekt\/","title":{"rendered":"Unesco-Projekt"},"content":{"rendered":"<div class=\"item-page\">\n<h2 class=\"contentheading\">UNESCO Projektschulen<\/h2>\n<div id=\"content\">\n<h3><a href=\"http:\/\/www.ups-schulen.de\/index.php\"><img decoding=\"async\" src=\"http:\/\/www.ups-schulen.de\/image\/logo_ups.gif\" alt=\"\" border=\"0\" \/><\/a><\/h3>\n<h3><a name=\"def\"><\/a>Was sind UNESCO-Projektschulen?<\/h3>\n<h4>Lernen f\u00fcr das Leben in der Weltgesellschaft &#8211; in einem weltweiten Netzwerk<\/h4>\n<p>UNESCO-Projektschulen geh\u00f6ren zum internationalen Schulnetzwerk der UNESCO mit circa 9000 Schulen in fast allen 191 Mitgliedstaaten der UNESCO. In Deutschland gibt es, \u00fcber die gesamte Bundesrepublik verteilt, 198 UNESCO-Projektschulen.<\/p>\n<p>Es sind ganz &#8222;normale&#8220; Schulen mit einem kleinen, aber feinen Unterschied: Auf dem Stundenplan stehen die Menschenrechte, interkulturelles Lernen und der gerechte Ausgleich zwischen Arm und Reich in der Einen Welt. Ob Grundschule oder Gymnasium, berufsbildende Schule, staatliche Regelschule oder Privatschule &#8211; jeder Schultyp des deutschen Bildungssystems ist vertreten.<\/p>\n<h3><a name=\"ziele\"><\/a>Ziele und Schwerpunkte<\/h3>\n<p>Zusammenleben lernen in einer pluralistischen Welt in kultureller Vielfalt, so lautet das \u00fcbergeordnete Bildungsziel der UNESCO-Projektschulen. Damit wollen sie einen Beitrag zu einer Kultur des Friedens leisten. Schwerpunkte der Arbeit sind<\/p>\n<ul>\n<li>Menschenrechtsbildung<\/li>\n<li>Demokratie- und Friedenserziehung<\/li>\n<li>Interkulturelles Lernen<\/li>\n<li>Globales Lernen<\/li>\n<li>Umweltbildung<\/li>\n<li>Bildung f\u00fcr nachhaltige Entwicklung<\/li>\n<\/ul>\n<h3><a name=\"lernen\"><\/a>Lernkonzepte<\/h3>\n<p>Die UNESCO-Projektschulen<\/p>\n<ul>\n<li>integrieren die UNESCO-Schwerpunkte in den allt\u00e4glichen Unterricht<\/li>\n<li>setzen auf einen Lernen, das f\u00e4cher\u00fcbergreifend organisiert und projektorientiert ist<\/li>\n<li>beziehen das Schulnetzwerk der UNESCO, neue Medien, au\u00dferschulische Lernorte und Partner in den Lernprozess ein<\/li>\n<li>erm\u00f6glichen das Erlernen demokratischer Handlungskompetenz<\/li>\n<li>entwickeln problemorientierte Handlungsstrategien und setzen sie in gesellschaftlichen Initiativen und internationalen Hilfsprojekten um; Beispiele sind die Hilfe beim Bau von Schulen in Entwicklungsl\u00e4ndern oder die Unterst\u00fctzung nach der Tsunami-Katastrophe<\/li>\n<\/ul>\n<h3><a name=\"handeln\"><\/a>Handlungskonzepte<\/h3>\n<p>Die UNESCO-Projektschulen<\/p>\n<ul>\n<li>entwickeln ein Schulprogramm<\/li>\n<li>beziehen Sch\u00fclerinnen und Sch\u00fcler, Lehrkr\u00e4fte, Eltern und Ausbildungsbetriebe in die Entwicklung, Durchf\u00fchrung und Evaluation der UNESCO-Arbeit ein<\/li>\n<li>bilden ein aktives Netzwerk, jede UNESCO-Projektschulen unterh\u00e4lt Kontakte zu anderen Schulen und bringt sich mit eigenen Aktionen, Projekten und Partnerschaften in das UNESCO-Schulnetzwerk ein<\/li>\n<li>geben erprobte Unterrichtskonzepte an Schulen innerhalb und au\u00dferhalb des Netzwerks weiter<\/li>\n<li>verbreiten die UNESCO-Ideen in ihrem lokalen Umfeld<\/li>\n<\/ul>\n<h3><a name=\"netz\"><\/a>Das Netzwerk bietet<\/h3>\n<p>&nbsp;<\/p>\n<ul>\n<li>Information, Kommunikation und Erfahrungsaustausch durch die Zeitschrift &#8222;forum&#8220;, die Homepage, Mailinglisten und Tagungen<\/li>\n<li>Anregungen und Materialien f\u00fcr die schulische Arbeit<\/li>\n<li>Unterst\u00fctzung durch Koordinatorinnen und Koordinatoren auf der Schul-, Landes- und Bundesebene sowie durch die Kultusministerien<\/li>\n<li>Zusammenarbeit von unterschiedlichen Schularten<\/li>\n<li>eine Plattform f\u00fcr gemeinsame Aktionen und internationale Projekttage<\/li>\n<li>Beteiligung an internationalen Seminaren, Jugendcamps und Austauschprogrammen<\/li>\n<\/ul>\n<h3><a name=\"unesco\"><\/a>Die UNESCO<\/h3>\n<p>UNESCO steht f\u00fcr United Nations Educational, Scientific and Cultural Organization &#8211; Organisation der Vereinten Nationen f\u00fcr Bildung, Wissenschaft, Kultur und Kommunikation. Die UNESCO hat 191 Mitgliedstaaten. Sie ist eine rechtlich eigenst\u00e4ndige Sonderorganisation der Vereinten Nationen und hat ihren Sitz in Paris.<br \/>\nZiel der UNESCO ist es, durch F\u00f6rderung der internationalen Zusammenarbeit in Bildung, Wissenschaft, Kultur und Kommunikation zur Erhaltung des Friedens und der Sicherheit beizutragen und die Achtung vor den Menschenrechten und Grundfreiheiten zu st\u00e4rken.<br \/>\n<a title=\"Unesco\" href=\"http:\/\/unesco.de\/home.html\">Unesco<\/a><br \/>\n<a title=\"Unesco Bayern\" href=\"http:\/\/www.ups-bayern.de\/\">Unesco Bayern<\/a><\/p>\n<h3><a name=\"d-unesco\"><\/a>Deutsche UNESCO-Kommission<\/h3>\n<p>Die Deutsche UNESCO-Kommisision e.V. ber\u00e4t die Bundesregierung, die L\u00e4nder und andere zust\u00e4ndige Stellen in allen UNESCO-Angelegenheiten. Sie arbeitet an der Ausf\u00fchrung des Programms der UNESCO in Deutschland mit, f\u00f6rdert das Interesse f\u00fcr internationale Zusammenarbeit in Deutschland und regt Organisationen und Institutionen zur Mitarbeit an. Sie wirkt auf die \u00f6ffentliche Meinung, die Gesetzgebung und den Bildungsbereich im Sinne der UNESCO ein. Als Mittlerorganisation der Ausw\u00e4rtigen Kultur- und Bildungspolitik wird die Deutsche UNESCO-Kommission vom Ausw\u00e4rtigen Amt institutionell gef\u00f6rdert.<\/p>\n<p><strong>Homepage der UNESCO-Projektschulen<\/strong><br \/>\n<a href=\"http:\/\/www.ups-schulen.de\/index.php\">http:\/\/www.ups-schulen.de\/index.php<\/a><\/p>\n<\/div>\n<\/div>\n","protected":false},"excerpt":{"rendered":"<p>UNESCO Projektschulen Was sind UNESCO-Projektschulen? Lernen f\u00fcr das Leben in der Weltgesellschaft &#8211; in einem<\/p>\n","protected":false},"author":1,"featured_media":0,"parent":0,"menu_order":0,"comment_status":"closed","ping_status":"closed","template":"","meta":{"cybocfi_hide_featured_image":"","footnotes":""},"class_list":["post-252","page","type-page","status-publish","hentry"],"_links":{"self":[{"href":"https:\/\/www.sigmund-schuckert-gymnasium.de\/wordpress\/wp-json\/wp\/v2\/pages\/252","targetHints":{"allow":["GET"]}}],"collection":[{"href":"https:\/\/www.sigmund-schuckert-gymnasium.de\/wordpress\/wp-json\/wp\/v2\/pages"}],"about":[{"href":"https:\/\/www.sigmund-schuckert-gymnasium.de\/wordpress\/wp-json\/wp\/v2\/types\/page"}],"author":[{"embeddable":true,"href":"https:\/\/www.sigmund-schuckert-gymnasium.de\/wordpress\/wp-json\/wp\/v2\/users\/1"}],"replies":[{"embeddable":true,"href":"https:\/\/www.sigmund-schuckert-gymnasium.de\/wordpress\/wp-json\/wp\/v2\/comments?post=252"}],"version-history":[{"count":2,"href":"https:\/\/www.sigmund-schuckert-gymnasium.de\/wordpress\/wp-json\/wp\/v2\/pages\/252\/revisions"}],"predecessor-version":[{"id":836,"href":"https:\/\/www.sigmund-schuckert-gymnasium.de\/wordpress\/wp-json\/wp\/v2\/pages\/252\/revisions\/836"}],"wp:attachment":[{"href":"https:\/\/www.sigmund-schuckert-gymnasium.de\/wordpress\/wp-json\/wp\/v2\/media?parent=252"}],"curies":[{"name":"wp","href":"https:\/\/api.w.org\/{rel}","templated":true}]}}